{"id":6067,"date":"2024-11-23T01:46:50","date_gmt":"2024-11-23T01:46:50","guid":{"rendered":"https:\/\/k-beautyci.com\/?post_type=product&#038;p=6067"},"modified":"2025-01-03T20:27:00","modified_gmt":"2025-01-03T20:27:00","slug":"the-ordinary-saccharomyces-ferment-30-milky-toner","status":"publish","type":"product","link":"https:\/\/k-beautyci.com\/fr\/produit\/the-ordinary-saccharomyces-ferment-30-milky-toner\/","title":{"rendered":"The Ordinary Saccharomyces Ferment 30% Milky Toner"},"content":{"rendered":"<div class=\"usage-flyout-text\">\n<p class=\"title\">Comment l'utiliser :<\/p>\n<\/div>\n<div class=\"asset-image-container\">Appliquer matin et soir. Appliquer sur le visage et le cou \u00e0 l'aide d'un coton ou des \ufb01ngers. Ne pas rincer.<\/div>\n<div><\/div>\n<div>Avertissement : Pour usage externe uniquement. Toujours effectuer un test \u00e9picutan\u00e9. Cessez d'utiliser le produit si vous ressentez une quelconque g\u00eane. Suivre les instructions suppl\u00e9mentaires figurant sur l'emballage. Les r\u00e9sultats individuels peuvent varier.<\/div>","protected":false},"excerpt":{"rendered":"<p>Un tonique exfoliant doux qui favorise une peau plus lisse et plus lumineuse tout en stimulant l'hydratation. Le tonique lact\u00e9 Saccharomyces Ferment 30% procure \u00e9galement une hydratation durable tout au long de la journ\u00e9e et renforce la barri\u00e8re cutan\u00e9e au bout de 8 heures* apr\u00e8s une application.<\/p>","protected":false},"featured_media":6070,"comment_status":"open","ping_status":"closed","template":"","meta":{"om_disable_all_campaigns":false},"product_brand":[],"product_cat":[39,221],"product_tag":[],"class_list":{"0":"post-6067","1":"product","2":"type-product","3":"status-publish","4":"has-post-thumbnail","6":"product_cat-face-toners","7":"product_cat-the-ordinary","9":"first","10":"instock","11":"shipping-taxable","12":"purchasable","13":"product-type-simple"},"aioseo_notices":[],"jetpack_sharing_enabled":true,"_links":{"self":[{"href":"https:\/\/k-beautyci.com\/fr\/wp-json\/wp\/v2\/product\/6067","targetHints":{"allow":["GET"]}}],"collection":[{"href":"https:\/\/k-beautyci.com\/fr\/wp-json\/wp\/v2\/product"}],"about":[{"href":"https:\/\/k-beautyci.com\/fr\/wp-json\/wp\/v2\/types\/product"}],"replies":[{"embeddable":true,"href":"https:\/\/k-beautyci.com\/fr\/wp-json\/wp\/v2\/comments?post=6067"}],"wp:featuredmedia":[{"embeddable":true,"href":"https:\/\/k-beautyci.com\/fr\/wp-json\/wp\/v2\/media\/6070"}],"wp:attachment":[{"href":"https:\/\/k-beautyci.com\/fr\/wp-json\/wp\/v2\/media?parent=6067"}],"wp:term":[{"taxonomy":"product_brand","embeddable":true,"href":"https:\/\/k-beautyci.com\/fr\/wp-json\/wp\/v2\/product_brand?post=6067"},{"taxonomy":"product_cat","embeddable":true,"href":"https:\/\/k-beautyci.com\/fr\/wp-json\/wp\/v2\/product_cat?post=6067"},{"taxonomy":"product_tag","embeddable":true,"href":"https:\/\/k-beautyci.com\/fr\/wp-json\/wp\/v2\/product_tag?post=6067"}],"curies":[{"name":"wp","href":"https:\/\/api.w.org\/{rel}","templated":true}]}}