{"id":6061,"date":"2024-11-23T01:39:58","date_gmt":"2024-11-23T01:39:58","guid":{"rendered":"https:\/\/k-beautyci.com\/?post_type=product&#038;p=6061"},"modified":"2026-04-21T05:04:17","modified_gmt":"2026-04-21T05:04:17","slug":"the-ordinary-niacinamide-10-zinc-1","status":"publish","type":"product","link":"https:\/\/k-beautyci.com\/fr\/produit\/the-ordinary-niacinamide-10-zinc-1\/","title":{"rendered":"The Ordinary Niacinamide 10% + Zinc 1%"},"content":{"rendered":"<p>Comment l'utiliser :<\/p>\n<p>Appliquer quelques gouttes sur le visage matin et soir.<\/p>\n<p>Avertissement : Pour usage externe uniquement. Toujours effectuer un test \u00e9picutan\u00e9. Cessez d'utiliser le produit si vous ressentez une quelconque g\u00eane. Suivre les instructions suppl\u00e9mentaires figurant sur l'emballage. Les r\u00e9sultats individuels peuvent varier.<\/p>","protected":false},"excerpt":{"rendered":"<p>Un s\u00e9rum universel pour les peaux sujettes aux imperfections, qui lisse, \u00e9claircit et soutient la peau. Le s\u00e9rum Niacinamide 10 % + Zinc 1 % est une formule \u00e0 base d'eau qui apporte de multiples bienfaits \u00e0 la niacinamide pour am\u00e9liorer l'\u00e9clat et la texture de la peau et renforcer la barri\u00e8re d'hydratation de la peau. Ce s\u00e9rum \u00e0 la niacinamide (vitamine B3) contient une forte concentration (10 %) ainsi que du Zinc PCA pour cibler l'aspect terne, la texture irr\u00e9guli\u00e8re et l'exc\u00e8s de s\u00e9bum. Le Niacinamide 10% + Zinc 1% aide \u00e9galement \u00e0 r\u00e9duire l'apparence des pores et augmente instantan\u00e9ment l'\u00e9clat de la peau.<\/p>","protected":false},"featured_media":6065,"comment_status":"open","ping_status":"closed","template":"","meta":{"om_disable_all_campaigns":false},"product_brand":[],"product_cat":[52,31,74,41,221],"product_tag":[],"class_list":{"0":"post-6061","1":"product","2":"type-product","3":"status-publish","4":"has-post-thumbnail","6":"product_cat-dark-spots","7":"product_cat-face-serums","8":"product_cat-niacinamide","9":"product_cat-oily-skin","10":"product_cat-the-ordinary","12":"first","13":"instock","14":"shipping-taxable","15":"purchasable","16":"product-type-simple"},"aioseo_notices":[],"jetpack_sharing_enabled":true,"_links":{"self":[{"href":"https:\/\/k-beautyci.com\/fr\/wp-json\/wp\/v2\/product\/6061","targetHints":{"allow":["GET"]}}],"collection":[{"href":"https:\/\/k-beautyci.com\/fr\/wp-json\/wp\/v2\/product"}],"about":[{"href":"https:\/\/k-beautyci.com\/fr\/wp-json\/wp\/v2\/types\/product"}],"replies":[{"embeddable":true,"href":"https:\/\/k-beautyci.com\/fr\/wp-json\/wp\/v2\/comments?post=6061"}],"wp:featuredmedia":[{"embeddable":true,"href":"https:\/\/k-beautyci.com\/fr\/wp-json\/wp\/v2\/media\/6065"}],"wp:attachment":[{"href":"https:\/\/k-beautyci.com\/fr\/wp-json\/wp\/v2\/media?parent=6061"}],"wp:term":[{"taxonomy":"product_brand","embeddable":true,"href":"https:\/\/k-beautyci.com\/fr\/wp-json\/wp\/v2\/product_brand?post=6061"},{"taxonomy":"product_cat","embeddable":true,"href":"https:\/\/k-beautyci.com\/fr\/wp-json\/wp\/v2\/product_cat?post=6061"},{"taxonomy":"product_tag","embeddable":true,"href":"https:\/\/k-beautyci.com\/fr\/wp-json\/wp\/v2\/product_tag?post=6061"}],"curies":[{"name":"wp","href":"https:\/\/api.w.org\/{rel}","templated":true}]}}