{"id":6057,"date":"2024-11-23T00:42:12","date_gmt":"2024-11-23T00:42:12","guid":{"rendered":"https:\/\/k-beautyci.com\/?post_type=product&#038;p=6057"},"modified":"2026-01-30T17:21:21","modified_gmt":"2026-01-30T17:21:21","slug":"purito-wonder-releaf-unscented-serum-60ml","status":"publish","type":"product","link":"https:\/\/k-beautyci.com\/fr\/produit\/purito-wonder-releaf-unscented-serum-60ml\/","title":{"rendered":"PURITO Wonder Releaf Unscented Serum"},"content":{"rendered":"<p>Comment l'utiliser :<\/p>\n<div class=\"description-item active\">\n<div class=\"body\">\n<p>Apr\u00e8s le tonique, pr\u00e9lever une quantit\u00e9 mod\u00e9r\u00e9e et masser la peau du bout des doigts. Pour une exp\u00e9rience apaisante ultime, nous recommandons de l'utiliser en m\u00eame temps que le Wonder Releaf Unscented Toner et le Wonder Releaf Unscented Cream.<\/p>\n<p>Avertissement : Pour usage externe uniquement. Toujours effectuer un test \u00e9picutan\u00e9. Cessez d'utiliser le produit si vous ressentez une quelconque g\u00eane. Suivre les instructions suppl\u00e9mentaires figurant sur l'emballage. Les r\u00e9sultats individuels peuvent varier.<\/p>\n<\/div>\n<\/div>\n<div class=\"description-item\">\n<h2 class=\"title\"><\/h2>\n<\/div>","protected":false},"excerpt":{"rendered":"<p>Anciennement le s\u00e9rum non parfum\u00e9 Centella, cette nouvelle version de la formule bien-aim\u00e9e de PURITO est infus\u00e9e d'extrait de cica pour apaiser les irritations, ainsi que d'allanto\u00efne et de peptides pour revitaliser la peau. La formule v\u00e9g\u00e9talienne convient \u00e0 tous les types de peau, y compris les peaux sensibles. Le produit, test\u00e9 cliniquement, est sans parfum. Ce s\u00e9rum non parfum\u00e9 hydrate et soulage les peaux sensibles \u00e0 chaque goutte, pour une peau \u00e9clatante et g\u00e9lifi\u00e9e.<\/p>","protected":false},"featured_media":6060,"comment_status":"open","ping_status":"closed","template":"","meta":{"om_disable_all_campaigns":false},"product_brand":[],"product_cat":[15],"product_tag":[],"class_list":{"0":"post-6057","1":"product","2":"type-product","3":"status-publish","4":"has-post-thumbnail","6":"product_cat-uncategorized","8":"first","9":"instock","10":"shipping-taxable","11":"purchasable","12":"product-type-variable"},"aioseo_notices":[],"jetpack_sharing_enabled":true,"_links":{"self":[{"href":"https:\/\/k-beautyci.com\/fr\/wp-json\/wp\/v2\/product\/6057","targetHints":{"allow":["GET"]}}],"collection":[{"href":"https:\/\/k-beautyci.com\/fr\/wp-json\/wp\/v2\/product"}],"about":[{"href":"https:\/\/k-beautyci.com\/fr\/wp-json\/wp\/v2\/types\/product"}],"replies":[{"embeddable":true,"href":"https:\/\/k-beautyci.com\/fr\/wp-json\/wp\/v2\/comments?post=6057"}],"wp:featuredmedia":[{"embeddable":true,"href":"https:\/\/k-beautyci.com\/fr\/wp-json\/wp\/v2\/media\/6060"}],"wp:attachment":[{"href":"https:\/\/k-beautyci.com\/fr\/wp-json\/wp\/v2\/media?parent=6057"}],"wp:term":[{"taxonomy":"product_brand","embeddable":true,"href":"https:\/\/k-beautyci.com\/fr\/wp-json\/wp\/v2\/product_brand?post=6057"},{"taxonomy":"product_cat","embeddable":true,"href":"https:\/\/k-beautyci.com\/fr\/wp-json\/wp\/v2\/product_cat?post=6057"},{"taxonomy":"product_tag","embeddable":true,"href":"https:\/\/k-beautyci.com\/fr\/wp-json\/wp\/v2\/product_tag?post=6057"}],"curies":[{"name":"wp","href":"https:\/\/api.w.org\/{rel}","templated":true}]}}