{"id":6024,"date":"2024-11-23T00:26:10","date_gmt":"2024-11-23T00:26:10","guid":{"rendered":"https:\/\/k-beautyci.com\/?post_type=product&#038;p=6024"},"modified":"2026-02-03T19:10:13","modified_gmt":"2026-02-03T19:10:13","slug":"skin-1004-madagascar-centella-tone-brightening-capsule-cream","status":"publish","type":"product","link":"https:\/\/k-beautyci.com\/fr\/produit\/skin-1004-madagascar-centella-tone-brightening-capsule-cream\/","title":{"rendered":"SKIN 1004 Madagascar Centella Tone Brightening Capsule Cream"},"content":{"rendered":"<p><b>Comment l'utiliser :<\/b><\/p>\n<p>Appliquer comme derni\u00e8re \u00e9tape de votre routine de soin.<\/p>\n<p>Avertissement : Pour usage externe uniquement. Toujours effectuer un test \u00e9picutan\u00e9. Cessez d'utiliser le produit si vous ressentez une quelconque g\u00eane. Suivre les instructions suppl\u00e9mentaires figurant sur l'emballage. Les r\u00e9sultats individuels peuvent varier.<\/p>\n<p><strong>Ingr\u00e9dients cl\u00e9s :<\/strong><br \/>\nCentella Asiatica Extract, Niacinamide, Tranexamic Acid, Madecassoside, Panthenol, Bisabolol<\/p>","protected":false},"excerpt":{"rendered":"<p>Cette cr\u00e8me contient des capsules infus\u00e9es avec l'ingr\u00e9dient brevet\u00e9 MadeWhite\u2122 (compos\u00e9 d'extrait de mad\u00e9cassoside et de niacinamide) pour revitaliser la peau terne et estomper les taches sombres tout en apportant des bienfaits apaisants. La cr\u00e8me est \u00e9galement enrichie de tr\u00e9halose, de beurre de karit\u00e9 et d'extrait de poire afin de fournir une hydratation suffisante pour une peau douce et rebondie.<\/p>","protected":false},"featured_media":6028,"comment_status":"open","ping_status":"closed","template":"","meta":{"om_disable_all_campaigns":false},"product_brand":[],"product_cat":[88,52,26,74,94],"product_tag":[],"class_list":{"0":"post-6024","1":"product","2":"type-product","3":"status-publish","4":"has-post-thumbnail","6":"product_cat-centella","7":"product_cat-dark-spots","8":"product_cat-face-moisturizer","9":"product_cat-niacinamide","10":"product_cat-skin-1004","12":"first","13":"instock","14":"shipping-taxable","15":"purchasable","16":"product-type-simple"},"aioseo_notices":[],"jetpack_sharing_enabled":true,"_links":{"self":[{"href":"https:\/\/k-beautyci.com\/fr\/wp-json\/wp\/v2\/product\/6024","targetHints":{"allow":["GET"]}}],"collection":[{"href":"https:\/\/k-beautyci.com\/fr\/wp-json\/wp\/v2\/product"}],"about":[{"href":"https:\/\/k-beautyci.com\/fr\/wp-json\/wp\/v2\/types\/product"}],"replies":[{"embeddable":true,"href":"https:\/\/k-beautyci.com\/fr\/wp-json\/wp\/v2\/comments?post=6024"}],"wp:featuredmedia":[{"embeddable":true,"href":"https:\/\/k-beautyci.com\/fr\/wp-json\/wp\/v2\/media\/6028"}],"wp:attachment":[{"href":"https:\/\/k-beautyci.com\/fr\/wp-json\/wp\/v2\/media?parent=6024"}],"wp:term":[{"taxonomy":"product_brand","embeddable":true,"href":"https:\/\/k-beautyci.com\/fr\/wp-json\/wp\/v2\/product_brand?post=6024"},{"taxonomy":"product_cat","embeddable":true,"href":"https:\/\/k-beautyci.com\/fr\/wp-json\/wp\/v2\/product_cat?post=6024"},{"taxonomy":"product_tag","embeddable":true,"href":"https:\/\/k-beautyci.com\/fr\/wp-json\/wp\/v2\/product_tag?post=6024"}],"curies":[{"name":"wp","href":"https:\/\/api.w.org\/{rel}","templated":true}]}}