{"id":6020,"date":"2024-11-19T23:53:32","date_gmt":"2024-11-19T23:53:32","guid":{"rendered":"https:\/\/k-beautyci.com\/?post_type=product&#038;p=6020"},"modified":"2025-01-30T12:30:50","modified_gmt":"2025-01-30T12:30:50","slug":"medicube-zero-pore-cooling-mask","status":"publish","type":"product","link":"https:\/\/k-beautyci.com\/fr\/produit\/medicube-zero-pore-cooling-mask\/","title":{"rendered":"medicube Zero Pore Cooling Mask"},"content":{"rendered":"<p><b>Comment l'utiliser :<\/b><br \/>\n1. Apr\u00e8s avoir nettoy\u00e9 le visage, ajuster la texture de la peau avec un tonique.<\/p>\n<p>2. Retirez la feuille de masque et placez-la sur votre visage, en \u00e9vitant le contour des yeux et des l\u00e8vres.<\/p>\n<p>3. Retirez la feuille apr\u00e8s 10-20 minutes et massez l'essence restante sur votre peau jusqu'\u00e0 ce qu'elle soit compl\u00e8tement absorb\u00e9e.<\/p>\n<p>Avertissement : Pour usage externe uniquement. Toujours effectuer un test \u00e9picutan\u00e9. Cessez d'utiliser le produit si vous ressentez une quelconque g\u00eane. Suivre les instructions suppl\u00e9mentaires figurant sur l'emballage. Les r\u00e9sultats individuels peuvent varier.<\/p>","protected":false},"excerpt":{"rendered":"<p>Ce masque en feuille est rempli de niacinamide et d'ad\u00e9nosine pour resserrer les pores, \u00e9claircir la peau et lutter contre l'acn\u00e9. En outre, l'extrait de racine de kudzu et l'extrait de racine d'ulmus, hautement hydratants, ainsi que cinq autres extraits de plantes, apportent un soin apaisant complet \u00e0 la peau.<\/p>","protected":false},"featured_media":6023,"comment_status":"open","ping_status":"closed","template":"","meta":{"om_disable_all_campaigns":false},"product_brand":[],"product_cat":[62,215],"product_tag":[],"class_list":{"0":"post-6020","1":"product","2":"type-product","3":"status-publish","4":"has-post-thumbnail","6":"product_cat-face-masks","7":"product_cat-medicube","9":"first","10":"outofstock","11":"shipping-taxable","12":"purchasable","13":"product-type-simple"},"aioseo_notices":[],"jetpack_sharing_enabled":true,"_links":{"self":[{"href":"https:\/\/k-beautyci.com\/fr\/wp-json\/wp\/v2\/product\/6020","targetHints":{"allow":["GET"]}}],"collection":[{"href":"https:\/\/k-beautyci.com\/fr\/wp-json\/wp\/v2\/product"}],"about":[{"href":"https:\/\/k-beautyci.com\/fr\/wp-json\/wp\/v2\/types\/product"}],"replies":[{"embeddable":true,"href":"https:\/\/k-beautyci.com\/fr\/wp-json\/wp\/v2\/comments?post=6020"}],"wp:featuredmedia":[{"embeddable":true,"href":"https:\/\/k-beautyci.com\/fr\/wp-json\/wp\/v2\/media\/6023"}],"wp:attachment":[{"href":"https:\/\/k-beautyci.com\/fr\/wp-json\/wp\/v2\/media?parent=6020"}],"wp:term":[{"taxonomy":"product_brand","embeddable":true,"href":"https:\/\/k-beautyci.com\/fr\/wp-json\/wp\/v2\/product_brand?post=6020"},{"taxonomy":"product_cat","embeddable":true,"href":"https:\/\/k-beautyci.com\/fr\/wp-json\/wp\/v2\/product_cat?post=6020"},{"taxonomy":"product_tag","embeddable":true,"href":"https:\/\/k-beautyci.com\/fr\/wp-json\/wp\/v2\/product_tag?post=6020"}],"curies":[{"name":"wp","href":"https:\/\/api.w.org\/{rel}","templated":true}]}}