{"id":6015,"date":"2024-11-19T23:43:20","date_gmt":"2024-11-19T23:43:20","guid":{"rendered":"https:\/\/k-beautyci.com\/?post_type=product&#038;p=6015"},"modified":"2025-10-10T03:10:09","modified_gmt":"2025-10-10T03:10:09","slug":"medicube-collagen-lifting-mask","status":"publish","type":"product","link":"https:\/\/k-beautyci.com\/fr\/produit\/medicube-collagen-lifting-mask\/","title":{"rendered":"medicube Collagen Lifting Mask"},"content":{"rendered":"<p><b>Comment l'utiliser :<\/b><br \/>\n1. Apr\u00e8s avoir nettoy\u00e9 le visage, placez le masque sur le visage.<\/p>\n<p>2. Laissez agir pendant au moins 10 minutes et retirez-le. Tapotez d\u00e9licatement le reste de l'essence sur le visage pour faciliter son absorption.<\/p>\n<p>Avertissement : Pour usage externe uniquement. Toujours effectuer un test \u00e9picutan\u00e9. Cessez d'utiliser le produit si vous ressentez une quelconque g\u00eane. Suivre les instructions suppl\u00e9mentaires figurant sur l'emballage. Les r\u00e9sultats individuels peuvent varier.<\/p>","protected":false},"excerpt":{"rendered":"<p>Ce masque en feuille anti-\u00e2ge est formul\u00e9 avec un triple complexe de collag\u00e8ne contenant du collag\u00e8ne hydrolys\u00e9, du collag\u00e8ne soluble et du collag\u00e8ne atelo pour r\u00e9hydrater la peau d\u00e9shydrat\u00e9e et lui redonner de l'\u00e9lasticit\u00e9. L'allanto\u00efne contenue dans la formule repulpe la peau pour lui donner un aspect radieux et jeune. Convient aux peaux sensibles.<\/p>","protected":false},"featured_media":6019,"comment_status":"open","ping_status":"closed","template":"","meta":{"om_disable_all_campaigns":false},"product_brand":[],"product_cat":[62,215],"product_tag":[],"class_list":{"0":"post-6015","1":"product","2":"type-product","3":"status-publish","4":"has-post-thumbnail","6":"product_cat-face-masks","7":"product_cat-medicube","9":"first","10":"instock","11":"shipping-taxable","12":"purchasable","13":"product-type-simple"},"aioseo_notices":[],"jetpack_sharing_enabled":true,"_links":{"self":[{"href":"https:\/\/k-beautyci.com\/fr\/wp-json\/wp\/v2\/product\/6015","targetHints":{"allow":["GET"]}}],"collection":[{"href":"https:\/\/k-beautyci.com\/fr\/wp-json\/wp\/v2\/product"}],"about":[{"href":"https:\/\/k-beautyci.com\/fr\/wp-json\/wp\/v2\/types\/product"}],"replies":[{"embeddable":true,"href":"https:\/\/k-beautyci.com\/fr\/wp-json\/wp\/v2\/comments?post=6015"}],"wp:featuredmedia":[{"embeddable":true,"href":"https:\/\/k-beautyci.com\/fr\/wp-json\/wp\/v2\/media\/6019"}],"wp:attachment":[{"href":"https:\/\/k-beautyci.com\/fr\/wp-json\/wp\/v2\/media?parent=6015"}],"wp:term":[{"taxonomy":"product_brand","embeddable":true,"href":"https:\/\/k-beautyci.com\/fr\/wp-json\/wp\/v2\/product_brand?post=6015"},{"taxonomy":"product_cat","embeddable":true,"href":"https:\/\/k-beautyci.com\/fr\/wp-json\/wp\/v2\/product_cat?post=6015"},{"taxonomy":"product_tag","embeddable":true,"href":"https:\/\/k-beautyci.com\/fr\/wp-json\/wp\/v2\/product_tag?post=6015"}],"curies":[{"name":"wp","href":"https:\/\/api.w.org\/{rel}","templated":true}]}}