{"id":5987,"date":"2024-11-18T21:31:53","date_gmt":"2024-11-18T21:31:53","guid":{"rendered":"https:\/\/k-beautyci.com\/?post_type=product&#038;p=5987"},"modified":"2025-05-22T23:34:11","modified_gmt":"2025-05-22T23:34:11","slug":"advanced-clinicals-vitamin-c-body-cream","status":"publish","type":"product","link":"https:\/\/k-beautyci.com\/fr\/produit\/advanced-clinicals-vitamin-c-body-cream\/","title":{"rendered":"Advanced Clinicals Vitamin C Body Cream"},"content":{"rendered":"<p>Comment l'utiliser :<\/p>\n<p>Appliquer une quantit\u00e9 suffisante de cr\u00e8me sur le visage, le cou et le corps pr\u00e9alablement nettoy\u00e9s. Masser doucement la peau jusqu'\u00e0 absorption compl\u00e8te. Utiliser quotidiennement.<\/p>\n<p>Avertissement : Pour usage externe uniquement. Toujours effectuer un test \u00e9picutan\u00e9. Cessez d'utiliser le produit si vous ressentez une quelconque g\u00eane. Suivre les instructions suppl\u00e9mentaires figurant sur l'emballage. Les r\u00e9sultats individuels peuvent varier.<\/p>","protected":false},"excerpt":{"rendered":"<p>Cette cr\u00e8me pour le corps \u00e0 la vitamine C est formul\u00e9e avec des ingr\u00e9dients puissants, la vitamine E et le th\u00e9 vert, pour apaiser et nourrir la peau. L'huile de noix de coco nourrissante contribue \u00e0 apporter une alimentation riche et les huiles de jojoba scellent rapidement l'hydratation de votre peau. Formul\u00e9e \u00e0 partir d'une base d'aloe vera pure hautement concentr\u00e9e, elle permet aux ingr\u00e9dients b\u00e9n\u00e9fiques d'\u00eatre absorb\u00e9s au fur et \u00e0 mesure des besoins.<\/p>","protected":false},"featured_media":5992,"comment_status":"open","ping_status":"closed","template":"","meta":{"om_disable_all_campaigns":false},"product_brand":[],"product_cat":[218,138,72],"product_tag":[],"class_list":{"0":"post-5987","1":"product","2":"type-product","3":"status-publish","4":"has-post-thumbnail","6":"product_cat-advanced-clinicals","7":"product_cat-body-moisturizers","8":"product_cat-vitamin-c","10":"first","11":"outofstock","12":"shipping-taxable","13":"purchasable","14":"product-type-simple"},"aioseo_notices":[],"jetpack_sharing_enabled":true,"_links":{"self":[{"href":"https:\/\/k-beautyci.com\/fr\/wp-json\/wp\/v2\/product\/5987","targetHints":{"allow":["GET"]}}],"collection":[{"href":"https:\/\/k-beautyci.com\/fr\/wp-json\/wp\/v2\/product"}],"about":[{"href":"https:\/\/k-beautyci.com\/fr\/wp-json\/wp\/v2\/types\/product"}],"replies":[{"embeddable":true,"href":"https:\/\/k-beautyci.com\/fr\/wp-json\/wp\/v2\/comments?post=5987"}],"wp:featuredmedia":[{"embeddable":true,"href":"https:\/\/k-beautyci.com\/fr\/wp-json\/wp\/v2\/media\/5992"}],"wp:attachment":[{"href":"https:\/\/k-beautyci.com\/fr\/wp-json\/wp\/v2\/media?parent=5987"}],"wp:term":[{"taxonomy":"product_brand","embeddable":true,"href":"https:\/\/k-beautyci.com\/fr\/wp-json\/wp\/v2\/product_brand?post=5987"},{"taxonomy":"product_cat","embeddable":true,"href":"https:\/\/k-beautyci.com\/fr\/wp-json\/wp\/v2\/product_cat?post=5987"},{"taxonomy":"product_tag","embeddable":true,"href":"https:\/\/k-beautyci.com\/fr\/wp-json\/wp\/v2\/product_tag?post=5987"}],"curies":[{"name":"wp","href":"https:\/\/api.w.org\/{rel}","templated":true}]}}