{"id":5980,"date":"2024-11-18T13:46:15","date_gmt":"2024-11-18T13:46:15","guid":{"rendered":"https:\/\/k-beautyci.com\/?post_type=product&#038;p=5980"},"modified":"2025-02-26T20:14:03","modified_gmt":"2025-02-26T20:14:03","slug":"axis-y-complete-no-stress-physical-sunscreen-v-3-50ml","status":"publish","type":"product","link":"https:\/\/k-beautyci.com\/fr\/produit\/axis-y-complete-no-stress-physical-sunscreen-v-3-50ml\/","title":{"rendered":"Axis-y Complete No-Stress Physical Sunscreen V.3 50ml"},"content":{"rendered":"<p>Comment l'utiliser :<\/p>\n<div class=\"how-to-step\">\n<p class=\"accordion__custom-desc\">Appliquer deux doigts de cr\u00e8me solaire sur le visage et le cou. Appliquer petit \u00e0 petit, en augmentant progressivement et en tapotant pour faire p\u00e9n\u00e9trer compl\u00e8tement. Renouvelez l'application toutes les 2 \u00e0 3 heures pour garantir une protection contre les rayons UV tout au long de la journ\u00e9e.<\/p>\n<\/div>\n<p>Avertissement : Pour usage externe uniquement. Toujours effectuer un test \u00e9picutan\u00e9. Cessez d'utiliser le produit si vous ressentez une quelconque g\u00eane. Suivre les instructions suppl\u00e9mentaires figurant sur l'emballage. Les r\u00e9sultats individuels peuvent varier.<\/p>","protected":false},"excerpt":{"rendered":"<p>Un \u00e9cran solaire \u00e0 base d'armoise contenant 2 % de niacinamide et de squalane qui prot\u00e8ge la peau des dommages caus\u00e9s par les UVA et les UVB tout en offrant les propri\u00e9t\u00e9s curatives des ingr\u00e9dients qui aiment la peau.<\/p>","protected":false},"featured_media":5986,"comment_status":"open","ping_status":"closed","template":"","meta":{"om_disable_all_campaigns":false},"product_brand":[],"product_cat":[89,77],"product_tag":[],"class_list":{"0":"post-5980","1":"product","2":"type-product","3":"status-publish","4":"has-post-thumbnail","6":"product_cat-axis-y","7":"product_cat-spf-50","9":"first","10":"outofstock","11":"shipping-taxable","12":"purchasable","13":"product-type-simple"},"aioseo_notices":[],"jetpack_sharing_enabled":true,"_links":{"self":[{"href":"https:\/\/k-beautyci.com\/fr\/wp-json\/wp\/v2\/product\/5980","targetHints":{"allow":["GET"]}}],"collection":[{"href":"https:\/\/k-beautyci.com\/fr\/wp-json\/wp\/v2\/product"}],"about":[{"href":"https:\/\/k-beautyci.com\/fr\/wp-json\/wp\/v2\/types\/product"}],"replies":[{"embeddable":true,"href":"https:\/\/k-beautyci.com\/fr\/wp-json\/wp\/v2\/comments?post=5980"}],"wp:featuredmedia":[{"embeddable":true,"href":"https:\/\/k-beautyci.com\/fr\/wp-json\/wp\/v2\/media\/5986"}],"wp:attachment":[{"href":"https:\/\/k-beautyci.com\/fr\/wp-json\/wp\/v2\/media?parent=5980"}],"wp:term":[{"taxonomy":"product_brand","embeddable":true,"href":"https:\/\/k-beautyci.com\/fr\/wp-json\/wp\/v2\/product_brand?post=5980"},{"taxonomy":"product_cat","embeddable":true,"href":"https:\/\/k-beautyci.com\/fr\/wp-json\/wp\/v2\/product_cat?post=5980"},{"taxonomy":"product_tag","embeddable":true,"href":"https:\/\/k-beautyci.com\/fr\/wp-json\/wp\/v2\/product_tag?post=5980"}],"curies":[{"name":"wp","href":"https:\/\/api.w.org\/{rel}","templated":true}]}}