{"id":5967,"date":"2024-11-18T14:23:29","date_gmt":"2024-11-18T14:23:29","guid":{"rendered":"https:\/\/k-beautyci.com\/?post_type=product&#038;p=5967"},"modified":"2026-03-31T12:58:00","modified_gmt":"2026-03-31T12:58:00","slug":"beauty-of-joseon-relief-sun-aqua-fresh-rice-b5-spf50-pa-50ml","status":"publish","type":"product","link":"https:\/\/k-beautyci.com\/fr\/produit\/beauty-of-joseon-relief-sun-aqua-fresh-rice-b5-spf50-pa-50ml\/","title":{"rendered":"Beauty of Joseon Relief Sun Aqua-Fresh : Rice + B5 (SPF50+ PA++++) 50ml"},"content":{"rendered":"<p>Comment l'utiliser :<\/p>\n<p>Appliquer uniform\u00e9ment sur le visage, le corps ou toute autre zone n\u00e9cessitant une protection solaire avant l'exposition au soleil. Renouveler l'application toutes les 2 \u00e0 3 heures.<\/p>\n<p>Avertissement : Pour usage externe uniquement. Toujours effectuer un test \u00e9picutan\u00e9. Cessez d'utiliser le produit si vous ressentez une quelconque g\u00eane. Suivre les instructions suppl\u00e9mentaires figurant sur l'emballage. Les r\u00e9sultats individuels peuvent varier.<\/p>","protected":false},"excerpt":{"rendered":"<p>Cette nouvelle formule est \u00e9labor\u00e9e \u00e0 partir d'eau de graines de riz et de panth\u00e9nol pour offrir une hydratation rafra\u00eechissante tout en prot\u00e9geant votre peau des rayons UV nocifs et des facteurs de stress environnementaux. Con\u00e7u pour ceux qui pr\u00e9f\u00e8rent un fini transparent et non gras, Relief Sun Aqua-fresh offre les m\u00eames avantages que le Relief Sun original - pas de traces blanches, pas d'effet collant - avec en plus une hydratation renforc\u00e9e et un fini ros\u00e9 qui s'absorbe rapidement.<\/p>","protected":false},"featured_media":5979,"comment_status":"open","ping_status":"closed","template":"","meta":{"om_disable_all_campaigns":false},"product_brand":[],"product_cat":[82,77],"product_tag":[],"class_list":{"0":"post-5967","1":"product","2":"type-product","3":"status-publish","4":"has-post-thumbnail","6":"product_cat-beauty-of-joseon","7":"product_cat-spf-50","9":"first","10":"outofstock","11":"shipping-taxable","12":"purchasable","13":"product-type-variable"},"aioseo_notices":[],"jetpack_sharing_enabled":true,"_links":{"self":[{"href":"https:\/\/k-beautyci.com\/fr\/wp-json\/wp\/v2\/product\/5967","targetHints":{"allow":["GET"]}}],"collection":[{"href":"https:\/\/k-beautyci.com\/fr\/wp-json\/wp\/v2\/product"}],"about":[{"href":"https:\/\/k-beautyci.com\/fr\/wp-json\/wp\/v2\/types\/product"}],"replies":[{"embeddable":true,"href":"https:\/\/k-beautyci.com\/fr\/wp-json\/wp\/v2\/comments?post=5967"}],"wp:featuredmedia":[{"embeddable":true,"href":"https:\/\/k-beautyci.com\/fr\/wp-json\/wp\/v2\/media\/5979"}],"wp:attachment":[{"href":"https:\/\/k-beautyci.com\/fr\/wp-json\/wp\/v2\/media?parent=5967"}],"wp:term":[{"taxonomy":"product_brand","embeddable":true,"href":"https:\/\/k-beautyci.com\/fr\/wp-json\/wp\/v2\/product_brand?post=5967"},{"taxonomy":"product_cat","embeddable":true,"href":"https:\/\/k-beautyci.com\/fr\/wp-json\/wp\/v2\/product_cat?post=5967"},{"taxonomy":"product_tag","embeddable":true,"href":"https:\/\/k-beautyci.com\/fr\/wp-json\/wp\/v2\/product_tag?post=5967"}],"curies":[{"name":"wp","href":"https:\/\/api.w.org\/{rel}","templated":true}]}}