{"id":5964,"date":"2024-11-18T21:41:37","date_gmt":"2024-11-18T21:41:37","guid":{"rendered":"https:\/\/k-beautyci.com\/?post_type=product&#038;p=5964"},"modified":"2026-03-05T05:40:38","modified_gmt":"2026-03-05T05:40:38","slug":"marymay-sensitive-soothing-gel-cream-12g","status":"publish","type":"product","link":"https:\/\/k-beautyci.com\/fr\/produit\/marymay-sensitive-soothing-gel-cream-12g\/","title":{"rendered":"Mary&amp;May Sensitive Soothing Gel Cream 12g"},"content":{"rendered":"<p>Comment l'utiliser :<\/p>\n<p>Appliquez une quantit\u00e9 g\u00e9n\u00e9reuse de gel-cr\u00e8me sur votre visage et massez d\u00e9licatement votre peau jusqu'\u00e0 absorption compl\u00e8te. Utilisez-le dans votre routine de soins du matin et du soir pour assurer une hydratation continue, un soulagement apaisant et un teint rafra\u00eechi tout au long de la journ\u00e9e.<\/p>\n<p>Avertissement : Pour usage externe uniquement. Toujours effectuer un test \u00e9picutan\u00e9. Cessez d'utiliser le produit si vous ressentez une quelconque g\u00eane. Suivre les instructions suppl\u00e9mentaires figurant sur l'emballage. Les r\u00e9sultats individuels peuvent varier.<\/p>","protected":false},"excerpt":{"rendered":"<p>Ce gel-cr\u00e8me apaisant pour les peaux sensibles et irrit\u00e9es procure un soulagement instantan\u00e9 et rafra\u00eechissant. Gr\u00e2ce \u00e0 son complexe dermo-apaisant, ce gel-cr\u00e8me l\u00e9ger calme les rougeurs, r\u00e9duit la taille des pores et hydrate la peau sans provoquer d'irritation. Il est parfait pour apaiser les peaux sujettes \u00e0 la chaleur et aux rougeurs, tout en resserrant les pores pour un teint plus lisse.<\/p>","protected":false},"featured_media":5965,"comment_status":"open","ping_status":"closed","template":"","meta":{"om_disable_all_campaigns":false},"product_brand":[],"product_cat":[26,96,36],"product_tag":[],"class_list":{"0":"post-5964","1":"product","2":"type-product","3":"status-publish","4":"has-post-thumbnail","6":"product_cat-face-moisturizer","7":"product_cat-mary-may","8":"product_cat-sensitive-skin","10":"first","11":"outofstock","12":"shipping-taxable","13":"purchasable","14":"product-type-simple"},"aioseo_notices":[],"jetpack_sharing_enabled":true,"_links":{"self":[{"href":"https:\/\/k-beautyci.com\/fr\/wp-json\/wp\/v2\/product\/5964","targetHints":{"allow":["GET"]}}],"collection":[{"href":"https:\/\/k-beautyci.com\/fr\/wp-json\/wp\/v2\/product"}],"about":[{"href":"https:\/\/k-beautyci.com\/fr\/wp-json\/wp\/v2\/types\/product"}],"replies":[{"embeddable":true,"href":"https:\/\/k-beautyci.com\/fr\/wp-json\/wp\/v2\/comments?post=5964"}],"wp:featuredmedia":[{"embeddable":true,"href":"https:\/\/k-beautyci.com\/fr\/wp-json\/wp\/v2\/media\/5965"}],"wp:attachment":[{"href":"https:\/\/k-beautyci.com\/fr\/wp-json\/wp\/v2\/media?parent=5964"}],"wp:term":[{"taxonomy":"product_brand","embeddable":true,"href":"https:\/\/k-beautyci.com\/fr\/wp-json\/wp\/v2\/product_brand?post=5964"},{"taxonomy":"product_cat","embeddable":true,"href":"https:\/\/k-beautyci.com\/fr\/wp-json\/wp\/v2\/product_cat?post=5964"},{"taxonomy":"product_tag","embeddable":true,"href":"https:\/\/k-beautyci.com\/fr\/wp-json\/wp\/v2\/product_tag?post=5964"}],"curies":[{"name":"wp","href":"https:\/\/api.w.org\/{rel}","templated":true}]}}