{"id":5961,"date":"2024-11-18T21:41:24","date_gmt":"2024-11-18T21:41:24","guid":{"rendered":"https:\/\/k-beautyci.com\/?post_type=product&#038;p=5961"},"modified":"2026-03-05T05:40:21","modified_gmt":"2026-03-05T05:40:21","slug":"marymay-idebenone-blackberry-complex-intense-cream-12g","status":"publish","type":"product","link":"https:\/\/k-beautyci.com\/fr\/produit\/marymay-idebenone-blackberry-complex-intense-cream-12g\/","title":{"rendered":"Mary&amp;May Idebenone Blackberry Complex Intense Cream"},"content":{"rendered":"<p>Comment l'utiliser :<\/p>\n<p>Appliquer une quantit\u00e9 g\u00e9n\u00e9reuse sur le visage et le cou apr\u00e8s les avoir nettoy\u00e9s et tonifi\u00e9s.<\/p>\n<p>Avertissement : Pour usage externe uniquement. Toujours effectuer un test \u00e9picutan\u00e9. Cessez d'utiliser le produit si vous ressentez une quelconque g\u00eane. Suivre les instructions suppl\u00e9mentaires figurant sur l'emballage. Les r\u00e9sultats individuels peuvent varier.<\/p>","protected":false},"excerpt":{"rendered":"<p>Idebenone Blackberry Intense Cream revitalise votre peau en renfor\u00e7ant sa fonction d'hydratation naturelle. Dot\u00e9e d'une formule renfor\u00e7ant la barri\u00e8re cutan\u00e9e, cette cr\u00e8me offre une hydratation profonde pendant 48 heures, tout en r\u00e9parant les dommages caus\u00e9s \u00e0 la barri\u00e8re cutan\u00e9e par les facteurs environnementaux. Formul\u00e9e avec de l'Idebenone, connu pour \u00eatre un antioxydant sup\u00e9rieur plus efficace que la vitamine C et la coenzyme Q10, cette cr\u00e8me garantit un teint et une texture de peau \u00e9clatants. Associ\u00e9e \u00e0 un complexe de m\u00fbres riche en anthocyanines, elle pr\u00e9vient le vieillissement pr\u00e9matur\u00e9 tout en offrant un rajeunissement intense de la peau.<\/p>","protected":false},"featured_media":6108,"comment_status":"open","ping_status":"closed","template":"","meta":{"om_disable_all_campaigns":false},"product_brand":[],"product_cat":[57,148,26,96],"product_tag":[],"class_list":{"0":"post-5961","1":"product","2":"type-product","3":"status-publish","4":"has-post-thumbnail","6":"product_cat-anti-aging","7":"product_cat-ceramide","8":"product_cat-face-moisturizer","9":"product_cat-mary-may","11":"first","12":"instock","13":"shipping-taxable","14":"purchasable","15":"product-type-variable"},"aioseo_notices":[],"jetpack_sharing_enabled":true,"_links":{"self":[{"href":"https:\/\/k-beautyci.com\/fr\/wp-json\/wp\/v2\/product\/5961","targetHints":{"allow":["GET"]}}],"collection":[{"href":"https:\/\/k-beautyci.com\/fr\/wp-json\/wp\/v2\/product"}],"about":[{"href":"https:\/\/k-beautyci.com\/fr\/wp-json\/wp\/v2\/types\/product"}],"replies":[{"embeddable":true,"href":"https:\/\/k-beautyci.com\/fr\/wp-json\/wp\/v2\/comments?post=5961"}],"wp:featuredmedia":[{"embeddable":true,"href":"https:\/\/k-beautyci.com\/fr\/wp-json\/wp\/v2\/media\/6108"}],"wp:attachment":[{"href":"https:\/\/k-beautyci.com\/fr\/wp-json\/wp\/v2\/media?parent=5961"}],"wp:term":[{"taxonomy":"product_brand","embeddable":true,"href":"https:\/\/k-beautyci.com\/fr\/wp-json\/wp\/v2\/product_brand?post=5961"},{"taxonomy":"product_cat","embeddable":true,"href":"https:\/\/k-beautyci.com\/fr\/wp-json\/wp\/v2\/product_cat?post=5961"},{"taxonomy":"product_tag","embeddable":true,"href":"https:\/\/k-beautyci.com\/fr\/wp-json\/wp\/v2\/product_tag?post=5961"}],"curies":[{"name":"wp","href":"https:\/\/api.w.org\/{rel}","templated":true}]}}