{"id":5956,"date":"2024-11-18T13:40:54","date_gmt":"2024-11-18T13:40:54","guid":{"rendered":"https:\/\/k-beautyci.com\/?post_type=product&#038;p=5956"},"modified":"2026-03-08T22:55:38","modified_gmt":"2026-03-08T22:55:38","slug":"axis-y-panthenol-10-skin-smoothing-shield-cream","status":"publish","type":"product","link":"https:\/\/k-beautyci.com\/fr\/produit\/axis-y-panthenol-10-skin-smoothing-shield-cream\/","title":{"rendered":"AXIS-Y Panthenol 10 Skin Smoothing Shield Cream"},"content":{"rendered":"<p>Comment l'utiliser :<\/p>\n<p>Pr\u00e9lever une quantit\u00e9 appropri\u00e9e et l'appliquer d\u00e9licatement sur la peau. Tapoter pour une meilleure absorption.<\/p>\n<p>Avertissement : Pour usage externe uniquement. Toujours effectuer un test \u00e9picutan\u00e9. Cessez d'utiliser le produit si vous ressentez une quelconque g\u00eane. Suivre les instructions suppl\u00e9mentaires figurant sur l'emballage. Les r\u00e9sultats individuels peuvent varier.<\/p>","protected":false},"excerpt":{"rendered":"<p>Revitalisez et \u00e9quilibrez la barri\u00e8re d'hydratation de votre peau gr\u00e2ce \u00e0 la puissante combinaison de Panth\u00e9nol et de TECA de Centella Asiatica dans cette cr\u00e8me quotidienne l\u00e9g\u00e8re, qui procure une hydratation imm\u00e9diate, am\u00e9liore la r\u00e9tention d'eau et rajeunit la peau en douceur.<\/p>","protected":false},"featured_media":5960,"comment_status":"open","ping_status":"closed","template":"","meta":{"om_disable_all_campaigns":false},"product_brand":[],"product_cat":[89,88,148,26],"product_tag":[],"class_list":{"0":"post-5956","1":"product","2":"type-product","3":"status-publish","4":"has-post-thumbnail","6":"product_cat-axis-y","7":"product_cat-centella","8":"product_cat-ceramide","9":"product_cat-face-moisturizer","11":"first","12":"instock","13":"shipping-taxable","14":"purchasable","15":"product-type-simple"},"aioseo_notices":[],"jetpack_sharing_enabled":true,"_links":{"self":[{"href":"https:\/\/k-beautyci.com\/fr\/wp-json\/wp\/v2\/product\/5956","targetHints":{"allow":["GET"]}}],"collection":[{"href":"https:\/\/k-beautyci.com\/fr\/wp-json\/wp\/v2\/product"}],"about":[{"href":"https:\/\/k-beautyci.com\/fr\/wp-json\/wp\/v2\/types\/product"}],"replies":[{"embeddable":true,"href":"https:\/\/k-beautyci.com\/fr\/wp-json\/wp\/v2\/comments?post=5956"}],"wp:featuredmedia":[{"embeddable":true,"href":"https:\/\/k-beautyci.com\/fr\/wp-json\/wp\/v2\/media\/5960"}],"wp:attachment":[{"href":"https:\/\/k-beautyci.com\/fr\/wp-json\/wp\/v2\/media?parent=5956"}],"wp:term":[{"taxonomy":"product_brand","embeddable":true,"href":"https:\/\/k-beautyci.com\/fr\/wp-json\/wp\/v2\/product_brand?post=5956"},{"taxonomy":"product_cat","embeddable":true,"href":"https:\/\/k-beautyci.com\/fr\/wp-json\/wp\/v2\/product_cat?post=5956"},{"taxonomy":"product_tag","embeddable":true,"href":"https:\/\/k-beautyci.com\/fr\/wp-json\/wp\/v2\/product_tag?post=5956"}],"curies":[{"name":"wp","href":"https:\/\/api.w.org\/{rel}","templated":true}]}}