{"id":5951,"date":"2024-11-18T14:14:08","date_gmt":"2024-11-18T14:14:08","guid":{"rendered":"https:\/\/k-beautyci.com\/?post_type=product&#038;p=5951"},"modified":"2026-01-30T21:59:00","modified_gmt":"2026-01-30T21:59:00","slug":"axis-y-sunday-morning-refreshing-cleansing-foam","status":"publish","type":"product","link":"https:\/\/k-beautyci.com\/fr\/produit\/axis-y-sunday-morning-refreshing-cleansing-foam\/","title":{"rendered":"AXIS-Y Sunday Morning Refreshing Cleansing Foam"},"content":{"rendered":"<div class=\"description-item active\">\n<div class=\"body\">\n<p>Comment l'utiliser :<\/p>\n<p>Utiliser comme premi\u00e8re \u00e9tape de votre routine de soins de la peau ou apr\u00e8s un nettoyage \u00e0 l'huile. Faire mousser une petite quantit\u00e9 dans les paumes et masser sur la peau humide. \u00c9viter le contour des yeux. Rincer.<\/p>\n<p>Avertissement : Pour usage externe uniquement. Toujours effectuer un test \u00e9picutan\u00e9. Cessez d'utiliser le produit si vous ressentez une quelconque g\u00eane. Suivre les instructions suppl\u00e9mentaires figurant sur l'emballage. Les r\u00e9sultats individuels peuvent varier.<\/p>\n<\/div>\n<\/div>","protected":false},"excerpt":{"rendered":"<p>Cette mousse nettoyante rafra\u00eechissante Sunday Morning s'utilise de pr\u00e9f\u00e9rence tous les jours de la semaine pour garder une peau \u00e9clatante. Ce nettoyant au pH \u00e9quilibr\u00e9 contient de la s\u00e8ve de bouleau qui aide \u00e0 contr\u00f4ler le s\u00e9bum, tout en apportant une hydratation profonde.<\/p>","protected":false},"featured_media":5955,"comment_status":"open","ping_status":"closed","template":"","meta":{"om_disable_all_campaigns":false},"product_brand":[],"product_cat":[89,35,41],"product_tag":[],"class_list":{"0":"post-5951","1":"product","2":"type-product","3":"status-publish","4":"has-post-thumbnail","6":"product_cat-axis-y","7":"product_cat-face-cleansers","8":"product_cat-oily-skin","10":"first","11":"instock","12":"shipping-taxable","13":"purchasable","14":"product-type-simple"},"aioseo_notices":[],"jetpack_sharing_enabled":true,"_links":{"self":[{"href":"https:\/\/k-beautyci.com\/fr\/wp-json\/wp\/v2\/product\/5951","targetHints":{"allow":["GET"]}}],"collection":[{"href":"https:\/\/k-beautyci.com\/fr\/wp-json\/wp\/v2\/product"}],"about":[{"href":"https:\/\/k-beautyci.com\/fr\/wp-json\/wp\/v2\/types\/product"}],"replies":[{"embeddable":true,"href":"https:\/\/k-beautyci.com\/fr\/wp-json\/wp\/v2\/comments?post=5951"}],"wp:featuredmedia":[{"embeddable":true,"href":"https:\/\/k-beautyci.com\/fr\/wp-json\/wp\/v2\/media\/5955"}],"wp:attachment":[{"href":"https:\/\/k-beautyci.com\/fr\/wp-json\/wp\/v2\/media?parent=5951"}],"wp:term":[{"taxonomy":"product_brand","embeddable":true,"href":"https:\/\/k-beautyci.com\/fr\/wp-json\/wp\/v2\/product_brand?post=5951"},{"taxonomy":"product_cat","embeddable":true,"href":"https:\/\/k-beautyci.com\/fr\/wp-json\/wp\/v2\/product_cat?post=5951"},{"taxonomy":"product_tag","embeddable":true,"href":"https:\/\/k-beautyci.com\/fr\/wp-json\/wp\/v2\/product_tag?post=5951"}],"curies":[{"name":"wp","href":"https:\/\/api.w.org\/{rel}","templated":true}]}}