{"id":5945,"date":"2024-11-19T00:01:31","date_gmt":"2024-11-19T00:01:31","guid":{"rendered":"https:\/\/k-beautyci.com\/?post_type=product&#038;p=5945"},"modified":"2026-03-18T15:28:29","modified_gmt":"2026-03-18T15:28:29","slug":"medicube-zero-pore-blackhead-mud-mask","status":"publish","type":"product","link":"https:\/\/k-beautyci.com\/fr\/produit\/medicube-zero-pore-blackhead-mud-mask\/","title":{"rendered":"medicube Zero Pore Blackhead Mud Mask"},"content":{"rendered":"<p>Apr\u00e8s avoir tonifi\u00e9 la peau, \u00e9talez une quantit\u00e9 mod\u00e9r\u00e9e de produit sur la peau, en \u00e9vitant les yeux et la bouche. Laisser agir pendant 3 \u00e0 5 minutes jusqu'\u00e0 ce que le masque soit compl\u00e8tement sec. Rincer abondamment \u00e0 l'eau ti\u00e8de.<\/p>\n<p>Avertissement : Pour usage externe uniquement. Toujours effectuer un test \u00e9picutan\u00e9. Cessez d'utiliser le produit si vous ressentez une quelconque g\u00eane. Suivre les instructions suppl\u00e9mentaires figurant sur l'emballage. Les r\u00e9sultats individuels peuvent varier.<\/p>","protected":false},"excerpt":{"rendered":"<p>Faites-vous un masque et attaquez les points noirs comme un pro. Les acides exfoliants et l'argile font \u00e9quipe pour absorber l'exc\u00e8s de s\u00e9bum, la salet\u00e9 et les impuret\u00e9s. Apr\u00e8s chaque utilisation, vous vous sentez frais et dispos, \u00e0 l'abri des pores.<\/p>","protected":false},"featured_media":5950,"comment_status":"open","ping_status":"closed","template":"","meta":{"om_disable_all_campaigns":false},"product_brand":[],"product_cat":[78,215],"product_tag":[],"class_list":{"0":"post-5945","1":"product","2":"type-product","3":"status-publish","4":"has-post-thumbnail","6":"product_cat-aha-bha","7":"product_cat-medicube","9":"first","10":"instock","11":"sale","12":"shipping-taxable","13":"purchasable","14":"product-type-simple"},"aioseo_notices":[],"jetpack_sharing_enabled":true,"_links":{"self":[{"href":"https:\/\/k-beautyci.com\/fr\/wp-json\/wp\/v2\/product\/5945","targetHints":{"allow":["GET"]}}],"collection":[{"href":"https:\/\/k-beautyci.com\/fr\/wp-json\/wp\/v2\/product"}],"about":[{"href":"https:\/\/k-beautyci.com\/fr\/wp-json\/wp\/v2\/types\/product"}],"replies":[{"embeddable":true,"href":"https:\/\/k-beautyci.com\/fr\/wp-json\/wp\/v2\/comments?post=5945"}],"wp:featuredmedia":[{"embeddable":true,"href":"https:\/\/k-beautyci.com\/fr\/wp-json\/wp\/v2\/media\/5950"}],"wp:attachment":[{"href":"https:\/\/k-beautyci.com\/fr\/wp-json\/wp\/v2\/media?parent=5945"}],"wp:term":[{"taxonomy":"product_brand","embeddable":true,"href":"https:\/\/k-beautyci.com\/fr\/wp-json\/wp\/v2\/product_brand?post=5945"},{"taxonomy":"product_cat","embeddable":true,"href":"https:\/\/k-beautyci.com\/fr\/wp-json\/wp\/v2\/product_cat?post=5945"},{"taxonomy":"product_tag","embeddable":true,"href":"https:\/\/k-beautyci.com\/fr\/wp-json\/wp\/v2\/product_tag?post=5945"}],"curies":[{"name":"wp","href":"https:\/\/api.w.org\/{rel}","templated":true}]}}