{"id":5939,"date":"2025-02-26T12:42:16","date_gmt":"2025-02-26T12:42:16","guid":{"rendered":"https:\/\/k-beautyci.com\/?post_type=product&#038;p=5939"},"modified":"2026-03-23T23:05:55","modified_gmt":"2026-03-23T23:05:55","slug":"medicube-pdrn-pink-collagen-gel-mask","status":"publish","type":"product","link":"https:\/\/k-beautyci.com\/fr\/produit\/medicube-pdrn-pink-collagen-gel-mask\/","title":{"rendered":"Medicube PDRN Pink Collagen Gel Mask"},"content":{"rendered":"<p>Comment l'utiliser :<\/p>\n<div class=\"description-item active\">\n<div class=\"body\">\n<p>Apr\u00e8s avoir nettoy\u00e9 et tonifi\u00e9 le visage, aligner et placer d\u00e9licatement la feuille de masque sur le visage. Laisser agir pendant 1 \u00e0 4 heures. Retirer le masque, puis faire p\u00e9n\u00e9trer l'essence restante dans la peau en tapotant d\u00e9licatement.<\/p>\n<p>Avertissement : Pour usage externe uniquement. Toujours effectuer un test \u00e9picutan\u00e9. Cessez d'utiliser le produit si vous ressentez une quelconque g\u00eane. Suivre les instructions suppl\u00e9mentaires figurant sur l'emballage. Les r\u00e9sultats individuels peuvent varier.<\/p>\n<\/div>\n<\/div>\n<div class=\"description-item\">\n<p class=\"title\">1 masque en feuille \u00e0 usage unique (28g). Produit de Cor\u00e9e.<\/p>\n<\/div>","protected":false},"excerpt":{"rendered":"<p>Ralentissez la cadence, faites-la rebondir. Gorg\u00e9 de PDRN de saumon et de collag\u00e8ne, ce masque g\u00e9lifi\u00e9 fait fureur pour les peaux vieillissantes. Redonnez du ressort \u00e0 votre peau et profitez d'un \u00e9clat juteux et \u00e9quilibr\u00e9. Le PDRN de saumon soigne les pores et les signes de vieillissement, favorisant un \u00e9clat sain. Le collag\u00e8ne renforce l'\u00e9lasticit\u00e9 et la fermet\u00e9 de la peau pour une apparence plus lisse et plus jeune.<\/p>","protected":false},"featured_media":5944,"comment_status":"open","ping_status":"closed","template":"","meta":{"om_disable_all_campaigns":false},"product_brand":[],"product_cat":[15],"product_tag":[],"class_list":{"0":"post-5939","1":"product","2":"type-product","3":"status-publish","4":"has-post-thumbnail","6":"product_cat-uncategorized","8":"first","9":"instock","10":"shipping-taxable","11":"purchasable","12":"product-type-simple"},"aioseo_notices":[],"jetpack_sharing_enabled":true,"_links":{"self":[{"href":"https:\/\/k-beautyci.com\/fr\/wp-json\/wp\/v2\/product\/5939","targetHints":{"allow":["GET"]}}],"collection":[{"href":"https:\/\/k-beautyci.com\/fr\/wp-json\/wp\/v2\/product"}],"about":[{"href":"https:\/\/k-beautyci.com\/fr\/wp-json\/wp\/v2\/types\/product"}],"replies":[{"embeddable":true,"href":"https:\/\/k-beautyci.com\/fr\/wp-json\/wp\/v2\/comments?post=5939"}],"wp:featuredmedia":[{"embeddable":true,"href":"https:\/\/k-beautyci.com\/fr\/wp-json\/wp\/v2\/media\/5944"}],"wp:attachment":[{"href":"https:\/\/k-beautyci.com\/fr\/wp-json\/wp\/v2\/media?parent=5939"}],"wp:term":[{"taxonomy":"product_brand","embeddable":true,"href":"https:\/\/k-beautyci.com\/fr\/wp-json\/wp\/v2\/product_brand?post=5939"},{"taxonomy":"product_cat","embeddable":true,"href":"https:\/\/k-beautyci.com\/fr\/wp-json\/wp\/v2\/product_cat?post=5939"},{"taxonomy":"product_tag","embeddable":true,"href":"https:\/\/k-beautyci.com\/fr\/wp-json\/wp\/v2\/product_tag?post=5939"}],"curies":[{"name":"wp","href":"https:\/\/api.w.org\/{rel}","templated":true}]}}