{"id":5920,"date":"2024-11-15T01:01:39","date_gmt":"2024-11-15T01:01:39","guid":{"rendered":"https:\/\/k-beautyci.com\/?post_type=product&#038;p=5920"},"modified":"2026-02-21T17:20:17","modified_gmt":"2026-02-21T17:20:17","slug":"amlactin-daily-nourish-lotion-with-12-lactic-acid-aha-567g","status":"publish","type":"product","link":"https:\/\/k-beautyci.com\/fr\/produit\/amlactin-daily-nourish-lotion-with-12-lactic-acid-aha-567g\/","title":{"rendered":"AMLACTIN Daily Nourish Lotion with 12% Lactic Acid AHA 567g"},"content":{"rendered":"<p>Comment l'utiliser :<\/p>\n<p>Bien agiter. Appliquer 2 fois par jour ou selon les instructions d'un m\u00e9decin. De l\u00e9g\u00e8res piq\u00fbres ou irritations peuvent se produire sur les peaux sensibles ou ab\u00eem\u00e9es. Si cela persiste, cesser l'utilisation.<\/p>\n<p>&nbsp;<\/p>\n<p>Pour usage externe uniquement. Tenir hors de port\u00e9e des enfants. \u00c9viter le contact avec les yeux. \u00c9viter la chaleur excessive. Ce produit contient un acide alpha-hydroxyl\u00e9 (AHA) qui peut augmenter la sensibilit\u00e9 de votre peau au soleil et notamment la possibilit\u00e9 de coups de soleil. Utilisez un \u00e9cran solaire, portez des v\u00eatements protecteurs et limitez l'exposition au soleil pendant l'utilisation de ce produit et pendant la semaine qui suit.<\/p>\n<p>&nbsp;<\/p>\n<p>\"L'odeur des r\u00e9sultats - Nous n'ajoutons pas une goutte de parfum irritant pour la peau \u00e0 nos produits, mais les sels d'acide lactique d\u00e9gagent une odeur naturelle qui se dissipe peu de temps apr\u00e8s l'application.\"<\/p>","protected":false},"excerpt":{"rendered":"<p>Enrichissez votre peau tous les jours avec cette lotion exfoliante prim\u00e9e, qui contient 12 % d'acide lactique cliniquement prouv\u00e9. Exfolie sans effort pour une hydratation en profondeur et une peau plus douce et plus lisse.<\/p>","protected":false},"featured_media":5929,"comment_status":"open","ping_status":"closed","template":"","meta":{"om_disable_all_campaigns":false},"product_brand":[],"product_cat":[78,138],"product_tag":[],"class_list":{"0":"post-5920","1":"product","2":"type-product","3":"status-publish","4":"has-post-thumbnail","6":"product_cat-aha-bha","7":"product_cat-body-moisturizers","9":"first","10":"outofstock","11":"shipping-taxable","12":"purchasable","13":"product-type-simple"},"aioseo_notices":[],"jetpack_sharing_enabled":true,"_links":{"self":[{"href":"https:\/\/k-beautyci.com\/fr\/wp-json\/wp\/v2\/product\/5920","targetHints":{"allow":["GET"]}}],"collection":[{"href":"https:\/\/k-beautyci.com\/fr\/wp-json\/wp\/v2\/product"}],"about":[{"href":"https:\/\/k-beautyci.com\/fr\/wp-json\/wp\/v2\/types\/product"}],"replies":[{"embeddable":true,"href":"https:\/\/k-beautyci.com\/fr\/wp-json\/wp\/v2\/comments?post=5920"}],"wp:featuredmedia":[{"embeddable":true,"href":"https:\/\/k-beautyci.com\/fr\/wp-json\/wp\/v2\/media\/5929"}],"wp:attachment":[{"href":"https:\/\/k-beautyci.com\/fr\/wp-json\/wp\/v2\/media?parent=5920"}],"wp:term":[{"taxonomy":"product_brand","embeddable":true,"href":"https:\/\/k-beautyci.com\/fr\/wp-json\/wp\/v2\/product_brand?post=5920"},{"taxonomy":"product_cat","embeddable":true,"href":"https:\/\/k-beautyci.com\/fr\/wp-json\/wp\/v2\/product_cat?post=5920"},{"taxonomy":"product_tag","embeddable":true,"href":"https:\/\/k-beautyci.com\/fr\/wp-json\/wp\/v2\/product_tag?post=5920"}],"curies":[{"name":"wp","href":"https:\/\/api.w.org\/{rel}","templated":true}]}}