{"id":5856,"date":"2024-11-03T06:00:46","date_gmt":"2024-11-03T06:00:46","guid":{"rendered":"https:\/\/k-beautyci.com\/?post_type=product&#038;p=5856"},"modified":"2026-03-29T11:36:29","modified_gmt":"2026-03-29T11:36:29","slug":"beauty-of-joseon-ground-rice-and-honey-glow-mask","status":"publish","type":"product","link":"https:\/\/k-beautyci.com\/fr\/produit\/beauty-of-joseon-ground-rice-and-honey-glow-mask\/","title":{"rendered":"Beauty of Joseon Ground Rice and Honey Glow Mask"},"content":{"rendered":"<p>Comment l'utiliser :<\/p>\n<div class=\"description-item active\">\n<div class=\"body\">\n<p>Apr\u00e8s le nettoyage, appliquer une couche g\u00e9n\u00e9reuse sur la peau s\u00e8che du visage. Laisser agir pendant 15 \u00e0 20 minutes et masser d\u00e9licatement le visage. Rincer abondamment \u00e0 l'eau ti\u00e8de.<\/p>\n<p>Avertissement : Pour usage externe uniquement. Toujours effectuer un test \u00e9picutan\u00e9. Cessez d'utiliser le produit si vous ressentez une quelconque g\u00eane. Suivre les instructions suppl\u00e9mentaires figurant sur l'emballage. Les r\u00e9sultats individuels peuvent varier.<\/p>\n<\/div>\n<\/div>","protected":false},"excerpt":{"rendered":"<p>Riz, riz, b\u00e9b\u00e9. Ce masque lavable tout-en-un laisse la peau rebondie, lisse et \u00e9clatante. Compos\u00e9 d'argile kaolin, ce masque absorbe le s\u00e9bum et purifie les pores. Enrichie de poudre de coque de riz et de 5 % de miel, la formule exfolie les cellules mortes tout en hydratant la peau. Utiliser apr\u00e8s l'\u00e9tape de nettoyage de votre routine de soins de la peau.<\/p>","protected":false},"featured_media":5857,"comment_status":"open","ping_status":"closed","template":"","meta":{"om_disable_all_campaigns":false},"product_brand":[],"product_cat":[82,61,62],"product_tag":[],"class_list":{"0":"post-5856","1":"product","2":"type-product","3":"status-publish","4":"has-post-thumbnail","6":"product_cat-beauty-of-joseon","7":"product_cat-face-exfoliator-peels-scrubs","8":"product_cat-face-masks","10":"first","11":"instock","12":"shipping-taxable","13":"purchasable","14":"product-type-simple"},"aioseo_notices":[],"jetpack_sharing_enabled":true,"_links":{"self":[{"href":"https:\/\/k-beautyci.com\/fr\/wp-json\/wp\/v2\/product\/5856","targetHints":{"allow":["GET"]}}],"collection":[{"href":"https:\/\/k-beautyci.com\/fr\/wp-json\/wp\/v2\/product"}],"about":[{"href":"https:\/\/k-beautyci.com\/fr\/wp-json\/wp\/v2\/types\/product"}],"replies":[{"embeddable":true,"href":"https:\/\/k-beautyci.com\/fr\/wp-json\/wp\/v2\/comments?post=5856"}],"wp:featuredmedia":[{"embeddable":true,"href":"https:\/\/k-beautyci.com\/fr\/wp-json\/wp\/v2\/media\/5857"}],"wp:attachment":[{"href":"https:\/\/k-beautyci.com\/fr\/wp-json\/wp\/v2\/media?parent=5856"}],"wp:term":[{"taxonomy":"product_brand","embeddable":true,"href":"https:\/\/k-beautyci.com\/fr\/wp-json\/wp\/v2\/product_brand?post=5856"},{"taxonomy":"product_cat","embeddable":true,"href":"https:\/\/k-beautyci.com\/fr\/wp-json\/wp\/v2\/product_cat?post=5856"},{"taxonomy":"product_tag","embeddable":true,"href":"https:\/\/k-beautyci.com\/fr\/wp-json\/wp\/v2\/product_tag?post=5856"}],"curies":[{"name":"wp","href":"https:\/\/api.w.org\/{rel}","templated":true}]}}