{"id":5829,"date":"2024-11-02T00:26:09","date_gmt":"2024-11-02T00:26:09","guid":{"rendered":"https:\/\/k-beautyci.com\/?post_type=product&#038;p=5829"},"modified":"2026-04-09T09:40:24","modified_gmt":"2026-04-09T09:40:24","slug":"aplb-glutathione-niacinamide-facial-cream","status":"publish","type":"product","link":"https:\/\/k-beautyci.com\/fr\/produit\/aplb-glutathione-niacinamide-facial-cream\/","title":{"rendered":"APLB Glutathione Niacinamide Facial Cream"},"content":{"rendered":"<p><b>Comment l'utiliser :<\/b><br \/>\n1. \u00c0 la derni\u00e8re \u00e9tape du soin, appliquer une quantit\u00e9 mod\u00e9r\u00e9e sur le visage, de l'int\u00e9rieur vers l'ext\u00e9rieur, en suivant le grain de la peau.<\/p>\n<p>2. Tamponner doucement pour faciliter l'absorption.<\/p>\n<p>Avertissement : Pour usage externe uniquement. Toujours effectuer un test \u00e9picutan\u00e9. Cessez d'utiliser le produit si vous ressentez une quelconque g\u00eane. Suivre les instructions suppl\u00e9mentaires figurant sur l'emballage. Les r\u00e9sultats individuels peuvent varier.<\/p>","protected":false},"excerpt":{"rendered":"<p>Cette cr\u00e8me hydratante est formul\u00e9e avec du glutathion et du niacinamide pour conf\u00e9rer \u00e0 la peau des propri\u00e9t\u00e9s antioxydantes et \u00e9claircissantes. Elle est compl\u00e9t\u00e9e par de la centella asiatica et de l'ad\u00e9nosine pour apaiser la peau tout en produisant des effets anti-\u00e2ge. Sa texture l\u00e9g\u00e8re p\u00e9n\u00e8tre rapidement dans la peau. La formule hypoallerg\u00e9nique convient \u00e0 diff\u00e9rents types de peau, y compris les peaux sensibles.<\/p>","protected":false},"featured_media":5837,"comment_status":"open","ping_status":"closed","template":"","meta":{"om_disable_all_campaigns":false},"product_brand":[],"product_cat":[217,26,74],"product_tag":[],"class_list":{"0":"post-5829","1":"product","2":"type-product","3":"status-publish","4":"has-post-thumbnail","6":"product_cat-aplb","7":"product_cat-face-moisturizer","8":"product_cat-niacinamide","10":"first","11":"instock","12":"shipping-taxable","13":"purchasable","14":"product-type-simple"},"aioseo_notices":[],"jetpack_sharing_enabled":true,"_links":{"self":[{"href":"https:\/\/k-beautyci.com\/fr\/wp-json\/wp\/v2\/product\/5829","targetHints":{"allow":["GET"]}}],"collection":[{"href":"https:\/\/k-beautyci.com\/fr\/wp-json\/wp\/v2\/product"}],"about":[{"href":"https:\/\/k-beautyci.com\/fr\/wp-json\/wp\/v2\/types\/product"}],"replies":[{"embeddable":true,"href":"https:\/\/k-beautyci.com\/fr\/wp-json\/wp\/v2\/comments?post=5829"}],"wp:featuredmedia":[{"embeddable":true,"href":"https:\/\/k-beautyci.com\/fr\/wp-json\/wp\/v2\/media\/5837"}],"wp:attachment":[{"href":"https:\/\/k-beautyci.com\/fr\/wp-json\/wp\/v2\/media?parent=5829"}],"wp:term":[{"taxonomy":"product_brand","embeddable":true,"href":"https:\/\/k-beautyci.com\/fr\/wp-json\/wp\/v2\/product_brand?post=5829"},{"taxonomy":"product_cat","embeddable":true,"href":"https:\/\/k-beautyci.com\/fr\/wp-json\/wp\/v2\/product_cat?post=5829"},{"taxonomy":"product_tag","embeddable":true,"href":"https:\/\/k-beautyci.com\/fr\/wp-json\/wp\/v2\/product_tag?post=5829"}],"curies":[{"name":"wp","href":"https:\/\/api.w.org\/{rel}","templated":true}]}}