{"id":5820,"date":"2024-11-02T00:00:41","date_gmt":"2024-11-02T00:00:41","guid":{"rendered":"https:\/\/k-beautyci.com\/?post_type=product&#038;p=5820"},"modified":"2026-02-02T18:55:46","modified_gmt":"2026-02-02T18:55:46","slug":"heimish-matcha-biome-redness-relief-hydrating-toner-150ml","status":"publish","type":"product","link":"https:\/\/k-beautyci.com\/fr\/produit\/heimish-matcha-biome-redness-relief-hydrating-toner-150ml\/","title":{"rendered":"HEIMISH Matcha Biome Redness Relief Hydrating Toner 150ml"},"content":{"rendered":"<p>Avertissement : Pour usage externe uniquement. Toujours effectuer un test \u00e9picutan\u00e9. Cessez d'utiliser le produit si vous ressentez une quelconque g\u00eane. Suivre les instructions suppl\u00e9mentaires figurant sur l'emballage. Les r\u00e9sultats individuels peuvent varier.<\/p>","protected":false},"excerpt":{"rendered":"<p>Am\u00e9liore le teint et la texture de la peau en une seule utilisation ! L'essence tonique non collante est pleine d'hydratation. Tonique aqueux contenant de l'extrait de matcha, des probiotiques et des ingr\u00e9dients hypoallerg\u00e9niques pour am\u00e9liorer la texture et la vitalit\u00e9 de la peau.<\/p>","protected":false},"featured_media":5828,"comment_status":"open","ping_status":"closed","template":"","meta":{"om_disable_all_campaigns":false},"product_brand":[],"product_cat":[42,39,91,66,41,36],"product_tag":[],"class_list":{"0":"post-5820","1":"product","2":"type-product","3":"status-publish","4":"has-post-thumbnail","6":"product_cat-dry-skin","7":"product_cat-face-toners","8":"product_cat-heimish","9":"product_cat-normal-combination-skin","10":"product_cat-oily-skin","11":"product_cat-sensitive-skin","13":"first","14":"outofstock","15":"shipping-taxable","16":"purchasable","17":"product-type-simple"},"aioseo_notices":[],"jetpack_sharing_enabled":true,"_links":{"self":[{"href":"https:\/\/k-beautyci.com\/fr\/wp-json\/wp\/v2\/product\/5820","targetHints":{"allow":["GET"]}}],"collection":[{"href":"https:\/\/k-beautyci.com\/fr\/wp-json\/wp\/v2\/product"}],"about":[{"href":"https:\/\/k-beautyci.com\/fr\/wp-json\/wp\/v2\/types\/product"}],"replies":[{"embeddable":true,"href":"https:\/\/k-beautyci.com\/fr\/wp-json\/wp\/v2\/comments?post=5820"}],"wp:featuredmedia":[{"embeddable":true,"href":"https:\/\/k-beautyci.com\/fr\/wp-json\/wp\/v2\/media\/5828"}],"wp:attachment":[{"href":"https:\/\/k-beautyci.com\/fr\/wp-json\/wp\/v2\/media?parent=5820"}],"wp:term":[{"taxonomy":"product_brand","embeddable":true,"href":"https:\/\/k-beautyci.com\/fr\/wp-json\/wp\/v2\/product_brand?post=5820"},{"taxonomy":"product_cat","embeddable":true,"href":"https:\/\/k-beautyci.com\/fr\/wp-json\/wp\/v2\/product_cat?post=5820"},{"taxonomy":"product_tag","embeddable":true,"href":"https:\/\/k-beautyci.com\/fr\/wp-json\/wp\/v2\/product_tag?post=5820"}],"curies":[{"name":"wp","href":"https:\/\/api.w.org\/{rel}","templated":true}]}}