{"id":5806,"date":"2024-11-02T00:26:35","date_gmt":"2024-11-02T00:26:35","guid":{"rendered":"https:\/\/k-beautyci.com\/?post_type=product&#038;p=5806"},"modified":"2026-01-10T18:24:31","modified_gmt":"2026-01-10T18:24:31","slug":"cnp-laboratory-propolis-lipcerin-15ml","status":"publish","type":"product","link":"https:\/\/k-beautyci.com\/fr\/produit\/cnp-laboratory-propolis-lipcerin-15ml\/","title":{"rendered":"CNP Laboratory  Propolis Lipcerin 15ml"},"content":{"rendered":"<p>Comment l'utiliser :<\/p>\n<p>Appliquez une quantit\u00e9 g\u00e9n\u00e9reuse de Lipcerin\u2122 sur les l\u00e8vres d\u00e8s que vous les sentez s\u00e8ches.<\/p>\n<p>Avertissement : Pour usage externe uniquement. Toujours effectuer un test \u00e9picutan\u00e9. Cessez d'utiliser le produit si vous ressentez une quelconque g\u00eane. Suivre les instructions suppl\u00e9mentaires figurant sur l'emballage. Les r\u00e9sultats individuels peuvent varier.<\/p>","protected":false},"excerpt":{"rendered":"<p>Riche en extrait de propolis et en miel de Manuka r\u00e9put\u00e9s pour leurs vertus nourrissantes, le Propolis Lipcerin de CNP Laboratory nourrit intens\u00e9ment les l\u00e8vres tout en renfor\u00e7ant leur barri\u00e8re protectrice. L'exfoliant doux \u00e0 base d'acide PHA \u00e9limine en d\u00e9licatesse les cellules mortes, lissant les l\u00e8vres s\u00e8ches et gerc\u00e9es. Enrichi en squalane, glyc\u00e9rine, beurre de karit\u00e9 et mad\u00e9cassoside, ce baume hydrate en profondeur tout en apaisant, pour des l\u00e8vres bien rebondies et ultra-douces.<\/p>","protected":false},"featured_media":5819,"comment_status":"open","ping_status":"closed","template":"","meta":{"om_disable_all_campaigns":false},"product_brand":[],"product_cat":[65,73],"product_tag":[],"class_list":{"0":"post-5806","1":"product","2":"type-product","3":"status-publish","4":"has-post-thumbnail","6":"product_cat-lip-care","7":"product_cat-propolis","9":"first","10":"outofstock","11":"shipping-taxable","12":"purchasable","13":"product-type-simple"},"aioseo_notices":[],"jetpack_sharing_enabled":true,"_links":{"self":[{"href":"https:\/\/k-beautyci.com\/fr\/wp-json\/wp\/v2\/product\/5806","targetHints":{"allow":["GET"]}}],"collection":[{"href":"https:\/\/k-beautyci.com\/fr\/wp-json\/wp\/v2\/product"}],"about":[{"href":"https:\/\/k-beautyci.com\/fr\/wp-json\/wp\/v2\/types\/product"}],"replies":[{"embeddable":true,"href":"https:\/\/k-beautyci.com\/fr\/wp-json\/wp\/v2\/comments?post=5806"}],"wp:featuredmedia":[{"embeddable":true,"href":"https:\/\/k-beautyci.com\/fr\/wp-json\/wp\/v2\/media\/5819"}],"wp:attachment":[{"href":"https:\/\/k-beautyci.com\/fr\/wp-json\/wp\/v2\/media?parent=5806"}],"wp:term":[{"taxonomy":"product_brand","embeddable":true,"href":"https:\/\/k-beautyci.com\/fr\/wp-json\/wp\/v2\/product_brand?post=5806"},{"taxonomy":"product_cat","embeddable":true,"href":"https:\/\/k-beautyci.com\/fr\/wp-json\/wp\/v2\/product_cat?post=5806"},{"taxonomy":"product_tag","embeddable":true,"href":"https:\/\/k-beautyci.com\/fr\/wp-json\/wp\/v2\/product_tag?post=5806"}],"curies":[{"name":"wp","href":"https:\/\/api.w.org\/{rel}","templated":true}]}}