{"id":5800,"date":"2024-11-01T00:43:02","date_gmt":"2024-11-01T00:43:02","guid":{"rendered":"https:\/\/k-beautyci.com\/?post_type=product&#038;p=5800"},"modified":"2026-04-15T14:24:30","modified_gmt":"2026-04-15T14:24:30","slug":"anua-rice-70-intensive-moisturizing-milk-150ml","status":"publish","type":"product","link":"https:\/\/k-beautyci.com\/fr\/produit\/anua-rice-70-intensive-moisturizing-milk-150ml\/","title":{"rendered":"Anua Rice 70 Intensive Moisturizing Milk 150ml"},"content":{"rendered":"<div class=\"ant-collapse-header\" role=\"tab\" aria-expanded=\"true\">\n<h5 class=\"ant-typography css-1xbspxg\">Comment l'utiliser :<\/h5>\n<\/div>\n<div class=\"ant-collapse-content ant-collapse-content-active\" role=\"tabpanel\">\n<div class=\"ant-collapse-content-box\">\n<div>\n<ul>\n<li>Utilisez ce lait hydratant \u00e0 l'\u00e9tape de l'hydratation de la routine de soins de la peau. Appliquer une quantit\u00e9 suffisante sur la peau et tapoter d\u00e9licatement pour permettre l'absorption.<\/li>\n<\/ul>\n<p>Avertissement : Pour usage externe uniquement. Toujours effectuer un test \u00e9picutan\u00e9. Cessez d'utiliser le produit si vous ressentez une quelconque g\u00eane. Suivre les instructions suppl\u00e9mentaires figurant sur l'emballage. Les r\u00e9sultats individuels peuvent varier.<\/p>\n<\/div>\n<\/div>\n<\/div>","protected":false},"excerpt":{"rendered":"<p>Hydratez et nourrissez votre peau avec le lait hydratant intensif au riz 70 d'Anua, un soin hydratant l\u00e9ger pour tous les jours qui aide \u00e0 renforcer l'\u00e9clat naturel de la peau. Ce lait hydratant a une texture semblable \u00e0 celle d'une lotion qui p\u00e9n\u00e8tre rapidement dans la peau. Il apporte une hydratation rapide et am\u00e9liore l'\u00e9quilibre de la peau. Il convient \u00e0 tous les types de peau. Il nourrit en profondeur, \u00e9claircit le teint et restaure l'\u00e9lasticit\u00e9 de la peau gr\u00e2ce \u00e0 70 % d'eau de riz d'Anua et de niacinamide. Les c\u00e9ramides et le squalane renforcent la barri\u00e8re naturelle d'hydratation de la peau et contribuent \u00e0 am\u00e9liorer la r\u00e9tention d'eau.<\/p>","protected":false},"featured_media":5805,"comment_status":"open","ping_status":"closed","template":"","meta":{"om_disable_all_campaigns":false},"product_brand":[],"product_cat":[183,148,26,74],"product_tag":[],"class_list":{"0":"post-5800","1":"product","2":"type-product","3":"status-publish","4":"has-post-thumbnail","6":"product_cat-anua","7":"product_cat-ceramide","8":"product_cat-face-moisturizer","9":"product_cat-niacinamide","11":"first","12":"instock","13":"sale","14":"shipping-taxable","15":"purchasable","16":"product-type-simple"},"aioseo_notices":[],"jetpack_sharing_enabled":true,"_links":{"self":[{"href":"https:\/\/k-beautyci.com\/fr\/wp-json\/wp\/v2\/product\/5800","targetHints":{"allow":["GET"]}}],"collection":[{"href":"https:\/\/k-beautyci.com\/fr\/wp-json\/wp\/v2\/product"}],"about":[{"href":"https:\/\/k-beautyci.com\/fr\/wp-json\/wp\/v2\/types\/product"}],"replies":[{"embeddable":true,"href":"https:\/\/k-beautyci.com\/fr\/wp-json\/wp\/v2\/comments?post=5800"}],"wp:featuredmedia":[{"embeddable":true,"href":"https:\/\/k-beautyci.com\/fr\/wp-json\/wp\/v2\/media\/5805"}],"wp:attachment":[{"href":"https:\/\/k-beautyci.com\/fr\/wp-json\/wp\/v2\/media?parent=5800"}],"wp:term":[{"taxonomy":"product_brand","embeddable":true,"href":"https:\/\/k-beautyci.com\/fr\/wp-json\/wp\/v2\/product_brand?post=5800"},{"taxonomy":"product_cat","embeddable":true,"href":"https:\/\/k-beautyci.com\/fr\/wp-json\/wp\/v2\/product_cat?post=5800"},{"taxonomy":"product_tag","embeddable":true,"href":"https:\/\/k-beautyci.com\/fr\/wp-json\/wp\/v2\/product_tag?post=5800"}],"curies":[{"name":"wp","href":"https:\/\/api.w.org\/{rel}","templated":true}]}}