{"id":5787,"date":"2024-10-31T00:25:41","date_gmt":"2024-10-31T00:25:41","guid":{"rendered":"https:\/\/k-beautyci.com\/?post_type=product&#038;p=5787"},"modified":"2025-05-02T10:20:36","modified_gmt":"2025-05-02T10:20:36","slug":"commonlabs-vitamin-c-brightening-ampoule","status":"publish","type":"product","link":"https:\/\/k-beautyci.com\/fr\/produit\/commonlabs-vitamin-c-brightening-ampoule\/","title":{"rendered":"COMMONLABS Vitamin C Brightening Ampoule"},"content":{"rendered":"<p><strong>COMMENT L'UTILISER :\u00a0<\/strong><br \/>\nApr\u00e8s le nettoyage, appliquer une quantit\u00e9 appropri\u00e9e sur le grain de la peau et laisser absorber.<\/p>\n<p>&nbsp;<\/p>\n<p>Avertissement : Pour usage externe uniquement. Toujours effectuer un test \u00e9picutan\u00e9. Cessez d'utiliser le produit si vous ressentez une quelconque g\u00eane. Suivre les instructions suppl\u00e9mentaires figurant sur l'emballage. Les r\u00e9sultats individuels peuvent varier.<\/p>","protected":false},"excerpt":{"rendered":"<p>Une ampoule qui illumine la peau en lui apportant une nutrition vitamin\u00e9e riche et vari\u00e9e. Contient de l'eau d'hippophae rhamnoides extraite de l'hippophae rhamnoides, la plus ancienne plante sur Terre, qui fournit \u00e0 la peau de puissants nutriments vitaminiques.<\/p>","protected":false},"featured_media":5793,"comment_status":"open","ping_status":"closed","template":"","meta":{"om_disable_all_campaigns":false},"product_brand":[],"product_cat":[31,72],"product_tag":[],"class_list":{"0":"post-5787","1":"product","2":"type-product","3":"status-publish","4":"has-post-thumbnail","6":"product_cat-face-serums","7":"product_cat-vitamin-c","9":"first","10":"outofstock","11":"shipping-taxable","12":"purchasable","13":"product-type-simple"},"aioseo_notices":[],"jetpack_sharing_enabled":true,"_links":{"self":[{"href":"https:\/\/k-beautyci.com\/fr\/wp-json\/wp\/v2\/product\/5787","targetHints":{"allow":["GET"]}}],"collection":[{"href":"https:\/\/k-beautyci.com\/fr\/wp-json\/wp\/v2\/product"}],"about":[{"href":"https:\/\/k-beautyci.com\/fr\/wp-json\/wp\/v2\/types\/product"}],"replies":[{"embeddable":true,"href":"https:\/\/k-beautyci.com\/fr\/wp-json\/wp\/v2\/comments?post=5787"}],"wp:featuredmedia":[{"embeddable":true,"href":"https:\/\/k-beautyci.com\/fr\/wp-json\/wp\/v2\/media\/5793"}],"wp:attachment":[{"href":"https:\/\/k-beautyci.com\/fr\/wp-json\/wp\/v2\/media?parent=5787"}],"wp:term":[{"taxonomy":"product_brand","embeddable":true,"href":"https:\/\/k-beautyci.com\/fr\/wp-json\/wp\/v2\/product_brand?post=5787"},{"taxonomy":"product_cat","embeddable":true,"href":"https:\/\/k-beautyci.com\/fr\/wp-json\/wp\/v2\/product_cat?post=5787"},{"taxonomy":"product_tag","embeddable":true,"href":"https:\/\/k-beautyci.com\/fr\/wp-json\/wp\/v2\/product_tag?post=5787"}],"curies":[{"name":"wp","href":"https:\/\/api.w.org\/{rel}","templated":true}]}}