{"id":5780,"date":"2024-10-31T00:26:13","date_gmt":"2024-10-31T00:26:13","guid":{"rendered":"https:\/\/k-beautyci.com\/?post_type=product&#038;p=5780"},"modified":"2026-04-11T20:45:17","modified_gmt":"2026-04-11T20:45:17","slug":"medicube-pdrn-pink-peptide-serum","status":"publish","type":"product","link":"https:\/\/k-beautyci.com\/fr\/produit\/medicube-pdrn-pink-peptide-serum\/","title":{"rendered":"Medicube PDRN Pink Peptide Serum"},"content":{"rendered":"<p>Comment l'utiliser :<\/p>\n<p>Appliquer une quantit\u00e9 appropri\u00e9e sur le grain de la peau apr\u00e8s avoir lav\u00e9 le visage et tapoter l\u00e9g\u00e8rement pour faire p\u00e9n\u00e9trer le produit.<\/p>\n<p>Avertissement : Pour usage externe uniquement. Toujours effectuer un test \u00e9picutan\u00e9. Cessez d'utiliser le produit si vous ressentez une quelconque g\u00eane. Suivre les instructions suppl\u00e9mentaires figurant sur l'emballage. Les r\u00e9sultats individuels peuvent varier.<\/p>","protected":false},"excerpt":{"rendered":"<p><span class=\"a-list-item\">Ce s\u00e9rum \u00e0 l'\u00e9clat rose cible les peaux ternes et stimule l'\u00e9lasticit\u00e9, aidant \u00e0 pr\u00e9venir les \u00e9ruptions futures tout en am\u00e9liorant l'\u00e9clat et l'\u00e9lasticit\u00e9 de la peau. <\/span><span class=\"a-list-item\">La rose PDRN stimule le renouvellement et la r\u00e9paration de la peau, donnant \u00e0 votre peau un teint plus clair et plus lumineux. Il favorise un teint plus uniforme et un \u00e9clat naturel en am\u00e9liorant la sant\u00e9 de la peau. <\/span><span class=\"a-list-item\">Contenant du PDRN de rose, cinq types de complexes peptidiques, de la niacinamide, de l'ad\u00e9nosine et de l'extrait de feuille d'Ocimum Sanctum (basilic sacr\u00e9), cette formule apporte un soin efficace aux irr\u00e9gularit\u00e9s du teint et \u00e0 l'\u00e9lasticit\u00e9 de la peau.<\/span><\/p>","protected":false},"featured_media":5786,"comment_status":"open","ping_status":"closed","template":"","meta":{"om_disable_all_campaigns":false},"product_brand":[],"product_cat":[31,215],"product_tag":[],"class_list":{"0":"post-5780","1":"product","2":"type-product","3":"status-publish","4":"has-post-thumbnail","6":"product_cat-face-serums","7":"product_cat-medicube","9":"first","10":"instock","11":"shipping-taxable","12":"purchasable","13":"product-type-simple"},"aioseo_notices":[],"jetpack_sharing_enabled":true,"_links":{"self":[{"href":"https:\/\/k-beautyci.com\/fr\/wp-json\/wp\/v2\/product\/5780","targetHints":{"allow":["GET"]}}],"collection":[{"href":"https:\/\/k-beautyci.com\/fr\/wp-json\/wp\/v2\/product"}],"about":[{"href":"https:\/\/k-beautyci.com\/fr\/wp-json\/wp\/v2\/types\/product"}],"replies":[{"embeddable":true,"href":"https:\/\/k-beautyci.com\/fr\/wp-json\/wp\/v2\/comments?post=5780"}],"wp:featuredmedia":[{"embeddable":true,"href":"https:\/\/k-beautyci.com\/fr\/wp-json\/wp\/v2\/media\/5786"}],"wp:attachment":[{"href":"https:\/\/k-beautyci.com\/fr\/wp-json\/wp\/v2\/media?parent=5780"}],"wp:term":[{"taxonomy":"product_brand","embeddable":true,"href":"https:\/\/k-beautyci.com\/fr\/wp-json\/wp\/v2\/product_brand?post=5780"},{"taxonomy":"product_cat","embeddable":true,"href":"https:\/\/k-beautyci.com\/fr\/wp-json\/wp\/v2\/product_cat?post=5780"},{"taxonomy":"product_tag","embeddable":true,"href":"https:\/\/k-beautyci.com\/fr\/wp-json\/wp\/v2\/product_tag?post=5780"}],"curies":[{"name":"wp","href":"https:\/\/api.w.org\/{rel}","templated":true}]}}