{"id":5773,"date":"2024-10-30T17:05:38","date_gmt":"2024-10-30T17:05:38","guid":{"rendered":"https:\/\/k-beautyci.com\/?post_type=product&#038;p=5773"},"modified":"2026-04-09T00:08:18","modified_gmt":"2026-04-09T00:08:18","slug":"medicube-triple-collagen-serum-30ml","status":"publish","type":"product","link":"https:\/\/k-beautyci.com\/fr\/produit\/medicube-triple-collagen-serum-30ml\/","title":{"rendered":"Medicube Triple Collagen Serum 30ml"},"content":{"rendered":"<p>Comment l'utiliser :<\/p>\n<p><span class=\"a-list-item\">Appliquer une petite quantit\u00e9 de s\u00e9rum sur le visage et le cou, en \u00e9vitant le contour des yeux. Masser doucement en mouvements circulaires jusqu'\u00e0 absorption compl\u00e8te. Utiliser quotidiennement le matin et le soir pour de meilleurs r\u00e9sultats.<\/span><\/p>\n<p>&nbsp;<\/p>\n<p>Avertissement : Pour usage externe uniquement. Toujours effectuer un test \u00e9picutan\u00e9. Cessez d'utiliser le produit si vous ressentez une quelconque g\u00eane. Suivre les instructions suppl\u00e9mentaires figurant sur l'emballage. Les r\u00e9sultats individuels peuvent varier.<\/p>","protected":false},"excerpt":{"rendered":"<p><span class=\"a-list-item\">Medicube Triple Collagen Serum est un s\u00e9rum puissant qui aide \u00e0 renforcer l'\u00e9lasticit\u00e9 de la peau et \u00e0 nourrir les peaux ternes en leur donnant un \u00e9clat de verre enviable. Le triple complexe de collag\u00e8ne, compos\u00e9 de collag\u00e8ne hydrolys\u00e9, de collag\u00e8ne atelo et de collag\u00e8ne soluble, p\u00e9n\u00e8tre plus rapidement et plus profond\u00e9ment dans la barri\u00e8re cutan\u00e9e, fournissant m\u00eame \u00e0 la couche la plus profonde de la peau les nutriments essentiels pour une peau rebondie et d'apparence saine.<\/span><\/p>","protected":false},"featured_media":5779,"comment_status":"open","ping_status":"closed","template":"","meta":{"om_disable_all_campaigns":false},"product_brand":[],"product_cat":[57,31,215],"product_tag":[],"class_list":{"0":"post-5773","1":"product","2":"type-product","3":"status-publish","4":"has-post-thumbnail","6":"product_cat-anti-aging","7":"product_cat-face-serums","8":"product_cat-medicube","10":"first","11":"instock","12":"sale","13":"shipping-taxable","14":"purchasable","15":"product-type-simple"},"aioseo_notices":[],"jetpack_sharing_enabled":true,"_links":{"self":[{"href":"https:\/\/k-beautyci.com\/fr\/wp-json\/wp\/v2\/product\/5773","targetHints":{"allow":["GET"]}}],"collection":[{"href":"https:\/\/k-beautyci.com\/fr\/wp-json\/wp\/v2\/product"}],"about":[{"href":"https:\/\/k-beautyci.com\/fr\/wp-json\/wp\/v2\/types\/product"}],"replies":[{"embeddable":true,"href":"https:\/\/k-beautyci.com\/fr\/wp-json\/wp\/v2\/comments?post=5773"}],"wp:featuredmedia":[{"embeddable":true,"href":"https:\/\/k-beautyci.com\/fr\/wp-json\/wp\/v2\/media\/5779"}],"wp:attachment":[{"href":"https:\/\/k-beautyci.com\/fr\/wp-json\/wp\/v2\/media?parent=5773"}],"wp:term":[{"taxonomy":"product_brand","embeddable":true,"href":"https:\/\/k-beautyci.com\/fr\/wp-json\/wp\/v2\/product_brand?post=5773"},{"taxonomy":"product_cat","embeddable":true,"href":"https:\/\/k-beautyci.com\/fr\/wp-json\/wp\/v2\/product_cat?post=5773"},{"taxonomy":"product_tag","embeddable":true,"href":"https:\/\/k-beautyci.com\/fr\/wp-json\/wp\/v2\/product_tag?post=5773"}],"curies":[{"name":"wp","href":"https:\/\/api.w.org\/{rel}","templated":true}]}}