{"id":5765,"date":"2024-10-30T15:25:43","date_gmt":"2024-10-30T15:25:43","guid":{"rendered":"https:\/\/k-beautyci.com\/?post_type=product&#038;p=5765"},"modified":"2026-03-14T14:57:28","modified_gmt":"2026-03-14T14:57:28","slug":"cos-de-baha-tranexamic-acid-5-serum-with-niacinamide-5-serum-60ml","status":"publish","type":"product","link":"https:\/\/k-beautyci.com\/fr\/produit\/cos-de-baha-tranexamic-acid-5-serum-with-niacinamide-5-serum-60ml\/","title":{"rendered":"Cos de Baha Tranexamic Acid 5% Serum with Niacinamide 5% Serum 60ml"},"content":{"rendered":"<p>Avertissement : Pour usage externe uniquement. Toujours effectuer un test \u00e9picutan\u00e9. Cessez d'utiliser le produit si vous ressentez une quelconque g\u00eane. Suivre les instructions suppl\u00e9mentaires figurant sur l'emballage. Les r\u00e9sultats individuels peuvent varier.<\/p>","protected":false},"excerpt":{"rendered":"<p>L'acide tranexamique peut traiter efficacement la pigmentation existante et les produits contenant cet ingr\u00e9dient sont recommand\u00e9s pour pr\u00e9venir la pigmentation post-inflammatoire (PIH). Cet ingr\u00e9dient int\u00e9ressant aide \u00e0 estomper visiblement l'apparence de multiples formes de d\u00e9colorations, y compris les marques post-acn\u00e9iques et le m\u00e9lasma, qui peuvent \u00eatre particuli\u00e8rement tenaces.<\/p>","protected":false},"featured_media":5770,"comment_status":"open","ping_status":"closed","template":"","meta":{"om_disable_all_campaigns":false},"product_brand":[],"product_cat":[197,52,31],"product_tag":[],"class_list":{"0":"post-5765","1":"product","2":"type-product","3":"status-publish","4":"has-post-thumbnail","6":"product_cat-cos-de-baha","7":"product_cat-dark-spots","8":"product_cat-face-serums","10":"first","11":"instock","12":"shipping-taxable","13":"purchasable","14":"product-type-simple"},"aioseo_notices":[],"jetpack_sharing_enabled":true,"_links":{"self":[{"href":"https:\/\/k-beautyci.com\/fr\/wp-json\/wp\/v2\/product\/5765","targetHints":{"allow":["GET"]}}],"collection":[{"href":"https:\/\/k-beautyci.com\/fr\/wp-json\/wp\/v2\/product"}],"about":[{"href":"https:\/\/k-beautyci.com\/fr\/wp-json\/wp\/v2\/types\/product"}],"replies":[{"embeddable":true,"href":"https:\/\/k-beautyci.com\/fr\/wp-json\/wp\/v2\/comments?post=5765"}],"wp:featuredmedia":[{"embeddable":true,"href":"https:\/\/k-beautyci.com\/fr\/wp-json\/wp\/v2\/media\/5770"}],"wp:attachment":[{"href":"https:\/\/k-beautyci.com\/fr\/wp-json\/wp\/v2\/media?parent=5765"}],"wp:term":[{"taxonomy":"product_brand","embeddable":true,"href":"https:\/\/k-beautyci.com\/fr\/wp-json\/wp\/v2\/product_brand?post=5765"},{"taxonomy":"product_cat","embeddable":true,"href":"https:\/\/k-beautyci.com\/fr\/wp-json\/wp\/v2\/product_cat?post=5765"},{"taxonomy":"product_tag","embeddable":true,"href":"https:\/\/k-beautyci.com\/fr\/wp-json\/wp\/v2\/product_tag?post=5765"}],"curies":[{"name":"wp","href":"https:\/\/api.w.org\/{rel}","templated":true}]}}