{"id":5761,"date":"2024-10-30T14:46:58","date_gmt":"2024-10-30T14:46:58","guid":{"rendered":"https:\/\/k-beautyci.com\/?post_type=product&#038;p=5761"},"modified":"2026-01-31T01:24:21","modified_gmt":"2026-01-31T01:24:21","slug":"cos-de-baha-arbutin-5-with-niacinamide-5-serum","status":"publish","type":"product","link":"https:\/\/k-beautyci.com\/fr\/produit\/cos-de-baha-arbutin-5-with-niacinamide-5-serum\/","title":{"rendered":"Cos de Baha Arbutin 5% with Niacinamide 5% Serum"},"content":{"rendered":"<p>Comment l'utiliser :<\/p>\n<p>Apr\u00e8s avoir nettoy\u00e9 et tonifi\u00e9 votre visage. Appliquer 1~2 gouttes de s\u00e9rum le jour et la nuit. Ne pas se laver ou s'essuyer apr\u00e8s l'application du s\u00e9rum. Apr\u00e8s l'application de ce s\u00e9rum, il est recommand\u00e9 d'utiliser une cr\u00e8me hydratante.<\/p>\n<p>Avertissement : Pour usage externe uniquement. Toujours effectuer un test \u00e9picutan\u00e9. Cessez d'utiliser le produit si vous ressentez une quelconque g\u00eane. Suivre les instructions suppl\u00e9mentaires figurant sur l'emballage. Les r\u00e9sultats individuels peuvent varier.<\/p>","protected":false},"excerpt":{"rendered":"<p>Si vous \u00eates pr\u00e9occup\u00e9e par votre peau fonc\u00e9e et les effets secondaires de l'hydroquinone, le s\u00e9rum AN de Cos De BAHA est la solution. L'arbutine est un compos\u00e9 v\u00e9g\u00e9tal qui ressemble \u00e0 l'hydroquinone synth\u00e9tique, mais qui a un effet sur la peau sans effets secondaires ni risques, ce qui rend l'arbutine s\u00fbre et efficace pour les personnes dont le teint est sensible et irr\u00e9gulier.<\/p>","protected":false},"featured_media":5764,"comment_status":"open","ping_status":"closed","template":"","meta":{"om_disable_all_campaigns":false},"product_brand":[],"product_cat":[60,197,52],"product_tag":[],"class_list":{"0":"post-5761","1":"product","2":"type-product","3":"status-publish","4":"has-post-thumbnail","6":"product_cat-acne","7":"product_cat-cos-de-baha","8":"product_cat-dark-spots","10":"first","11":"instock","12":"shipping-taxable","13":"purchasable","14":"product-type-simple"},"aioseo_notices":[],"jetpack_sharing_enabled":true,"_links":{"self":[{"href":"https:\/\/k-beautyci.com\/fr\/wp-json\/wp\/v2\/product\/5761","targetHints":{"allow":["GET"]}}],"collection":[{"href":"https:\/\/k-beautyci.com\/fr\/wp-json\/wp\/v2\/product"}],"about":[{"href":"https:\/\/k-beautyci.com\/fr\/wp-json\/wp\/v2\/types\/product"}],"replies":[{"embeddable":true,"href":"https:\/\/k-beautyci.com\/fr\/wp-json\/wp\/v2\/comments?post=5761"}],"wp:featuredmedia":[{"embeddable":true,"href":"https:\/\/k-beautyci.com\/fr\/wp-json\/wp\/v2\/media\/5764"}],"wp:attachment":[{"href":"https:\/\/k-beautyci.com\/fr\/wp-json\/wp\/v2\/media?parent=5761"}],"wp:term":[{"taxonomy":"product_brand","embeddable":true,"href":"https:\/\/k-beautyci.com\/fr\/wp-json\/wp\/v2\/product_brand?post=5761"},{"taxonomy":"product_cat","embeddable":true,"href":"https:\/\/k-beautyci.com\/fr\/wp-json\/wp\/v2\/product_cat?post=5761"},{"taxonomy":"product_tag","embeddable":true,"href":"https:\/\/k-beautyci.com\/fr\/wp-json\/wp\/v2\/product_tag?post=5761"}],"curies":[{"name":"wp","href":"https:\/\/api.w.org\/{rel}","templated":true}]}}