{"id":5743,"date":"2024-10-29T21:22:29","date_gmt":"2024-10-29T21:22:29","guid":{"rendered":"https:\/\/k-beautyci.com\/?post_type=product&#038;p=5743"},"modified":"2026-01-30T18:30:33","modified_gmt":"2026-01-30T18:30:33","slug":"haruharu-wonder-black-rice-triple-aha-gentle-cleansing-gel-unscented100-ml","status":"publish","type":"product","link":"https:\/\/k-beautyci.com\/fr\/produit\/haruharu-wonder-black-rice-triple-aha-gentle-cleansing-gel-unscented100-ml\/","title":{"rendered":"HaruHaru Wonder Black Rice Triple AHA Gentle Cleansing Gel Unscented100 ml"},"content":{"rendered":"<p>Comment l'utiliser :<\/p>\n<p>Presser une quantit\u00e9 suffisante. Faire mousser entre les paumes humides. Masser d\u00e9licatement la peau en effectuant des mouvements circulaires. Rincer abondamment \u00e0 l'eau ti\u00e8de.<\/p>\n<p>Avertissement : Pour usage externe uniquement. Toujours effectuer un test \u00e9picutan\u00e9. Cessez d'utiliser le produit si vous ressentez une quelconque g\u00eane. Suivre les instructions suppl\u00e9mentaires figurant sur l'emballage. Les r\u00e9sultats individuels peuvent varier.<\/p>","protected":false},"excerpt":{"rendered":"<p>Ce gel nettoyant exfoliant doux convient \u00e0 tous les types de peau, y compris les peaux sensibles. Avec un pH faible et des tensioactifs d'origine v\u00e9g\u00e9tale issus de l'huile de coco, il forme une mousse fine qui \u00e9limine efficacement les impuret\u00e9s. Le m\u00e9lange triple AHA assure une \u00e9limination d\u00e9licate des cellules mortes, laissant votre peau rafra\u00eechie et hydrat\u00e9e.<\/p>","protected":false},"featured_media":5745,"comment_status":"open","ping_status":"closed","template":"","meta":{"om_disable_all_campaigns":false},"product_brand":[],"product_cat":[35,152],"product_tag":[],"class_list":{"0":"post-5743","1":"product","2":"type-product","3":"status-publish","4":"has-post-thumbnail","6":"product_cat-face-cleansers","7":"product_cat-haruharu-wonder","9":"first","10":"instock","11":"shipping-taxable","12":"purchasable","13":"product-type-simple"},"aioseo_notices":[],"jetpack_sharing_enabled":true,"_links":{"self":[{"href":"https:\/\/k-beautyci.com\/fr\/wp-json\/wp\/v2\/product\/5743","targetHints":{"allow":["GET"]}}],"collection":[{"href":"https:\/\/k-beautyci.com\/fr\/wp-json\/wp\/v2\/product"}],"about":[{"href":"https:\/\/k-beautyci.com\/fr\/wp-json\/wp\/v2\/types\/product"}],"replies":[{"embeddable":true,"href":"https:\/\/k-beautyci.com\/fr\/wp-json\/wp\/v2\/comments?post=5743"}],"wp:featuredmedia":[{"embeddable":true,"href":"https:\/\/k-beautyci.com\/fr\/wp-json\/wp\/v2\/media\/5745"}],"wp:attachment":[{"href":"https:\/\/k-beautyci.com\/fr\/wp-json\/wp\/v2\/media?parent=5743"}],"wp:term":[{"taxonomy":"product_brand","embeddable":true,"href":"https:\/\/k-beautyci.com\/fr\/wp-json\/wp\/v2\/product_brand?post=5743"},{"taxonomy":"product_cat","embeddable":true,"href":"https:\/\/k-beautyci.com\/fr\/wp-json\/wp\/v2\/product_cat?post=5743"},{"taxonomy":"product_tag","embeddable":true,"href":"https:\/\/k-beautyci.com\/fr\/wp-json\/wp\/v2\/product_tag?post=5743"}],"curies":[{"name":"wp","href":"https:\/\/api.w.org\/{rel}","templated":true}]}}