{"id":5740,"date":"2024-10-29T15:52:06","date_gmt":"2024-10-29T15:52:06","guid":{"rendered":"https:\/\/k-beautyci.com\/?post_type=product&#038;p=5740"},"modified":"2026-02-06T10:36:00","modified_gmt":"2026-02-06T10:36:00","slug":"purito-wonder-releaf-centella-mini-kit-unscented","status":"publish","type":"product","link":"https:\/\/k-beautyci.com\/fr\/produit\/purito-wonder-releaf-centella-mini-kit-unscented\/","title":{"rendered":"PURITO Wonder Releaf Centella Mini Kit Unscented"},"content":{"rendered":"<p>Wonder Releaf Centella Toner Unscented &#8211; 30 mL<br \/>\nWonder Releaf Centella Serum Unscented-\u00a0 15 mL<br \/>\nWonder Releaf Centella Cream Unscented- 15 mL<\/p>\n<p>&nbsp;<\/p>\n<p>Comment l'utiliser :<\/p>\n<p>Wonder Releaf Centella Toner Unscented:<br \/>\nApr\u00e8s le nettoyage, d\u00e9poser une quantit\u00e9 mod\u00e9r\u00e9e de tonique sur la paume de la main ou sur un coton. Appliquez-la sur la peau et tapotez l\u00e9g\u00e8rement.<br \/>\nWonder Releaf Centella Serum Unscented:<br \/>\nApr\u00e8s le nettoyant et le tonique, prendre 2-3 pompes et les r\u00e9partir sur le visage et le cou. Tapoter l\u00e9g\u00e8rement pour faciliter l'absorption.<br \/>\nWonder Releaf Centella Cream Unscented:<br \/>\nApr\u00e8s le s\u00e9rum, prendre une quantit\u00e9 de la taille d'un quart et masser la peau du bout des doigts jusqu'\u00e0 absorption compl\u00e8te.<\/p>\n<p>&nbsp;<\/p>\n<p>Avertissement : Pour usage externe uniquement. Toujours effectuer un test \u00e9picutan\u00e9. Cessez d'utiliser le produit si vous ressentez une quelconque g\u00eane. Suivre les instructions suppl\u00e9mentaires figurant sur l'emballage. Les r\u00e9sultats individuels peuvent varier.<\/p>\n<p>&nbsp;<\/p>","protected":false},"excerpt":{"rendered":"<p class=\"jt-typo--06\">Routine de soins tout-en-un : Faites l'exp\u00e9rience de la gamme Wonder Releaf et d\u00e9couvrez votre propre routine de soins. Apaisement rapide : les Wonder Releaf Minis calment instantan\u00e9ment la peau en lui apportant un confort et un apaisement imm\u00e9diats : Des soins en format mini qui peuvent \u00eatre utilis\u00e9s en voyage ou lors de sorties.<\/p>","protected":false},"featured_media":5742,"comment_status":"open","ping_status":"closed","template":"","meta":{"om_disable_all_campaigns":false},"product_brand":[],"product_cat":[88,64,200],"product_tag":[],"class_list":{"0":"post-5740","1":"product","2":"type-product","3":"status-publish","4":"has-post-thumbnail","6":"product_cat-centella","7":"product_cat-kits-duos","8":"product_cat-purito","10":"first","11":"instock","12":"sale","13":"shipping-taxable","14":"purchasable","15":"product-type-simple"},"aioseo_notices":[],"jetpack_sharing_enabled":true,"_links":{"self":[{"href":"https:\/\/k-beautyci.com\/fr\/wp-json\/wp\/v2\/product\/5740","targetHints":{"allow":["GET"]}}],"collection":[{"href":"https:\/\/k-beautyci.com\/fr\/wp-json\/wp\/v2\/product"}],"about":[{"href":"https:\/\/k-beautyci.com\/fr\/wp-json\/wp\/v2\/types\/product"}],"replies":[{"embeddable":true,"href":"https:\/\/k-beautyci.com\/fr\/wp-json\/wp\/v2\/comments?post=5740"}],"wp:featuredmedia":[{"embeddable":true,"href":"https:\/\/k-beautyci.com\/fr\/wp-json\/wp\/v2\/media\/5742"}],"wp:attachment":[{"href":"https:\/\/k-beautyci.com\/fr\/wp-json\/wp\/v2\/media?parent=5740"}],"wp:term":[{"taxonomy":"product_brand","embeddable":true,"href":"https:\/\/k-beautyci.com\/fr\/wp-json\/wp\/v2\/product_brand?post=5740"},{"taxonomy":"product_cat","embeddable":true,"href":"https:\/\/k-beautyci.com\/fr\/wp-json\/wp\/v2\/product_cat?post=5740"},{"taxonomy":"product_tag","embeddable":true,"href":"https:\/\/k-beautyci.com\/fr\/wp-json\/wp\/v2\/product_tag?post=5740"}],"curies":[{"name":"wp","href":"https:\/\/api.w.org\/{rel}","templated":true}]}}