{"id":5731,"date":"2024-10-29T15:33:15","date_gmt":"2024-10-29T15:33:15","guid":{"rendered":"https:\/\/k-beautyci.com\/?post_type=product&#038;p=5731"},"modified":"2025-09-01T06:51:30","modified_gmt":"2025-09-01T06:51:30","slug":"by-wishtrend-vitamin-a-mazing-bakuchiol-night-cream","status":"publish","type":"product","link":"https:\/\/k-beautyci.com\/fr\/produit\/by-wishtrend-vitamin-a-mazing-bakuchiol-night-cream\/","title":{"rendered":"By Wishtrend Vitamin A-mazing Bakuchiol Night Cream"},"content":{"rendered":"<p>Comment l'utiliser :<\/p>\n<p>Appliquer 1 pompe sur le visage apr\u00e8s le nettoyage et la tonification du soir.<\/p>\n<p>Si vous avez la peau sensible ou si vous n'avez jamais utilis\u00e9 de produits \u00e0 base de vitamine A, nous vous recommandons d'ajuster la quantit\u00e9 ou la fr\u00e9quence. Lorsque vous utilisez ce produit pour la premi\u00e8re fois, appliquez une petite quantit\u00e9 sur votre peau et surveillez les r\u00e9actions \u00e9ventuelles. Augmentez lentement la quantit\u00e9 utilis\u00e9e jusqu'\u00e0 ce que vous trouviez l'\u00e9quilibre appropri\u00e9 pour votre peau.<\/p>\n<p>Toujours effectuer un test \u00e9picutan\u00e9. Utiliser uniquement selon les instructions. Ne pas utiliser sur une peau ab\u00eem\u00e9e. \u00c9viter l'utilisation pendant la grossesse ou l'allaitement. Ne pas utiliser imm\u00e9diatement apr\u00e8s un gommage. \u00c9viter d'utiliser ce produit en m\u00eame temps que des produits \u00e0 base de vitamine C ou d'acide. En cas d'irritation de la peau lors de l'utilisation de ce produit, r\u00e9duire la quantit\u00e9 ou la fr\u00e9quence d'utilisation et arr\u00eater l'utilisation si l'irritation persiste. Suivre les instructions suppl\u00e9mentaires figurant sur l'emballage. Avant de s'exposer au soleil, il est recommand\u00e9 aux utilisateurs de couvrir les zones o\u00f9 des r\u00e9tino\u00efdes ont \u00e9t\u00e9 appliqu\u00e9s avec un \u00e9cran solaire. Le contact du produit avec la peau doit \u00eatre limit\u00e9 en fr\u00e9quence et en dur\u00e9e. Les r\u00e9sultats individuels peuvent varier.<\/p>","protected":false},"excerpt":{"rendered":"<p>This nourishing and hydrating cream contains retinal (vitamin A), a more&nbsp;active form of traditional retinol, and bakuchiol, a natural plant-based retinol. These ingredients are both proven to effectively diminish the appearance of wrinkles, minimize the look of pores, dullness, and other visible signs of aging by gently renewing the skin\u2019s surface over time.<\/p>\n<p>Exp:09\/2025<\/p>","protected":false},"featured_media":5739,"comment_status":"open","ping_status":"closed","template":"","meta":{"om_disable_all_campaigns":false},"product_brand":[],"product_cat":[179],"product_tag":[],"class_list":{"0":"post-5731","1":"product","2":"type-product","3":"status-publish","4":"has-post-thumbnail","6":"product_cat-wishtrend","8":"first","9":"outofstock","10":"sale","11":"shipping-taxable","12":"purchasable","13":"product-type-simple"},"aioseo_notices":[],"jetpack_sharing_enabled":true,"_links":{"self":[{"href":"https:\/\/k-beautyci.com\/fr\/wp-json\/wp\/v2\/product\/5731","targetHints":{"allow":["GET"]}}],"collection":[{"href":"https:\/\/k-beautyci.com\/fr\/wp-json\/wp\/v2\/product"}],"about":[{"href":"https:\/\/k-beautyci.com\/fr\/wp-json\/wp\/v2\/types\/product"}],"replies":[{"embeddable":true,"href":"https:\/\/k-beautyci.com\/fr\/wp-json\/wp\/v2\/comments?post=5731"}],"wp:featuredmedia":[{"embeddable":true,"href":"https:\/\/k-beautyci.com\/fr\/wp-json\/wp\/v2\/media\/5739"}],"wp:attachment":[{"href":"https:\/\/k-beautyci.com\/fr\/wp-json\/wp\/v2\/media?parent=5731"}],"wp:term":[{"taxonomy":"product_brand","embeddable":true,"href":"https:\/\/k-beautyci.com\/fr\/wp-json\/wp\/v2\/product_brand?post=5731"},{"taxonomy":"product_cat","embeddable":true,"href":"https:\/\/k-beautyci.com\/fr\/wp-json\/wp\/v2\/product_cat?post=5731"},{"taxonomy":"product_tag","embeddable":true,"href":"https:\/\/k-beautyci.com\/fr\/wp-json\/wp\/v2\/product_tag?post=5731"}],"curies":[{"name":"wp","href":"https:\/\/api.w.org\/{rel}","templated":true}]}}