{"id":5721,"date":"2024-10-29T20:19:41","date_gmt":"2024-10-29T20:19:41","guid":{"rendered":"https:\/\/k-beautyci.com\/?post_type=product&#038;p=5721"},"modified":"2025-11-07T12:57:51","modified_gmt":"2025-11-07T12:57:51","slug":"some-by-mi-beta-panthenol-repair-serum-30ml","status":"publish","type":"product","link":"https:\/\/k-beautyci.com\/fr\/produit\/some-by-mi-beta-panthenol-repair-serum-30ml\/","title":{"rendered":"SOME BY MI Beta Panthenol Repair Serum 30ml"},"content":{"rendered":"<p>Comment l'utiliser :<\/p>\n<p>Apr\u00e8s le nettoyage et l'utilisation de la lotion tonique, appliquer une quantit\u00e9 ad\u00e9quate sur la peau et tapoter d\u00e9licatement pour faire p\u00e9n\u00e9trer le produit.<\/p>\n<p>Avertissement : Pour usage externe uniquement. Toujours effectuer un test \u00e9picutan\u00e9. Cessez d'utiliser le produit si vous ressentez une quelconque g\u00eane. Suivre les instructions suppl\u00e9mentaires figurant sur l'emballage. Les r\u00e9sultats individuels peuvent varier.<\/p>","protected":false},"excerpt":{"rendered":"<p>Formul\u00e9 avec le Beta Panthenol de SOME BY MI (un m\u00e9lange de d-panth\u00e9nol et de beta-sitost\u00e9rol), ce s\u00e9rum apportera \u00e0 votre peau une hydratation intense et nourrissante.<\/p>","protected":false},"featured_media":5722,"comment_status":"open","ping_status":"closed","template":"","meta":{"om_disable_all_campaigns":false},"product_brand":[],"product_cat":[148,31,85],"product_tag":[],"class_list":{"0":"post-5721","1":"product","2":"type-product","3":"status-publish","4":"has-post-thumbnail","6":"product_cat-ceramide","7":"product_cat-face-serums","8":"product_cat-some-by-mi","10":"first","11":"outofstock","12":"shipping-taxable","13":"purchasable","14":"product-type-simple"},"aioseo_notices":[],"jetpack_sharing_enabled":true,"_links":{"self":[{"href":"https:\/\/k-beautyci.com\/fr\/wp-json\/wp\/v2\/product\/5721","targetHints":{"allow":["GET"]}}],"collection":[{"href":"https:\/\/k-beautyci.com\/fr\/wp-json\/wp\/v2\/product"}],"about":[{"href":"https:\/\/k-beautyci.com\/fr\/wp-json\/wp\/v2\/types\/product"}],"replies":[{"embeddable":true,"href":"https:\/\/k-beautyci.com\/fr\/wp-json\/wp\/v2\/comments?post=5721"}],"wp:featuredmedia":[{"embeddable":true,"href":"https:\/\/k-beautyci.com\/fr\/wp-json\/wp\/v2\/media\/5722"}],"wp:attachment":[{"href":"https:\/\/k-beautyci.com\/fr\/wp-json\/wp\/v2\/media?parent=5721"}],"wp:term":[{"taxonomy":"product_brand","embeddable":true,"href":"https:\/\/k-beautyci.com\/fr\/wp-json\/wp\/v2\/product_brand?post=5721"},{"taxonomy":"product_cat","embeddable":true,"href":"https:\/\/k-beautyci.com\/fr\/wp-json\/wp\/v2\/product_cat?post=5721"},{"taxonomy":"product_tag","embeddable":true,"href":"https:\/\/k-beautyci.com\/fr\/wp-json\/wp\/v2\/product_tag?post=5721"}],"curies":[{"name":"wp","href":"https:\/\/api.w.org\/{rel}","templated":true}]}}