{"id":5715,"date":"2024-10-29T15:38:06","date_gmt":"2024-10-29T15:38:06","guid":{"rendered":"https:\/\/k-beautyci.com\/?post_type=product&#038;p=5715"},"modified":"2026-02-17T01:52:22","modified_gmt":"2026-02-17T01:52:22","slug":"axis-y-new-skin-resolution-gel-mask","status":"publish","type":"product","link":"https:\/\/k-beautyci.com\/fr\/produit\/axis-y-new-skin-resolution-gel-mask\/","title":{"rendered":"AXIS-Y New Skin Resolution Gel Mask"},"content":{"rendered":"<p>Comment l'utiliser :<\/p>\n<div class=\"description-item active\">\n<div class=\"body\">\n<p>Appliquez une couche uniforme du masque sur le visage avec des mains propres ou une spatule de soin. Laisser agir pendant environ 1 minute, puis rincer compl\u00e8tement \u00e0 l'eau ti\u00e8de. Poursuivez avec votre routine de soins habituelle.<\/p>\n<p>Avertissement : Pour usage externe uniquement. Toujours effectuer un test \u00e9picutan\u00e9. Cessez d'utiliser le produit si vous ressentez une quelconque g\u00eane. Suivre les instructions suppl\u00e9mentaires figurant sur l'emballage. Les r\u00e9sultats individuels peuvent varier.<\/p>\n<\/div>\n<\/div>\n<div class=\"description-item\">\n<h2 class=\"title\"><\/h2>\n<\/div>","protected":false},"excerpt":{"rendered":"<p>\u00c9claircissez votre teint et donnez-lui de l'\u00e9clat. Ce masque gel apaisant est formul\u00e9 avec 2% de niacinamide pour aider \u00e0 prot\u00e9ger la barri\u00e8re d'hydratation de votre peau, tandis que l'extrait de feuille de c\u0153ur apaise la peau s\u00e8che, troubl\u00e9e et terne.<\/p>\n<p>2025\/04\/18<\/p>","protected":false},"featured_media":5720,"comment_status":"open","ping_status":"closed","template":"","meta":{"om_disable_all_campaigns":false},"product_brand":[],"product_cat":[89,62,74],"product_tag":[],"class_list":{"0":"post-5715","1":"product","2":"type-product","3":"status-publish","4":"has-post-thumbnail","6":"product_cat-axis-y","7":"product_cat-face-masks","8":"product_cat-niacinamide","10":"first","11":"outofstock","12":"shipping-taxable","13":"purchasable","14":"product-type-simple"},"aioseo_notices":[],"jetpack_sharing_enabled":true,"_links":{"self":[{"href":"https:\/\/k-beautyci.com\/fr\/wp-json\/wp\/v2\/product\/5715","targetHints":{"allow":["GET"]}}],"collection":[{"href":"https:\/\/k-beautyci.com\/fr\/wp-json\/wp\/v2\/product"}],"about":[{"href":"https:\/\/k-beautyci.com\/fr\/wp-json\/wp\/v2\/types\/product"}],"replies":[{"embeddable":true,"href":"https:\/\/k-beautyci.com\/fr\/wp-json\/wp\/v2\/comments?post=5715"}],"wp:featuredmedia":[{"embeddable":true,"href":"https:\/\/k-beautyci.com\/fr\/wp-json\/wp\/v2\/media\/5720"}],"wp:attachment":[{"href":"https:\/\/k-beautyci.com\/fr\/wp-json\/wp\/v2\/media?parent=5715"}],"wp:term":[{"taxonomy":"product_brand","embeddable":true,"href":"https:\/\/k-beautyci.com\/fr\/wp-json\/wp\/v2\/product_brand?post=5715"},{"taxonomy":"product_cat","embeddable":true,"href":"https:\/\/k-beautyci.com\/fr\/wp-json\/wp\/v2\/product_cat?post=5715"},{"taxonomy":"product_tag","embeddable":true,"href":"https:\/\/k-beautyci.com\/fr\/wp-json\/wp\/v2\/product_tag?post=5715"}],"curies":[{"name":"wp","href":"https:\/\/api.w.org\/{rel}","templated":true}]}}