{"id":5703,"date":"2024-10-29T15:38:32","date_gmt":"2024-10-29T15:38:32","guid":{"rendered":"https:\/\/k-beautyci.com\/?post_type=product&#038;p=5703"},"modified":"2026-03-23T23:19:04","modified_gmt":"2026-03-23T23:19:04","slug":"axis-y-dark-spot-correcting-glow-toner","status":"publish","type":"product","link":"https:\/\/k-beautyci.com\/fr\/produit\/axis-y-dark-spot-correcting-glow-toner\/","title":{"rendered":"AXIS-Y Dark Spot Correcting Glow Toner"},"content":{"rendered":"<p>Comment l'utiliser :<\/p>\n<p>Apr\u00e8s le nettoyage, agiter pour m\u00e9langer les couches de s\u00e9rum et de tonique. Fermez les yeux et vaporisez uniform\u00e9ment sur l'ensemble du visage. Tapoter l\u00e9g\u00e8rement pour faciliter l'absorption.<\/p>\n<p>Avertissement : Pour usage externe uniquement. Toujours effectuer un test \u00e9picutan\u00e9. Cessez d'utiliser le produit si vous ressentez une quelconque g\u00eane. Suivre les instructions suppl\u00e9mentaires figurant sur l'emballage. Les r\u00e9sultats individuels peuvent varier.<\/p>","protected":false},"excerpt":{"rendered":"<p>Entrez dans l'\u00e9clat d'AXIS-Y et rafra\u00eechissez votre routine. Ce tonique innovant \u00e0 double couche combine les avantages d'un tonique et d'un s\u00e9rum pour nourrir, rajeunir et raviver l'\u00e9clat \u00e0 chaque vaporisation. Brillez de mille feux et doublez votre pouvoir d'\u00e9claircissement de la ros\u00e9e !<\/p>","protected":false},"featured_media":5712,"comment_status":"open","ping_status":"closed","template":"","meta":{"om_disable_all_campaigns":false},"product_brand":[],"product_cat":[89,52,42,39,69,74,66,41,36],"product_tag":[],"class_list":{"0":"post-5703","1":"product","2":"type-product","3":"status-publish","4":"has-post-thumbnail","6":"product_cat-axis-y","7":"product_cat-dark-spots","8":"product_cat-dry-skin","9":"product_cat-face-toners","10":"product_cat-hyaluronic-acid","11":"product_cat-niacinamide","12":"product_cat-normal-combination-skin","13":"product_cat-oily-skin","14":"product_cat-sensitive-skin","16":"first","17":"outofstock","18":"shipping-taxable","19":"purchasable","20":"product-type-simple"},"aioseo_notices":[],"jetpack_sharing_enabled":true,"_links":{"self":[{"href":"https:\/\/k-beautyci.com\/fr\/wp-json\/wp\/v2\/product\/5703","targetHints":{"allow":["GET"]}}],"collection":[{"href":"https:\/\/k-beautyci.com\/fr\/wp-json\/wp\/v2\/product"}],"about":[{"href":"https:\/\/k-beautyci.com\/fr\/wp-json\/wp\/v2\/types\/product"}],"replies":[{"embeddable":true,"href":"https:\/\/k-beautyci.com\/fr\/wp-json\/wp\/v2\/comments?post=5703"}],"wp:featuredmedia":[{"embeddable":true,"href":"https:\/\/k-beautyci.com\/fr\/wp-json\/wp\/v2\/media\/5712"}],"wp:attachment":[{"href":"https:\/\/k-beautyci.com\/fr\/wp-json\/wp\/v2\/media?parent=5703"}],"wp:term":[{"taxonomy":"product_brand","embeddable":true,"href":"https:\/\/k-beautyci.com\/fr\/wp-json\/wp\/v2\/product_brand?post=5703"},{"taxonomy":"product_cat","embeddable":true,"href":"https:\/\/k-beautyci.com\/fr\/wp-json\/wp\/v2\/product_cat?post=5703"},{"taxonomy":"product_tag","embeddable":true,"href":"https:\/\/k-beautyci.com\/fr\/wp-json\/wp\/v2\/product_tag?post=5703"}],"curies":[{"name":"wp","href":"https:\/\/api.w.org\/{rel}","templated":true}]}}