{"id":5699,"date":"2024-10-29T15:38:25","date_gmt":"2024-10-29T15:38:25","guid":{"rendered":"https:\/\/k-beautyci.com\/?post_type=product&#038;p=5699"},"modified":"2026-03-13T22:50:10","modified_gmt":"2026-03-13T22:50:10","slug":"axis-y-dark-spot-correcting-glow-cream","status":"publish","type":"product","link":"https:\/\/k-beautyci.com\/fr\/produit\/axis-y-dark-spot-correcting-glow-cream\/","title":{"rendered":"AXIS-Y Dark Spot Correcting Glow Cream"},"content":{"rendered":"<p>Comment l'utiliser :<\/p>\n<p>Derni\u00e8re \u00e9tape du soin de la peau, la mini spatule int\u00e9gr\u00e9e permet de pr\u00e9lever une quantit\u00e9 appropri\u00e9e de cr\u00e8me. Appliquez uniform\u00e9ment sur votre peau et tapotez doucement pour une absorption optimale.<\/p>\n<p>Avertissement : Pour usage externe uniquement. Toujours effectuer un test \u00e9picutan\u00e9. Cessez d'utiliser le produit si vous ressentez une quelconque g\u00eane. Suivre les instructions suppl\u00e9mentaires figurant sur l'emballage. Les r\u00e9sultats individuels peuvent varier.<\/p>","protected":false},"excerpt":{"rendered":"<p>La cr\u00e8me \u00e9clat AXIS-Y \u00e9claircit les taches brunes et unifie le teint comme aucune autre. Sa formule gel soyeuse p\u00e9n\u00e8tre en profondeur pour am\u00e9liorer les niveaux d'hydratation et d'hydratation de votre peau. Compl\u00e9tez votre \u00e9clat avec le s\u00e9rum et le tonique viral Glow pour un \u00e9clat ultime !<\/p>","protected":false},"featured_media":5702,"comment_status":"open","ping_status":"closed","template":"","meta":{"om_disable_all_campaigns":false},"product_brand":[],"product_cat":[60,89,52,26],"product_tag":[],"class_list":{"0":"post-5699","1":"product","2":"type-product","3":"status-publish","4":"has-post-thumbnail","6":"product_cat-acne","7":"product_cat-axis-y","8":"product_cat-dark-spots","9":"product_cat-face-moisturizer","11":"first","12":"outofstock","13":"shipping-taxable","14":"purchasable","15":"product-type-simple"},"aioseo_notices":[],"jetpack_sharing_enabled":true,"_links":{"self":[{"href":"https:\/\/k-beautyci.com\/fr\/wp-json\/wp\/v2\/product\/5699","targetHints":{"allow":["GET"]}}],"collection":[{"href":"https:\/\/k-beautyci.com\/fr\/wp-json\/wp\/v2\/product"}],"about":[{"href":"https:\/\/k-beautyci.com\/fr\/wp-json\/wp\/v2\/types\/product"}],"replies":[{"embeddable":true,"href":"https:\/\/k-beautyci.com\/fr\/wp-json\/wp\/v2\/comments?post=5699"}],"wp:featuredmedia":[{"embeddable":true,"href":"https:\/\/k-beautyci.com\/fr\/wp-json\/wp\/v2\/media\/5702"}],"wp:attachment":[{"href":"https:\/\/k-beautyci.com\/fr\/wp-json\/wp\/v2\/media?parent=5699"}],"wp:term":[{"taxonomy":"product_brand","embeddable":true,"href":"https:\/\/k-beautyci.com\/fr\/wp-json\/wp\/v2\/product_brand?post=5699"},{"taxonomy":"product_cat","embeddable":true,"href":"https:\/\/k-beautyci.com\/fr\/wp-json\/wp\/v2\/product_cat?post=5699"},{"taxonomy":"product_tag","embeddable":true,"href":"https:\/\/k-beautyci.com\/fr\/wp-json\/wp\/v2\/product_tag?post=5699"}],"curies":[{"name":"wp","href":"https:\/\/api.w.org\/{rel}","templated":true}]}}