{"id":5694,"date":"2024-10-29T21:22:52","date_gmt":"2024-10-29T21:22:52","guid":{"rendered":"https:\/\/k-beautyci.com\/?post_type=product&#038;p=5694"},"modified":"2026-03-13T13:51:34","modified_gmt":"2026-03-13T13:51:34","slug":"medicube-zero-pore-pads-2-0","status":"publish","type":"product","link":"https:\/\/k-beautyci.com\/fr\/produit\/medicube-zero-pore-pads-2-0\/","title":{"rendered":"Medicube Zero Pore Pads 2.0"},"content":{"rendered":"<p>Comment l'utiliser :<\/p>\n<p>Apr\u00e8s le nettoyage, appliquez le c\u00f4t\u00e9 gaufr\u00e9, puis le c\u00f4t\u00e9 soyeux, et terminez en tapotant l\u00e9g\u00e8rement pour faire p\u00e9n\u00e9trer le produit.<\/p>\n<p>&nbsp;<\/p>\n<p>Toujours effectuer un test \u00e9picutan\u00e9. Utiliser uniquement selon les instructions. Ne pas utiliser sur une peau ab\u00eem\u00e9e. Si l'irritation ou l'inconfort persistent, cesser l'utilisation et consulter un m\u00e9decin. Suivre les instructions suppl\u00e9mentaires figurant sur l'emballage. Avant de s'exposer au soleil, il est recommand\u00e9 aux utilisateurs de couvrir les zones o\u00f9 les AHA ont \u00e9t\u00e9 appliqu\u00e9s avec un \u00e9cran solaire. Le contact du produit avec la peau doit \u00eatre limit\u00e9 en fr\u00e9quence et en dur\u00e9e. Les r\u00e9sultats individuels peuvent varier.<\/p>\n<p>70 pads<\/p>\n<p>&nbsp;<\/p>","protected":false},"excerpt":{"rendered":"<p>Des tampons faciaux \u00e0 double texture infus\u00e9s d'acide salicylique (BHA) + AHA + des ingr\u00e9dients brevet\u00e9s de soin des pores pour aider \u00e0 exfolier les cellules mortes de la peau, \u00e0 \u00e9liminer le s\u00e9bum et \u00e0 minimiser l'apparence des pores. <span class=\"a-list-item\">Exfolie et affine les pores - Parfait pour ceux qui sont pr\u00e9occup\u00e9s par les pores dilat\u00e9s, qui recherchent une peau plus lisse, qui luttent contre une peau grasse due \u00e0 un exc\u00e8s de s\u00e9bum, ou qui sont g\u00ean\u00e9s par des points noirs et des points blancs.<\/span><\/p>","protected":false},"featured_media":5695,"comment_status":"open","ping_status":"closed","template":"","meta":{"om_disable_all_campaigns":false},"product_brand":[],"product_cat":[78,39,215],"product_tag":[],"class_list":{"0":"post-5694","1":"product","2":"type-product","3":"status-publish","4":"has-post-thumbnail","6":"product_cat-aha-bha","7":"product_cat-face-toners","8":"product_cat-medicube","10":"first","11":"outofstock","12":"sale","13":"shipping-taxable","14":"purchasable","15":"product-type-simple"},"aioseo_notices":[],"jetpack_sharing_enabled":true,"_links":{"self":[{"href":"https:\/\/k-beautyci.com\/fr\/wp-json\/wp\/v2\/product\/5694","targetHints":{"allow":["GET"]}}],"collection":[{"href":"https:\/\/k-beautyci.com\/fr\/wp-json\/wp\/v2\/product"}],"about":[{"href":"https:\/\/k-beautyci.com\/fr\/wp-json\/wp\/v2\/types\/product"}],"replies":[{"embeddable":true,"href":"https:\/\/k-beautyci.com\/fr\/wp-json\/wp\/v2\/comments?post=5694"}],"wp:featuredmedia":[{"embeddable":true,"href":"https:\/\/k-beautyci.com\/fr\/wp-json\/wp\/v2\/media\/5695"}],"wp:attachment":[{"href":"https:\/\/k-beautyci.com\/fr\/wp-json\/wp\/v2\/media?parent=5694"}],"wp:term":[{"taxonomy":"product_brand","embeddable":true,"href":"https:\/\/k-beautyci.com\/fr\/wp-json\/wp\/v2\/product_brand?post=5694"},{"taxonomy":"product_cat","embeddable":true,"href":"https:\/\/k-beautyci.com\/fr\/wp-json\/wp\/v2\/product_cat?post=5694"},{"taxonomy":"product_tag","embeddable":true,"href":"https:\/\/k-beautyci.com\/fr\/wp-json\/wp\/v2\/product_tag?post=5694"}],"curies":[{"name":"wp","href":"https:\/\/api.w.org\/{rel}","templated":true}]}}