{"id":5685,"date":"2024-10-29T15:32:34","date_gmt":"2024-10-29T15:32:34","guid":{"rendered":"https:\/\/k-beautyci.com\/?post_type=product&#038;p=5685"},"modified":"2024-10-29T19:54:39","modified_gmt":"2024-10-29T19:54:39","slug":"biodance-hydro-cera-nol-gel-toner-pad","status":"publish","type":"product","link":"https:\/\/k-beautyci.com\/fr\/produit\/biodance-hydro-cera-nol-gel-toner-pad\/","title":{"rendered":"Biodance Hydro Cera-Nol Gel Toner Pad"},"content":{"rendered":"<p>Comment l'utiliser :<\/p>\n<p>Apr\u00e8s avoir nettoy\u00e9 la peau, essuyez-la d\u00e9licatement pour la tonifier. Pour un effet masque, laissez agir sur les zones souhait\u00e9es pendant 3 \u00e0 5 minutes. Tapoter d\u00e9licatement pour faire p\u00e9n\u00e9trer le produit.<\/p>\n<p>Pour usage externe uniquement. Toujours effectuer un test \u00e9picutan\u00e9. Cesser l'utilisation en cas d'inconfort. Suivre les instructions suppl\u00e9mentaires figurant sur l'emballage. Les r\u00e9sultats individuels peuvent varier.<\/p>\n<p>60 pads.<\/p>","protected":false},"excerpt":{"rendered":"<p>Plongez dans les tampons toniques ultra-hydratants infus\u00e9s du m\u00e9lange Cera-Nol de Biodance. Son essence douce et g\u00e9latineuse augmente les niveaux d'hydratation pour un \u00e9clat sain et frais. Infus\u00e9 de Cera-Nol, une combinaison hydratante de c\u00e9ramides, de D-Panth\u00e9nol et d'acide hyaluronique pour apaiser et fixer l'hydratation. Procure des effets rafra\u00eechissants instantan\u00e9s et une hydratation durable pour soutenir la barri\u00e8re cutan\u00e9e.<\/p>","protected":false},"featured_media":5692,"comment_status":"open","ping_status":"closed","template":"","meta":{"om_disable_all_campaigns":false},"product_brand":[],"product_cat":[214,148,32,62,69],"product_tag":[],"class_list":{"0":"post-5685","1":"product","2":"type-product","3":"status-publish","4":"has-post-thumbnail","6":"product_cat-biodance","7":"product_cat-ceramide","8":"product_cat-essence","9":"product_cat-face-masks","10":"product_cat-hyaluronic-acid","12":"first","13":"outofstock","14":"shipping-taxable","15":"purchasable","16":"product-type-simple"},"aioseo_notices":[],"jetpack_sharing_enabled":true,"_links":{"self":[{"href":"https:\/\/k-beautyci.com\/fr\/wp-json\/wp\/v2\/product\/5685","targetHints":{"allow":["GET"]}}],"collection":[{"href":"https:\/\/k-beautyci.com\/fr\/wp-json\/wp\/v2\/product"}],"about":[{"href":"https:\/\/k-beautyci.com\/fr\/wp-json\/wp\/v2\/types\/product"}],"replies":[{"embeddable":true,"href":"https:\/\/k-beautyci.com\/fr\/wp-json\/wp\/v2\/comments?post=5685"}],"wp:featuredmedia":[{"embeddable":true,"href":"https:\/\/k-beautyci.com\/fr\/wp-json\/wp\/v2\/media\/5692"}],"wp:attachment":[{"href":"https:\/\/k-beautyci.com\/fr\/wp-json\/wp\/v2\/media?parent=5685"}],"wp:term":[{"taxonomy":"product_brand","embeddable":true,"href":"https:\/\/k-beautyci.com\/fr\/wp-json\/wp\/v2\/product_brand?post=5685"},{"taxonomy":"product_cat","embeddable":true,"href":"https:\/\/k-beautyci.com\/fr\/wp-json\/wp\/v2\/product_cat?post=5685"},{"taxonomy":"product_tag","embeddable":true,"href":"https:\/\/k-beautyci.com\/fr\/wp-json\/wp\/v2\/product_tag?post=5685"}],"curies":[{"name":"wp","href":"https:\/\/api.w.org\/{rel}","templated":true}]}}