{"id":5678,"date":"2024-10-29T15:32:56","date_gmt":"2024-10-29T15:32:56","guid":{"rendered":"https:\/\/k-beautyci.com\/?post_type=product&#038;p=5678"},"modified":"2025-11-27T19:02:53","modified_gmt":"2025-11-27T19:02:53","slug":"biodance-collagen-gel-toner-pad","status":"publish","type":"product","link":"https:\/\/k-beautyci.com\/fr\/produit\/biodance-collagen-gel-toner-pad\/","title":{"rendered":"Biodance Collagen Gel Toner Pad"},"content":{"rendered":"<p>Comment l'utiliser :<\/p>\n<p>Apr\u00e8s avoir nettoy\u00e9 la peau, essuyez-la d\u00e9licatement pour la tonifier. Pour un effet masque, laissez agir sur les zones souhait\u00e9es pendant 3 \u00e0 5 minutes. Tapoter d\u00e9licatement pour faire p\u00e9n\u00e9trer le produit.<\/p>\n<p>Avertissement : Pour usage externe uniquement. Toujours effectuer un test \u00e9picutan\u00e9. Cessez d'utiliser le produit si vous ressentez une quelconque g\u00eane. Suivre les instructions suppl\u00e9mentaires figurant sur l'emballage. Les r\u00e9sultats individuels peuvent varier.<\/p>\n<p>60pads<\/p>","protected":false},"excerpt":{"rendered":"<p>Redonnez du ressort \u00e0 votre peau avec Biodance. Avec les avantages d'un masque hydrogel, ces coussinets de gel riches en collag\u00e8ne tonifient, hydratent et repulpent votre peau pour lui donner une apparence plus jeune. L'essence g\u00e9lifi\u00e9e enrichissante retient l'hydratation, laissant la peau douce et souple.<\/p>","protected":false},"featured_media":5679,"comment_status":"open","ping_status":"closed","template":"","meta":{"om_disable_all_campaigns":false},"product_brand":[],"product_cat":[214,32,62,39],"product_tag":[],"class_list":{"0":"post-5678","1":"product","2":"type-product","3":"status-publish","4":"has-post-thumbnail","6":"product_cat-biodance","7":"product_cat-essence","8":"product_cat-face-masks","9":"product_cat-face-toners","11":"first","12":"instock","13":"shipping-taxable","14":"purchasable","15":"product-type-simple"},"aioseo_notices":[],"jetpack_sharing_enabled":true,"_links":{"self":[{"href":"https:\/\/k-beautyci.com\/fr\/wp-json\/wp\/v2\/product\/5678","targetHints":{"allow":["GET"]}}],"collection":[{"href":"https:\/\/k-beautyci.com\/fr\/wp-json\/wp\/v2\/product"}],"about":[{"href":"https:\/\/k-beautyci.com\/fr\/wp-json\/wp\/v2\/types\/product"}],"replies":[{"embeddable":true,"href":"https:\/\/k-beautyci.com\/fr\/wp-json\/wp\/v2\/comments?post=5678"}],"wp:featuredmedia":[{"embeddable":true,"href":"https:\/\/k-beautyci.com\/fr\/wp-json\/wp\/v2\/media\/5679"}],"wp:attachment":[{"href":"https:\/\/k-beautyci.com\/fr\/wp-json\/wp\/v2\/media?parent=5678"}],"wp:term":[{"taxonomy":"product_brand","embeddable":true,"href":"https:\/\/k-beautyci.com\/fr\/wp-json\/wp\/v2\/product_brand?post=5678"},{"taxonomy":"product_cat","embeddable":true,"href":"https:\/\/k-beautyci.com\/fr\/wp-json\/wp\/v2\/product_cat?post=5678"},{"taxonomy":"product_tag","embeddable":true,"href":"https:\/\/k-beautyci.com\/fr\/wp-json\/wp\/v2\/product_tag?post=5678"}],"curies":[{"name":"wp","href":"https:\/\/api.w.org\/{rel}","templated":true}]}}