{"id":5671,"date":"2024-10-29T15:32:20","date_gmt":"2024-10-29T15:32:20","guid":{"rendered":"https:\/\/k-beautyci.com\/?post_type=product&#038;p=5671"},"modified":"2026-03-24T00:41:55","modified_gmt":"2026-03-24T00:41:55","slug":"biodance-hydro-cera-nol-real-deep-mask-1ea","status":"publish","type":"product","link":"https:\/\/k-beautyci.com\/fr\/produit\/biodance-hydro-cera-nol-real-deep-mask-1ea\/","title":{"rendered":"Biodance Hydro Cera-Nol Real Deep Mask 1EA"},"content":{"rendered":"<p>Comment l'utiliser :<\/p>\n<p>Pendant la nuit : Appliquez le masque \u00e0 la fin de votre programme de soins du soir et laissez-le agir toute la nuit. Retirez le masque le lendemain matin.<\/p>\n<p>En journ\u00e9e : Apr\u00e8s le tonique ou le s\u00e9rum, appliquer le masque et le laisser agir pendant 3 \u00e0 4 heures ou jusqu'\u00e0 ce qu'il devienne transparent.<\/p>\n<p>Avertissement : Pour usage externe uniquement. Toujours effectuer un test \u00e9picutan\u00e9. Cessez d'utiliser le produit si vous ressentez une quelconque g\u00eane. Suivre les instructions suppl\u00e9mentaires figurant sur l'emballage. Les r\u00e9sultats individuels peuvent varier.<\/p>","protected":false},"excerpt":{"rendered":"<p>L'hydratation est vraiment profonde avec ce masque hydrogel. Laissez votre peau plonger dans un m\u00e9lange rafra\u00eechissant de Cera-Nol. C'est le parfait remontant, vous procurant une hydratation intense que votre peau absorbera imm\u00e9diatement. Infus\u00e9 de Cera-Nol, une combinaison hydratante de c\u00e9ramides, de D-Panth\u00e9nol et d'acide hyaluronique. L'eau glaciaire p\u00e9n\u00e8tre la surface et les couches profondes de la peau pour une hydratation durable pendant la nuit.<\/p>","protected":false},"featured_media":5677,"comment_status":"open","ping_status":"closed","template":"","meta":{"om_disable_all_campaigns":false},"product_brand":[],"product_cat":[214,148,62,69],"product_tag":[],"class_list":{"0":"post-5671","1":"product","2":"type-product","3":"status-publish","4":"has-post-thumbnail","6":"product_cat-biodance","7":"product_cat-ceramide","8":"product_cat-face-masks","9":"product_cat-hyaluronic-acid","11":"first","12":"instock","13":"shipping-taxable","14":"purchasable","15":"product-type-simple"},"aioseo_notices":[],"jetpack_sharing_enabled":true,"_links":{"self":[{"href":"https:\/\/k-beautyci.com\/fr\/wp-json\/wp\/v2\/product\/5671","targetHints":{"allow":["GET"]}}],"collection":[{"href":"https:\/\/k-beautyci.com\/fr\/wp-json\/wp\/v2\/product"}],"about":[{"href":"https:\/\/k-beautyci.com\/fr\/wp-json\/wp\/v2\/types\/product"}],"replies":[{"embeddable":true,"href":"https:\/\/k-beautyci.com\/fr\/wp-json\/wp\/v2\/comments?post=5671"}],"wp:featuredmedia":[{"embeddable":true,"href":"https:\/\/k-beautyci.com\/fr\/wp-json\/wp\/v2\/media\/5677"}],"wp:attachment":[{"href":"https:\/\/k-beautyci.com\/fr\/wp-json\/wp\/v2\/media?parent=5671"}],"wp:term":[{"taxonomy":"product_brand","embeddable":true,"href":"https:\/\/k-beautyci.com\/fr\/wp-json\/wp\/v2\/product_brand?post=5671"},{"taxonomy":"product_cat","embeddable":true,"href":"https:\/\/k-beautyci.com\/fr\/wp-json\/wp\/v2\/product_cat?post=5671"},{"taxonomy":"product_tag","embeddable":true,"href":"https:\/\/k-beautyci.com\/fr\/wp-json\/wp\/v2\/product_tag?post=5671"}],"curies":[{"name":"wp","href":"https:\/\/api.w.org\/{rel}","templated":true}]}}