{"id":5568,"date":"2024-10-09T22:56:24","date_gmt":"2024-10-09T22:56:24","guid":{"rendered":"https:\/\/k-beautyci.com\/?post_type=product&#038;p=5568"},"modified":"2026-02-04T19:29:29","modified_gmt":"2026-02-04T19:29:29","slug":"some-by-mi-v10-hyal-antioxidant-sunscreen","status":"publish","type":"product","link":"https:\/\/k-beautyci.com\/fr\/produit\/some-by-mi-v10-hyal-antioxidant-sunscreen\/","title":{"rendered":"SOME BY MI V10 Hyal Antioxidant Sunscreen"},"content":{"rendered":"<p><b>Comment l'utiliser :<\/b><\/p>\n<p>\u00c0 la derni\u00e8re \u00e9tape de la routine de soins de la peau, \u00e9taler uniform\u00e9ment une quantit\u00e9 ad\u00e9quate sur les zones fr\u00e9quemment expos\u00e9es au soleil.<\/p>\n<p>Avertissement : Pour usage externe uniquement. Toujours effectuer un test \u00e9picutan\u00e9. Cessez d'utiliser le produit si vous ressentez une quelconque g\u00eane. Suivre les instructions suppl\u00e9mentaires figurant sur l'emballage. Les r\u00e9sultats individuels peuvent varier.<\/p>","protected":false},"excerpt":{"rendered":"<p>Cet \u00e9cran solaire chimique contient dix types de vitamines et de l'acide hyaluronique pour nourrir et r\u00e9hydrater la peau, tout en offrant une protection solaire SPF50+ PA++++. Cet \u00e9cran solaire riche en antioxydants a des effets \u00e9claircissants et apaisants. La texture cr\u00e8me de la formule adh\u00e8re bien pour un fini confortable. Elle offre un effet tonifiant pour une peau \u00e9clatante.<\/p>","protected":false},"featured_media":5570,"comment_status":"open","ping_status":"closed","template":"","meta":{"om_disable_all_campaigns":false},"product_brand":[],"product_cat":[69,74,77,97],"product_tag":[],"class_list":{"0":"post-5568","1":"product","2":"type-product","3":"status-publish","4":"has-post-thumbnail","6":"product_cat-hyaluronic-acid","7":"product_cat-niacinamide","8":"product_cat-spf-50","9":"product_cat-tiam","11":"first","12":"instock","13":"shipping-taxable","14":"purchasable","15":"product-type-simple"},"aioseo_notices":[],"jetpack_sharing_enabled":true,"_links":{"self":[{"href":"https:\/\/k-beautyci.com\/fr\/wp-json\/wp\/v2\/product\/5568","targetHints":{"allow":["GET"]}}],"collection":[{"href":"https:\/\/k-beautyci.com\/fr\/wp-json\/wp\/v2\/product"}],"about":[{"href":"https:\/\/k-beautyci.com\/fr\/wp-json\/wp\/v2\/types\/product"}],"replies":[{"embeddable":true,"href":"https:\/\/k-beautyci.com\/fr\/wp-json\/wp\/v2\/comments?post=5568"}],"wp:featuredmedia":[{"embeddable":true,"href":"https:\/\/k-beautyci.com\/fr\/wp-json\/wp\/v2\/media\/5570"}],"wp:attachment":[{"href":"https:\/\/k-beautyci.com\/fr\/wp-json\/wp\/v2\/media?parent=5568"}],"wp:term":[{"taxonomy":"product_brand","embeddable":true,"href":"https:\/\/k-beautyci.com\/fr\/wp-json\/wp\/v2\/product_brand?post=5568"},{"taxonomy":"product_cat","embeddable":true,"href":"https:\/\/k-beautyci.com\/fr\/wp-json\/wp\/v2\/product_cat?post=5568"},{"taxonomy":"product_tag","embeddable":true,"href":"https:\/\/k-beautyci.com\/fr\/wp-json\/wp\/v2\/product_tag?post=5568"}],"curies":[{"name":"wp","href":"https:\/\/api.w.org\/{rel}","templated":true}]}}