{"id":5564,"date":"2024-10-09T22:45:03","date_gmt":"2024-10-09T22:45:03","guid":{"rendered":"https:\/\/k-beautyci.com\/?post_type=product&#038;p=5564"},"modified":"2025-10-11T12:41:51","modified_gmt":"2025-10-11T12:41:51","slug":"b-lab-9-1-matcha-airyfit-sun-stick","status":"publish","type":"product","link":"https:\/\/k-beautyci.com\/fr\/produit\/b-lab-9-1-matcha-airyfit-sun-stick\/","title":{"rendered":"B: Lab [ 9 : 1 ] Matcha Airyfit Sun Stick"},"content":{"rendered":"<p><b>Comment l'utiliser :<\/b><\/p>\n<p>Faites glisser d\u00e9licatement le stick sur votre peau avant l'exposition au soleil.<\/p>\n<p>&nbsp;<\/p>\n<p>Avertissement : Pour usage externe uniquement. Toujours effectuer un test \u00e9picutan\u00e9. Cessez d'utiliser le produit si vous ressentez une quelconque g\u00eane. Suivre les instructions suppl\u00e9mentaires figurant sur l'emballage. Les r\u00e9sultats individuels peuvent varier.<\/p>","protected":false},"excerpt":{"rendered":"<p>Ce stick solaire offre \u00e0 la peau une protection puissante et minutieuse contre le soleil, \u00e0 tout moment et en tout lieu. Il contient du matcha pour donner \u00e0 la peau une sensation de douceur et d'humidit\u00e9, et l'extrait de mesembryanthemum crystallinum apaise la peau \u00e9chauff\u00e9e par le soleil. La sensation de l\u00e9g\u00e8ret\u00e9 donne \u00e0 votre peau une sensation de fra\u00eecheur, tandis que le design compact le rend hygi\u00e9nique et pratique \u00e0 utiliser \u00e0 tout moment et en tout lieu. Vous pouvez d\u00e9sormais prot\u00e9ger votre peau des rayons UV puissants gr\u00e2ce \u00e0 notre stick solaire super-adh\u00e9sif.<\/p>","protected":false},"featured_media":5565,"comment_status":"open","ping_status":"closed","template":"","meta":{"om_disable_all_campaigns":false},"product_brand":[],"product_cat":[187,77,75],"product_tag":[],"class_list":{"0":"post-5564","1":"product","2":"type-product","3":"status-publish","4":"has-post-thumbnail","6":"product_cat-b-lab","7":"product_cat-spf-50","8":"product_cat-sunscreens","10":"first","11":"instock","12":"shipping-taxable","13":"purchasable","14":"product-type-simple"},"aioseo_notices":[],"jetpack_sharing_enabled":true,"_links":{"self":[{"href":"https:\/\/k-beautyci.com\/fr\/wp-json\/wp\/v2\/product\/5564","targetHints":{"allow":["GET"]}}],"collection":[{"href":"https:\/\/k-beautyci.com\/fr\/wp-json\/wp\/v2\/product"}],"about":[{"href":"https:\/\/k-beautyci.com\/fr\/wp-json\/wp\/v2\/types\/product"}],"replies":[{"embeddable":true,"href":"https:\/\/k-beautyci.com\/fr\/wp-json\/wp\/v2\/comments?post=5564"}],"wp:featuredmedia":[{"embeddable":true,"href":"https:\/\/k-beautyci.com\/fr\/wp-json\/wp\/v2\/media\/5565"}],"wp:attachment":[{"href":"https:\/\/k-beautyci.com\/fr\/wp-json\/wp\/v2\/media?parent=5564"}],"wp:term":[{"taxonomy":"product_brand","embeddable":true,"href":"https:\/\/k-beautyci.com\/fr\/wp-json\/wp\/v2\/product_brand?post=5564"},{"taxonomy":"product_cat","embeddable":true,"href":"https:\/\/k-beautyci.com\/fr\/wp-json\/wp\/v2\/product_cat?post=5564"},{"taxonomy":"product_tag","embeddable":true,"href":"https:\/\/k-beautyci.com\/fr\/wp-json\/wp\/v2\/product_tag?post=5564"}],"curies":[{"name":"wp","href":"https:\/\/api.w.org\/{rel}","templated":true}]}}