{"id":5524,"date":"2024-10-08T23:44:11","date_gmt":"2024-10-08T23:44:11","guid":{"rendered":"https:\/\/k-beautyci.com\/?post_type=product&#038;p=5524"},"modified":"2026-01-01T12:53:23","modified_gmt":"2026-01-01T12:53:23","slug":"purito-wonder-releaf-unscented-cream","status":"publish","type":"product","link":"https:\/\/k-beautyci.com\/fr\/produit\/purito-wonder-releaf-unscented-cream\/","title":{"rendered":"PURITO Wonder Releaf Unscented Cream"},"content":{"rendered":"<p>Comment l'utiliser :<\/p>\n<p>Apr\u00e8s le s\u00e9rum, pr\u00e9lever une quantit\u00e9 mod\u00e9r\u00e9e et masser la peau du bout des doigts. Pour une exp\u00e9rience apaisante ultime, nous recommandons de l'utiliser avec le Wonder Releaf Unscented Toner et le Wonder Releaf Unscented Serum.<\/p>\n<p>Avertissement : Pour usage externe uniquement. Toujours effectuer un test \u00e9picutan\u00e9. Cessez d'utiliser le produit si vous ressentez une quelconque g\u00eane. Suivre les instructions suppl\u00e9mentaires figurant sur l'emballage. Les r\u00e9sultats individuels peuvent varier.<\/p>","protected":false},"excerpt":{"rendered":"<p>Profitez d'un soin apaisant et cr\u00e9meux dont votre peau raffolera. Cette formule non parfum\u00e9e de premier ordre, compos\u00e9e d'ingr\u00e9dients incontournables de la K-Beauty, prend soin des peaux sensibles en douceur, sans les inqui\u00e9ter. Une cr\u00e8me sans parfum adapt\u00e9e aux peaux sensibles qui procure un effet apaisant et hydratant. La cr\u00e8me est enrichie de 50 % d'extrait de centella asiatica, qui lui conf\u00e8re des propri\u00e9t\u00e9s apaisantes pour aider \u00e0 minimiser l'apparence des rougeurs.<\/p>","protected":false},"featured_media":5528,"comment_status":"open","ping_status":"closed","template":"","meta":{"om_disable_all_campaigns":false},"product_brand":[],"product_cat":[88,26,200],"product_tag":[],"class_list":{"0":"post-5524","1":"product","2":"type-product","3":"status-publish","4":"has-post-thumbnail","6":"product_cat-centella","7":"product_cat-face-moisturizer","8":"product_cat-purito","10":"first","11":"instock","12":"shipping-taxable","13":"purchasable","14":"product-type-simple"},"aioseo_notices":[],"jetpack_sharing_enabled":true,"_links":{"self":[{"href":"https:\/\/k-beautyci.com\/fr\/wp-json\/wp\/v2\/product\/5524","targetHints":{"allow":["GET"]}}],"collection":[{"href":"https:\/\/k-beautyci.com\/fr\/wp-json\/wp\/v2\/product"}],"about":[{"href":"https:\/\/k-beautyci.com\/fr\/wp-json\/wp\/v2\/types\/product"}],"replies":[{"embeddable":true,"href":"https:\/\/k-beautyci.com\/fr\/wp-json\/wp\/v2\/comments?post=5524"}],"wp:featuredmedia":[{"embeddable":true,"href":"https:\/\/k-beautyci.com\/fr\/wp-json\/wp\/v2\/media\/5528"}],"wp:attachment":[{"href":"https:\/\/k-beautyci.com\/fr\/wp-json\/wp\/v2\/media?parent=5524"}],"wp:term":[{"taxonomy":"product_brand","embeddable":true,"href":"https:\/\/k-beautyci.com\/fr\/wp-json\/wp\/v2\/product_brand?post=5524"},{"taxonomy":"product_cat","embeddable":true,"href":"https:\/\/k-beautyci.com\/fr\/wp-json\/wp\/v2\/product_cat?post=5524"},{"taxonomy":"product_tag","embeddable":true,"href":"https:\/\/k-beautyci.com\/fr\/wp-json\/wp\/v2\/product_tag?post=5524"}],"curies":[{"name":"wp","href":"https:\/\/api.w.org\/{rel}","templated":true}]}}