{"id":5516,"date":"2024-10-08T12:46:16","date_gmt":"2024-10-08T12:46:16","guid":{"rendered":"https:\/\/k-beautyci.com\/?post_type=product&#038;p=5516"},"modified":"2026-03-10T13:30:00","modified_gmt":"2026-03-10T13:30:00","slug":"b-lab-yuja-anti-dark-spot-serum-30ml","status":"publish","type":"product","link":"https:\/\/k-beautyci.com\/fr\/produit\/b-lab-yuja-anti-dark-spot-serum-30ml\/","title":{"rendered":"B : Lab Yuja Anti-Dark Spot Serum 30ml"},"content":{"rendered":"<p>Avertissement : Pour usage externe uniquement. Toujours effectuer un test \u00e9picutan\u00e9. Cessez d'utiliser le produit si vous ressentez une quelconque g\u00eane. Suivre les instructions suppl\u00e9mentaires figurant sur l'emballage. Les r\u00e9sultats individuels peuvent varier.<\/p>","protected":false},"excerpt":{"rendered":"<p>Yuja Anti-Dark Spot Serum est un s\u00e9rum \u00e9claircissant qui unifie la peau rugueuse avec des imperfections pour la rendre claire et lisse. Le s\u00e9rum contient de la niacinamide (5 %) pour une peau claire, de l'acide tranexamique (3 %) pour traiter les imperfections et un puissant antioxydant, le bakuchiol (0,5 %), pour soigner les peaux ternes. Ce s\u00e9rum hydratant non collant peut \u00eatre utilis\u00e9 \u00e0 tout moment du jour ou de la nuit pour maintenir la sensation de confort de la peau. Faites l'exp\u00e9rience d'une peau \u00e9clatante et vivante tout au long de la journ\u00e9e gr\u00e2ce \u00e0 ce s\u00e9rum \u00e9claircissant hautement fonctionnel.<\/p>","protected":false},"featured_media":5518,"comment_status":"open","ping_status":"closed","template":"","meta":{"om_disable_all_campaigns":false},"product_brand":[],"product_cat":[187,31,74],"product_tag":[],"class_list":{"0":"post-5516","1":"product","2":"type-product","3":"status-publish","4":"has-post-thumbnail","6":"product_cat-b-lab","7":"product_cat-face-serums","8":"product_cat-niacinamide","10":"first","11":"outofstock","12":"shipping-taxable","13":"purchasable","14":"product-type-simple"},"aioseo_notices":[],"jetpack_sharing_enabled":true,"_links":{"self":[{"href":"https:\/\/k-beautyci.com\/fr\/wp-json\/wp\/v2\/product\/5516","targetHints":{"allow":["GET"]}}],"collection":[{"href":"https:\/\/k-beautyci.com\/fr\/wp-json\/wp\/v2\/product"}],"about":[{"href":"https:\/\/k-beautyci.com\/fr\/wp-json\/wp\/v2\/types\/product"}],"replies":[{"embeddable":true,"href":"https:\/\/k-beautyci.com\/fr\/wp-json\/wp\/v2\/comments?post=5516"}],"wp:featuredmedia":[{"embeddable":true,"href":"https:\/\/k-beautyci.com\/fr\/wp-json\/wp\/v2\/media\/5518"}],"wp:attachment":[{"href":"https:\/\/k-beautyci.com\/fr\/wp-json\/wp\/v2\/media?parent=5516"}],"wp:term":[{"taxonomy":"product_brand","embeddable":true,"href":"https:\/\/k-beautyci.com\/fr\/wp-json\/wp\/v2\/product_brand?post=5516"},{"taxonomy":"product_cat","embeddable":true,"href":"https:\/\/k-beautyci.com\/fr\/wp-json\/wp\/v2\/product_cat?post=5516"},{"taxonomy":"product_tag","embeddable":true,"href":"https:\/\/k-beautyci.com\/fr\/wp-json\/wp\/v2\/product_tag?post=5516"}],"curies":[{"name":"wp","href":"https:\/\/api.w.org\/{rel}","templated":true}]}}