{"id":5501,"date":"2024-10-08T00:40:15","date_gmt":"2024-10-08T00:40:15","guid":{"rendered":"https:\/\/k-beautyci.com\/?post_type=product&#038;p=5501"},"modified":"2025-09-02T22:07:42","modified_gmt":"2025-09-02T22:07:42","slug":"jumiso-pore-clearing-cleansing-oil-200ml","status":"publish","type":"product","link":"https:\/\/k-beautyci.com\/fr\/produit\/jumiso-pore-clearing-cleansing-oil-200ml\/","title":{"rendered":"Jumiso Pore Clearing Cleansing Oil 200ml"},"content":{"rendered":"<p><b>Comment l'utiliser :<\/b><br \/>\n1. Appliquer le contenu sur la peau s\u00e8che et masser d\u00e9licatement avec la paume de la main pendant 1 \u00e0 2 minutes.<\/p>\n<p>2. Appliquer une petite quantit\u00e9 d'eau sur le visage pour \u00e9mulsionner l'huile et masser \u00e0 nouveau.<\/p>\n<p>3. Rincez abondamment et poursuivez le nettoyage avec un nettoyant \u00e0 base d'eau ou de mousse.<\/p>\n<p>&nbsp;<\/p>\n<p>Avertissement : Pour usage externe uniquement. Toujours effectuer un test \u00e9picutan\u00e9. Cessez d'utiliser le produit si vous ressentez une quelconque g\u00eane. Suivre les instructions suppl\u00e9mentaires figurant sur l'emballage. Les r\u00e9sultats individuels peuvent varier.<\/p>","protected":false},"excerpt":{"rendered":"<p>Formul\u00e9e avec une multitude d'huiles v\u00e9g\u00e9tales d\u00e9riv\u00e9es de graines de jojoba, de tournesol et de macadamia, cette huile nettoyante \u00e9limine facilement la salet\u00e9, l'exc\u00e8s de s\u00e9bum et les impuret\u00e9s des pores, tout en tenant \u00e0 distance les irritations et les pouss\u00e9es. La formule l\u00e9g\u00e8re et profond\u00e9ment hydratante se rince facilement pour r\u00e9v\u00e9ler un fini doux, lisse et non gras. Le produit a \u00e9t\u00e9 test\u00e9 dermatologiquement pour convenir aux peaux sensibles.<\/p>","protected":false},"featured_media":5509,"comment_status":"open","ping_status":"closed","template":"","meta":{"om_disable_all_campaigns":false},"product_brand":[],"product_cat":[153,63],"product_tag":[],"class_list":{"0":"post-5501","1":"product","2":"type-product","3":"status-publish","4":"has-post-thumbnail","6":"product_cat-jumiso","7":"product_cat-makeup-removers","9":"first","10":"outofstock","11":"shipping-taxable","12":"purchasable","13":"product-type-simple"},"aioseo_notices":[],"jetpack_sharing_enabled":true,"_links":{"self":[{"href":"https:\/\/k-beautyci.com\/fr\/wp-json\/wp\/v2\/product\/5501","targetHints":{"allow":["GET"]}}],"collection":[{"href":"https:\/\/k-beautyci.com\/fr\/wp-json\/wp\/v2\/product"}],"about":[{"href":"https:\/\/k-beautyci.com\/fr\/wp-json\/wp\/v2\/types\/product"}],"replies":[{"embeddable":true,"href":"https:\/\/k-beautyci.com\/fr\/wp-json\/wp\/v2\/comments?post=5501"}],"wp:featuredmedia":[{"embeddable":true,"href":"https:\/\/k-beautyci.com\/fr\/wp-json\/wp\/v2\/media\/5509"}],"wp:attachment":[{"href":"https:\/\/k-beautyci.com\/fr\/wp-json\/wp\/v2\/media?parent=5501"}],"wp:term":[{"taxonomy":"product_brand","embeddable":true,"href":"https:\/\/k-beautyci.com\/fr\/wp-json\/wp\/v2\/product_brand?post=5501"},{"taxonomy":"product_cat","embeddable":true,"href":"https:\/\/k-beautyci.com\/fr\/wp-json\/wp\/v2\/product_cat?post=5501"},{"taxonomy":"product_tag","embeddable":true,"href":"https:\/\/k-beautyci.com\/fr\/wp-json\/wp\/v2\/product_tag?post=5501"}],"curies":[{"name":"wp","href":"https:\/\/api.w.org\/{rel}","templated":true}]}}