{"id":5492,"date":"2024-10-07T15:32:16","date_gmt":"2024-10-07T15:32:16","guid":{"rendered":"https:\/\/k-beautyci.com\/?post_type=product&#038;p=5492"},"modified":"2026-03-18T06:01:07","modified_gmt":"2026-03-18T06:01:07","slug":"arencia-fresh-green-cleanser-120g","status":"publish","type":"product","link":"https:\/\/k-beautyci.com\/fr\/produit\/arencia-fresh-green-cleanser-120g\/","title":{"rendered":"Arencia Fresh Green Cleanser, 120g"},"content":{"rendered":"<p><b>Comment l'utiliser :<\/b><\/p>\n<p>Pr\u00e9levez une quantit\u00e9 appropri\u00e9e de produit nettoyant et ajoutez de l'eau pour faire mousser. Massez doucement la peau et rincez-la \u00e0 l'eau ti\u00e8de.<\/p>\n<p>Avertissement : Pour usage externe uniquement. Toujours effectuer un test \u00e9picutan\u00e9. Cessez d'utiliser le produit si vous ressentez une quelconque g\u00eane. Suivre les instructions suppl\u00e9mentaires figurant sur l'emballage. Les r\u00e9sultats individuels peuvent varier.<\/p>","protected":false},"excerpt":{"rendered":"<p>Enrichi en eau et en poudre de riz, ce nettoyant pour le visage d\u00e9barrasse efficacement la peau de la salet\u00e9 et des impuret\u00e9s sans la d\u00e9shydrater. Les extraits d'hamam\u00e9lis et d'hysope contenus dans le m\u00e9lange ont des effets \u00e9claircissants et apaisants. Le nettoyant est fabriqu\u00e9 selon un processus de p\u00e9trissage traditionnel pour obtenir une texture semblable \u00e0 celle du mochi qui permet de d\u00e9boucher les pores et de purifier la peau.<\/p>","protected":false},"featured_media":5493,"comment_status":"open","ping_status":"closed","template":"","meta":{"om_disable_all_campaigns":false},"product_brand":[],"product_cat":[35,63],"product_tag":[],"class_list":{"0":"post-5492","1":"product","2":"type-product","3":"status-publish","4":"has-post-thumbnail","6":"product_cat-face-cleansers","7":"product_cat-makeup-removers","9":"first","10":"instock","11":"shipping-taxable","12":"purchasable","13":"product-type-simple"},"aioseo_notices":[],"jetpack_sharing_enabled":true,"_links":{"self":[{"href":"https:\/\/k-beautyci.com\/fr\/wp-json\/wp\/v2\/product\/5492","targetHints":{"allow":["GET"]}}],"collection":[{"href":"https:\/\/k-beautyci.com\/fr\/wp-json\/wp\/v2\/product"}],"about":[{"href":"https:\/\/k-beautyci.com\/fr\/wp-json\/wp\/v2\/types\/product"}],"replies":[{"embeddable":true,"href":"https:\/\/k-beautyci.com\/fr\/wp-json\/wp\/v2\/comments?post=5492"}],"wp:featuredmedia":[{"embeddable":true,"href":"https:\/\/k-beautyci.com\/fr\/wp-json\/wp\/v2\/media\/5493"}],"wp:attachment":[{"href":"https:\/\/k-beautyci.com\/fr\/wp-json\/wp\/v2\/media?parent=5492"}],"wp:term":[{"taxonomy":"product_brand","embeddable":true,"href":"https:\/\/k-beautyci.com\/fr\/wp-json\/wp\/v2\/product_brand?post=5492"},{"taxonomy":"product_cat","embeddable":true,"href":"https:\/\/k-beautyci.com\/fr\/wp-json\/wp\/v2\/product_cat?post=5492"},{"taxonomy":"product_tag","embeddable":true,"href":"https:\/\/k-beautyci.com\/fr\/wp-json\/wp\/v2\/product_tag?post=5492"}],"curies":[{"name":"wp","href":"https:\/\/api.w.org\/{rel}","templated":true}]}}