{"id":5481,"date":"2024-10-07T02:27:09","date_gmt":"2024-10-07T02:27:09","guid":{"rendered":"https:\/\/k-beautyci.com\/?post_type=product&#038;p=5481"},"modified":"2026-04-19T18:36:31","modified_gmt":"2026-04-19T18:36:31","slug":"dr-althea-345-relief-cream","status":"publish","type":"product","link":"https:\/\/k-beautyci.com\/fr\/produit\/dr-althea-345-relief-cream\/","title":{"rendered":"Dr. Althea 345 Relief Cream"},"content":{"rendered":"<p><strong>Comment l'utiliser ?\u00a0<\/strong><\/p>\n<ol>\n<li>Lavez votre visage avec un nettoyant doux adapt\u00e9 \u00e0 votre type de peau.<\/li>\n<li>Appliquez d'abord les produits de soin moins visqueux, comme la lotion tonique.<\/li>\n<li>Appliquez une quantit\u00e9 suffisante de la cr\u00e8me 345 Barrier Cream lors de la derni\u00e8re ou de la demi-finale de votre routine de soins de la peau.<\/li>\n<\/ol>\n<div class=\"description-item active\">\n<div class=\"body\">\n<p>Avertissement : Pour usage externe uniquement. Toujours effectuer un test \u00e9picutan\u00e9. Cessez d'utiliser le produit si vous ressentez une quelconque g\u00eane. Suivre les instructions suppl\u00e9mentaires figurant sur l'emballage. Les r\u00e9sultats individuels peuvent varier.<\/p>\n<\/div>\n<\/div>\n<div class=\"description-item\">\n<h2 class=\"title\"><\/h2>\n<\/div>","protected":false},"excerpt":{"rendered":"<p>345 Relief Cream est un gel-cr\u00e8me r\u00e9g\u00e9n\u00e9rant riche en nutriments qui combine habilement des ingr\u00e9dients pour traiter les imperfections, nourrir la peau et fournir un soin apaisant, ce qui donne une solution de soin bien \u00e9quilibr\u00e9e. Cette cr\u00e8me post-acn\u00e9ique l\u00e9g\u00e8re traite efficacement les s\u00e9quelles de l'acn\u00e9 sans alourdir la peau. Sa structure multicouche offre un soin complet et durable en r\u00e9pondant aux diff\u00e9rents besoins de la peau et en assurant une hydratation et une nutrition continues.<\/p>\n<p>Cette cr\u00e8me contient un m\u00e9lange puissant de niacinamide, de panth\u00e9nol et d'extrait de tige d'Opuntia Ficus-Indica, chacun pr\u00e9sent en concentrations significatives (10 000 ppm), apportant de nombreux bienfaits \u00e0 la peau. La niacinamide, ou vitamine B3, renforce la barri\u00e8re d'hydratation de la peau, r\u00e9gule la production de s\u00e9bum, estompe les taches brunes et favorise un teint uniforme. Le panth\u00e9nol assure une hydratation efficace, aide \u00e0 gu\u00e9rir les irritations mineures et apaise les rougeurs.<\/p>","protected":false},"featured_media":5486,"comment_status":"open","ping_status":"closed","template":"","meta":{"om_disable_all_campaigns":false},"product_brand":[],"product_cat":[60,52,207,42,26,74,66,41,36],"product_tag":[],"class_list":{"0":"post-5481","1":"product","2":"type-product","3":"status-publish","4":"has-post-thumbnail","6":"product_cat-acne","7":"product_cat-dark-spots","8":"product_cat-dr-althea","9":"product_cat-dry-skin","10":"product_cat-face-moisturizer","11":"product_cat-niacinamide","12":"product_cat-normal-combination-skin","13":"product_cat-oily-skin","14":"product_cat-sensitive-skin","16":"first","17":"instock","18":"sale","19":"shipping-taxable","20":"purchasable","21":"product-type-simple"},"aioseo_notices":[],"jetpack_sharing_enabled":true,"_links":{"self":[{"href":"https:\/\/k-beautyci.com\/fr\/wp-json\/wp\/v2\/product\/5481","targetHints":{"allow":["GET"]}}],"collection":[{"href":"https:\/\/k-beautyci.com\/fr\/wp-json\/wp\/v2\/product"}],"about":[{"href":"https:\/\/k-beautyci.com\/fr\/wp-json\/wp\/v2\/types\/product"}],"replies":[{"embeddable":true,"href":"https:\/\/k-beautyci.com\/fr\/wp-json\/wp\/v2\/comments?post=5481"}],"wp:featuredmedia":[{"embeddable":true,"href":"https:\/\/k-beautyci.com\/fr\/wp-json\/wp\/v2\/media\/5486"}],"wp:attachment":[{"href":"https:\/\/k-beautyci.com\/fr\/wp-json\/wp\/v2\/media?parent=5481"}],"wp:term":[{"taxonomy":"product_brand","embeddable":true,"href":"https:\/\/k-beautyci.com\/fr\/wp-json\/wp\/v2\/product_brand?post=5481"},{"taxonomy":"product_cat","embeddable":true,"href":"https:\/\/k-beautyci.com\/fr\/wp-json\/wp\/v2\/product_cat?post=5481"},{"taxonomy":"product_tag","embeddable":true,"href":"https:\/\/k-beautyci.com\/fr\/wp-json\/wp\/v2\/product_tag?post=5481"}],"curies":[{"name":"wp","href":"https:\/\/api.w.org\/{rel}","templated":true}]}}