{"id":5465,"date":"2024-10-07T02:27:21","date_gmt":"2024-10-07T02:27:21","guid":{"rendered":"https:\/\/k-beautyci.com\/?post_type=product&#038;p=5465"},"modified":"2026-01-03T05:18:47","modified_gmt":"2026-01-03T05:18:47","slug":"touch-kp-lotion-with-12-glycolic-acid-2-salicylic-acid-118ml","status":"publish","type":"product","link":"https:\/\/k-beautyci.com\/fr\/produit\/touch-kp-lotion-with-12-glycolic-acid-2-salicylic-acid-118ml\/","title":{"rendered":"Touch KP lotion with 12% Glycolic Acid &amp; 2% Salicylic Acid"},"content":{"rendered":"<p>Comment l'utiliser :<\/p>\n<p>Apr\u00e8s avoir nettoy\u00e9 votre peau, appliquez une fine couche de lotion exfoliante hydratante pour le corps sur les zones concern\u00e9es. Commencez par l'utiliser une fois par jour, puis augmentez progressivement la fr\u00e9quence d'utilisation en fonction de la tol\u00e9rance de votre peau. Faites p\u00e9n\u00e9trer la lotion en massant jusqu'\u00e0 ce qu'elle soit enti\u00e8rement absorb\u00e9e.<\/p>\n<p>&nbsp;<\/p>\n<p>Toujours effectuer un test \u00e9picutan\u00e9. Utiliser uniquement selon les instructions. Ne pas utiliser sur une peau ab\u00eem\u00e9e. Si l'irritation ou l'inconfort persistent, cesser l'utilisation et consulter un m\u00e9decin. Suivre les instructions suppl\u00e9mentaires figurant sur l'emballage. Avant de s'exposer au soleil, il est recommand\u00e9 aux utilisateurs de couvrir les zones o\u00f9 les AHA ont \u00e9t\u00e9 appliqu\u00e9s avec un \u00e9cran solaire. Le contact du produit avec la peau doit \u00eatre limit\u00e9 en fr\u00e9quence et en dur\u00e9e. Les r\u00e9sultats individuels peuvent varier.<\/p>","protected":false},"excerpt":{"rendered":"<p dir=\"ltr\">D\u00e9couvrez le traitement ultime et la meilleure lotion pour la k\u00e9ratose pilaire avec cette lotion exfoliante hydratante pour le corps. Con\u00e7ue avec pr\u00e9cision, cette formule puissante contient 12 % d'acide glycolique et 2 % d'acide salicylique, qui agissent activement pour combattre les d\u00e9fis de la k\u00e9ratose pilaire. En exploitant les prouesses exfoliantes des acides glycolique et salicylique, cette cr\u00e8me contre la k\u00e9ratose pilaire p\u00e9n\u00e8tre en profondeur, d\u00e9sobstrue les pores et lisse la texture rugueuse et bossel\u00e9e de la peau.<\/p>\n<p dir=\"ltr\">D\u00e9couvrez les effets transformateurs de cette lotion qui favorise le renouvellement cellulaire, d\u00e9voilant une peau plus douce et d'apparence plus saine.<\/p>","protected":false},"featured_media":5466,"comment_status":"open","ping_status":"closed","template":"","meta":{"om_disable_all_campaigns":false},"product_brand":[],"product_cat":[78,138,212],"product_tag":[],"class_list":{"0":"post-5465","1":"product","2":"type-product","3":"status-publish","4":"has-post-thumbnail","6":"product_cat-aha-bha","7":"product_cat-body-moisturizers","8":"product_cat-touch","10":"first","11":"outofstock","12":"shipping-taxable","13":"purchasable","14":"product-type-variable"},"aioseo_notices":[],"jetpack_sharing_enabled":true,"_links":{"self":[{"href":"https:\/\/k-beautyci.com\/fr\/wp-json\/wp\/v2\/product\/5465","targetHints":{"allow":["GET"]}}],"collection":[{"href":"https:\/\/k-beautyci.com\/fr\/wp-json\/wp\/v2\/product"}],"about":[{"href":"https:\/\/k-beautyci.com\/fr\/wp-json\/wp\/v2\/types\/product"}],"replies":[{"embeddable":true,"href":"https:\/\/k-beautyci.com\/fr\/wp-json\/wp\/v2\/comments?post=5465"}],"wp:featuredmedia":[{"embeddable":true,"href":"https:\/\/k-beautyci.com\/fr\/wp-json\/wp\/v2\/media\/5466"}],"wp:attachment":[{"href":"https:\/\/k-beautyci.com\/fr\/wp-json\/wp\/v2\/media?parent=5465"}],"wp:term":[{"taxonomy":"product_brand","embeddable":true,"href":"https:\/\/k-beautyci.com\/fr\/wp-json\/wp\/v2\/product_brand?post=5465"},{"taxonomy":"product_cat","embeddable":true,"href":"https:\/\/k-beautyci.com\/fr\/wp-json\/wp\/v2\/product_cat?post=5465"},{"taxonomy":"product_tag","embeddable":true,"href":"https:\/\/k-beautyci.com\/fr\/wp-json\/wp\/v2\/product_tag?post=5465"}],"curies":[{"name":"wp","href":"https:\/\/api.w.org\/{rel}","templated":true}]}}