{"id":5457,"date":"2024-10-07T02:27:42","date_gmt":"2024-10-07T02:27:42","guid":{"rendered":"https:\/\/k-beautyci.com\/?post_type=product&#038;p=5457"},"modified":"2026-03-29T11:36:29","modified_gmt":"2026-03-29T11:36:29","slug":"touch-20-glycolic-acid-pads-skincare-on-the-go","status":"publish","type":"product","link":"https:\/\/k-beautyci.com\/fr\/produit\/touch-20-glycolic-acid-pads-skincare-on-the-go\/","title":{"rendered":"Touch 20% GLYCOLIC ACID PADS: Skincare-On-the-Go"},"content":{"rendered":"<p>Comment l'utiliser :<\/p>\n<p>Passer d\u00e9licatement le tampon sur une peau parfaitement nettoy\u00e9e.<br \/>\nCommencer par une utilisation tous les deux soirs et augmenter progressivement l'utilisation en fonction de la tol\u00e9rance personnelle.<br \/>\nPour une exfoliation plus douce, pensez \u00e0 rincer votre peau apr\u00e8s quelques minutes.<\/p>\n<p>&nbsp;<\/p>\n<p>Toujours effectuer un test \u00e9picutan\u00e9. Utiliser uniquement selon les instructions. Ne pas utiliser sur une peau ab\u00eem\u00e9e. Si l'irritation ou l'inconfort persistent, cesser l'utilisation et consulter un m\u00e9decin. Suivre les instructions suppl\u00e9mentaires figurant sur l'emballage. Avant de s'exposer au soleil, il est recommand\u00e9 aux utilisateurs de couvrir les zones o\u00f9 les AHA ont \u00e9t\u00e9 appliqu\u00e9s avec un \u00e9cran solaire. Le contact du produit avec la peau doit \u00eatre limit\u00e9 en fr\u00e9quence et en dur\u00e9e. Les r\u00e9sultats individuels peuvent varier.<\/p>","protected":false},"excerpt":{"rendered":"<p>Les tampons d'acide glycolique \u00e0 20 % offrent une exp\u00e9rience d'exfoliation unique, vous permettant d'explorer tout le potentiel de cette formule distinctive dans le confort de votre propre maison. Plongez dans les effets transformateurs de ces tampons, enrichis d'extraits botaniques, qui infusent votre peau d'une bouff\u00e9e d'hydratation, garantissant une approche multi-facettes du soin de la peau qui va au-del\u00e0 de l'exfoliation, vous laissant avec un teint radieux et r\u00e9g\u00e9n\u00e9r\u00e9.<\/p>","protected":false},"featured_media":5462,"comment_status":"open","ping_status":"closed","template":"","meta":{"om_disable_all_campaigns":false},"product_brand":[],"product_cat":[78,61,39,212],"product_tag":[],"class_list":{"0":"post-5457","1":"product","2":"type-product","3":"status-publish","4":"has-post-thumbnail","6":"product_cat-aha-bha","7":"product_cat-face-exfoliator-peels-scrubs","8":"product_cat-face-toners","9":"product_cat-touch","11":"first","12":"instock","13":"shipping-taxable","14":"purchasable","15":"product-type-simple"},"aioseo_notices":[],"jetpack_sharing_enabled":true,"_links":{"self":[{"href":"https:\/\/k-beautyci.com\/fr\/wp-json\/wp\/v2\/product\/5457","targetHints":{"allow":["GET"]}}],"collection":[{"href":"https:\/\/k-beautyci.com\/fr\/wp-json\/wp\/v2\/product"}],"about":[{"href":"https:\/\/k-beautyci.com\/fr\/wp-json\/wp\/v2\/types\/product"}],"replies":[{"embeddable":true,"href":"https:\/\/k-beautyci.com\/fr\/wp-json\/wp\/v2\/comments?post=5457"}],"wp:featuredmedia":[{"embeddable":true,"href":"https:\/\/k-beautyci.com\/fr\/wp-json\/wp\/v2\/media\/5462"}],"wp:attachment":[{"href":"https:\/\/k-beautyci.com\/fr\/wp-json\/wp\/v2\/media?parent=5457"}],"wp:term":[{"taxonomy":"product_brand","embeddable":true,"href":"https:\/\/k-beautyci.com\/fr\/wp-json\/wp\/v2\/product_brand?post=5457"},{"taxonomy":"product_cat","embeddable":true,"href":"https:\/\/k-beautyci.com\/fr\/wp-json\/wp\/v2\/product_cat?post=5457"},{"taxonomy":"product_tag","embeddable":true,"href":"https:\/\/k-beautyci.com\/fr\/wp-json\/wp\/v2\/product_tag?post=5457"}],"curies":[{"name":"wp","href":"https:\/\/api.w.org\/{rel}","templated":true}]}}