{"id":5451,"date":"2024-10-07T02:28:10","date_gmt":"2024-10-07T02:28:10","guid":{"rendered":"https:\/\/k-beautyci.com\/?post_type=product&#038;p=5451"},"modified":"2025-07-20T06:28:40","modified_gmt":"2025-07-20T06:28:40","slug":"touch-glycolic-acid-toner-with-7-glycolic-acid177-ml","status":"publish","type":"product","link":"https:\/\/k-beautyci.com\/fr\/produit\/touch-glycolic-acid-toner-with-7-glycolic-acid177-ml\/","title":{"rendered":"Touch Glycolic Acid Toner with 7% Glycolic Acid(177 ml.)"},"content":{"rendered":"<p>Comment l'utiliser :<\/p>\n<p>Apr\u00e8s le nettoyage, appliquer sur la peau \u00e0 l'aide d'une boule de coton ou d'un tampon. Ne pas utiliser plus d'une fois par jour. \u00c9viter le contact avec les yeux. En cas d'irritation persistante, cesser l'utilisation.<\/p>\n<p>&nbsp;<\/p>\n<div class=\"description-item active\">\n<div class=\"body\">\n<p>Toujours effectuer un test \u00e9picutan\u00e9. Utiliser uniquement selon les instructions. Ne pas utiliser sur une peau ab\u00eem\u00e9e. Si l'irritation ou l'inconfort persistent, cesser l'utilisation et consulter un m\u00e9decin. Suivre les instructions suppl\u00e9mentaires figurant sur l'emballage. Avant de s'exposer au soleil, il est recommand\u00e9 aux utilisateurs de couvrir les zones o\u00f9 les AHA ont \u00e9t\u00e9 appliqu\u00e9s avec un \u00e9cran solaire. Le contact du produit avec la peau doit \u00eatre limit\u00e9 en fr\u00e9quence et en dur\u00e9e. Les r\u00e9sultats individuels peuvent varier.<\/p>\n<\/div>\n<\/div>","protected":false},"excerpt":{"rendered":"<p>Un tonique exfoliant doux \u00e0 base d'acide glycolique \u00e0 7 % et d'eau de rose pour un teint clair et un contr\u00f4le du s\u00e9bum sans alcools agressifs. Heureusement, le Touch Glycolic Acid Toner est formul\u00e9 avec 7 % d'acide glycolique, de l'eau de rose, de l'hamam\u00e9lis et du gel d'aloe vera \u00e0 un pH id\u00e9al pour exfolier, apaiser et hydrater votre peau tout en contr\u00f4lant l'exc\u00e8s de s\u00e9bum.<\/p>","protected":false},"featured_media":5456,"comment_status":"open","ping_status":"closed","template":"","meta":{"om_disable_all_campaigns":false},"product_brand":[],"product_cat":[78,39,212],"product_tag":[],"class_list":{"0":"post-5451","1":"product","2":"type-product","3":"status-publish","4":"has-post-thumbnail","6":"product_cat-aha-bha","7":"product_cat-face-toners","8":"product_cat-touch","10":"first","11":"outofstock","12":"shipping-taxable","13":"purchasable","14":"product-type-simple"},"aioseo_notices":[],"jetpack_sharing_enabled":true,"_links":{"self":[{"href":"https:\/\/k-beautyci.com\/fr\/wp-json\/wp\/v2\/product\/5451","targetHints":{"allow":["GET"]}}],"collection":[{"href":"https:\/\/k-beautyci.com\/fr\/wp-json\/wp\/v2\/product"}],"about":[{"href":"https:\/\/k-beautyci.com\/fr\/wp-json\/wp\/v2\/types\/product"}],"replies":[{"embeddable":true,"href":"https:\/\/k-beautyci.com\/fr\/wp-json\/wp\/v2\/comments?post=5451"}],"wp:featuredmedia":[{"embeddable":true,"href":"https:\/\/k-beautyci.com\/fr\/wp-json\/wp\/v2\/media\/5456"}],"wp:attachment":[{"href":"https:\/\/k-beautyci.com\/fr\/wp-json\/wp\/v2\/media?parent=5451"}],"wp:term":[{"taxonomy":"product_brand","embeddable":true,"href":"https:\/\/k-beautyci.com\/fr\/wp-json\/wp\/v2\/product_brand?post=5451"},{"taxonomy":"product_cat","embeddable":true,"href":"https:\/\/k-beautyci.com\/fr\/wp-json\/wp\/v2\/product_cat?post=5451"},{"taxonomy":"product_tag","embeddable":true,"href":"https:\/\/k-beautyci.com\/fr\/wp-json\/wp\/v2\/product_tag?post=5451"}],"curies":[{"name":"wp","href":"https:\/\/api.w.org\/{rel}","templated":true}]}}