{"id":5444,"date":"2024-10-07T02:28:22","date_gmt":"2024-10-07T02:28:22","guid":{"rendered":"https:\/\/k-beautyci.com\/?post_type=product&#038;p=5444"},"modified":"2026-01-26T19:55:13","modified_gmt":"2026-01-26T19:55:13","slug":"touch-acne-treatment-gel-benzoyl-peroxide-2-5","status":"publish","type":"product","link":"https:\/\/k-beautyci.com\/fr\/produit\/touch-acne-treatment-gel-benzoyl-peroxide-2-5\/","title":{"rendered":"Touch Acne Treatment Gel &#8211; Benzoyl Peroxide 2.5%"},"content":{"rendered":"<p>Comment l'utiliser :<\/p>\n<p dir=\"ltr\">Nettoyer soigneusement la peau avant d'appliquer ce produit. Couvrir toute la zone affect\u00e9e d'une fine couche 1 \u00e0 3 fois par jour.En cas de s\u00e9cheresse ou de desquamation, r\u00e9duire l'application \u00e0 une fois par jour ou tous les deux jours.<\/p>\n<p dir=\"ltr\">Avertissement : Pour usage externe uniquement. Toujours effectuer un test \u00e9picutan\u00e9. Cessez d'utiliser le produit si vous ressentez une quelconque g\u00eane. Suivre les instructions suppl\u00e9mentaires figurant sur l'emballage. Les r\u00e9sultats individuels peuvent varier.<\/p>","protected":false},"excerpt":{"rendered":"<p>Un traitement efficace contre l'acn\u00e9 \u00e0 action rapide que vous pouvez utiliser quotidiennement ou en traitement ponctuel. Ce gel ultral\u00e9ger combat imm\u00e9diatement l'acn\u00e9 du visage et du corps, pr\u00e9vient les \u00e9ruptions futures et r\u00e9duit les rougeurs. Il agit contre tous les types d'acn\u00e9 et d'imperfections. Cette cr\u00e8me anti-acn\u00e9 permet de cibler l'acn\u00e9 \u00e0 sa source. Le peroxyde de benzoyle micronis\u00e9 assure une p\u00e9n\u00e9tration plus profonde et de meilleurs r\u00e9sultats. En outre, cette formule aide \u00e0 pr\u00e9venir l'apparition de nouvelles \u00e9ruptions tout en r\u00e9duisant les boutons existants, ce qui en fait un gel de traitement de l'acn\u00e9 id\u00e9al.<\/p>","protected":false},"featured_media":5449,"comment_status":"open","ping_status":"closed","template":"","meta":{"om_disable_all_campaigns":false},"product_brand":[],"product_cat":[60,213,33,212],"product_tag":[],"class_list":{"0":"post-5444","1":"product","2":"type-product","3":"status-publish","4":"has-post-thumbnail","6":"product_cat-acne","7":"product_cat-benzoyl-peroxide","8":"product_cat-face-treatments","9":"product_cat-touch","11":"first","12":"instock","13":"shipping-taxable","14":"purchasable","15":"product-type-simple"},"aioseo_notices":[],"jetpack_sharing_enabled":true,"_links":{"self":[{"href":"https:\/\/k-beautyci.com\/fr\/wp-json\/wp\/v2\/product\/5444","targetHints":{"allow":["GET"]}}],"collection":[{"href":"https:\/\/k-beautyci.com\/fr\/wp-json\/wp\/v2\/product"}],"about":[{"href":"https:\/\/k-beautyci.com\/fr\/wp-json\/wp\/v2\/types\/product"}],"replies":[{"embeddable":true,"href":"https:\/\/k-beautyci.com\/fr\/wp-json\/wp\/v2\/comments?post=5444"}],"wp:featuredmedia":[{"embeddable":true,"href":"https:\/\/k-beautyci.com\/fr\/wp-json\/wp\/v2\/media\/5449"}],"wp:attachment":[{"href":"https:\/\/k-beautyci.com\/fr\/wp-json\/wp\/v2\/media?parent=5444"}],"wp:term":[{"taxonomy":"product_brand","embeddable":true,"href":"https:\/\/k-beautyci.com\/fr\/wp-json\/wp\/v2\/product_brand?post=5444"},{"taxonomy":"product_cat","embeddable":true,"href":"https:\/\/k-beautyci.com\/fr\/wp-json\/wp\/v2\/product_cat?post=5444"},{"taxonomy":"product_tag","embeddable":true,"href":"https:\/\/k-beautyci.com\/fr\/wp-json\/wp\/v2\/product_tag?post=5444"}],"curies":[{"name":"wp","href":"https:\/\/api.w.org\/{rel}","templated":true}]}}