{"id":5440,"date":"2024-10-07T14:35:03","date_gmt":"2024-10-07T14:35:03","guid":{"rendered":"https:\/\/k-beautyci.com\/?post_type=product&#038;p=5440"},"modified":"2024-12-21T07:06:46","modified_gmt":"2024-12-21T07:06:46","slug":"vt-cosmetics-mild-reedle-shot-50","status":"publish","type":"product","link":"https:\/\/k-beautyci.com\/fr\/produit\/vt-cosmetics-mild-reedle-shot-50\/","title":{"rendered":"VT COSMETICS Mild Reedle Shot 50"},"content":{"rendered":"<p><b>Comment l'utiliser :<\/b><\/p>\n<p>Apr\u00e8s avoir lav\u00e9 votre visage, \u00e9talez une quantit\u00e9 suffisante de produit et massez jusqu'\u00e0 ce qu'il soit absorb\u00e9.<\/p>\n<p>Nous conseillons d'augmenter progressivement l'utilisation au fur et \u00e0 mesure que votre peau devient plus tol\u00e9rante. Ne pas utiliser simultan\u00e9ment avec Reedle Shot 300 et 700.<\/p>\n<p>Lors de l'utilisation de l'essence Reedle Shot, vous pouvez ressentir un l\u00e9ger picotement, ce qui est tout \u00e0 fait normal et indique une am\u00e9lioration de la peau. Rassurez-vous, elle contient du \"cica reedle\" pour des bienfaits apaisants. Pour minimiser les picotements, essayez d'appliquer un tonique apr\u00e8s le nettoyage, puis tapotez doucement sur l'essence.<\/p>\n<p>Avertissement : Pour usage externe uniquement. Toujours effectuer un test \u00e9picutan\u00e9. Cessez d'utiliser le produit si vous ressentez une quelconque g\u00eane. Suivre les instructions suppl\u00e9mentaires figurant sur l'emballage. Les r\u00e9sultats individuels peuvent varier.<\/p>","protected":false},"excerpt":{"rendered":"<p>Cette ampoule douce est formul\u00e9e avec l'ingr\u00e9dient brevet\u00e9 Cicahyalon\u2122 (contenant de l'extrait de centella asiatica, du triple acide hyaluronique, du complexe Centella 4X et de l'extrait de propolis verte), qui apaise et hydrate efficacement la peau. Le niacinamide et l'ad\u00e9nosine dans le m\u00e9lange donnent \u00e0 la peau un coup de pouce d'\u00e9claircissement et d'\u00e9lasticit\u00e9 pour un fini lisse et rebondi. Gr\u00e2ce \u00e0 la technologie Cica Reedle\u2122 \u00e0 micro-aiguilles de VT, les ingr\u00e9dients actifs de l'ampoule p\u00e9n\u00e8trent profond\u00e9ment dans la peau pour des r\u00e9sultats optimaux.<\/p>","protected":false},"featured_media":5439,"comment_status":"open","ping_status":"closed","template":"","meta":{"om_disable_all_campaigns":false},"product_brand":[],"product_cat":[32,31,211],"product_tag":[],"class_list":{"0":"post-5440","1":"product","2":"type-product","3":"status-publish","4":"has-post-thumbnail","6":"product_cat-essence","7":"product_cat-face-serums","8":"product_cat-vt-cosmetics","10":"first","11":"outofstock","12":"shipping-taxable","13":"purchasable","14":"product-type-simple"},"aioseo_notices":[],"jetpack_sharing_enabled":true,"_links":{"self":[{"href":"https:\/\/k-beautyci.com\/fr\/wp-json\/wp\/v2\/product\/5440","targetHints":{"allow":["GET"]}}],"collection":[{"href":"https:\/\/k-beautyci.com\/fr\/wp-json\/wp\/v2\/product"}],"about":[{"href":"https:\/\/k-beautyci.com\/fr\/wp-json\/wp\/v2\/types\/product"}],"replies":[{"embeddable":true,"href":"https:\/\/k-beautyci.com\/fr\/wp-json\/wp\/v2\/comments?post=5440"}],"wp:featuredmedia":[{"embeddable":true,"href":"https:\/\/k-beautyci.com\/fr\/wp-json\/wp\/v2\/media\/5439"}],"wp:attachment":[{"href":"https:\/\/k-beautyci.com\/fr\/wp-json\/wp\/v2\/media?parent=5440"}],"wp:term":[{"taxonomy":"product_brand","embeddable":true,"href":"https:\/\/k-beautyci.com\/fr\/wp-json\/wp\/v2\/product_brand?post=5440"},{"taxonomy":"product_cat","embeddable":true,"href":"https:\/\/k-beautyci.com\/fr\/wp-json\/wp\/v2\/product_cat?post=5440"},{"taxonomy":"product_tag","embeddable":true,"href":"https:\/\/k-beautyci.com\/fr\/wp-json\/wp\/v2\/product_tag?post=5440"}],"curies":[{"name":"wp","href":"https:\/\/api.w.org\/{rel}","templated":true}]}}