{"id":5431,"date":"2024-10-07T14:35:19","date_gmt":"2024-10-07T14:35:19","guid":{"rendered":"https:\/\/k-beautyci.com\/?post_type=product&#038;p=5431"},"modified":"2026-03-14T09:18:07","modified_gmt":"2026-03-14T09:18:07","slug":"vt-reedle-shot-100-essence","status":"publish","type":"product","link":"https:\/\/k-beautyci.com\/fr\/produit\/vt-reedle-shot-100-essence\/","title":{"rendered":"VT Reedle Shot 100 Essence"},"content":{"rendered":"<p>Comment l'utiliser :<\/p>\n<div class=\"description-item active\">\n<div class=\"body\">\n<p>Pour votre routine de soin du soir, appliquez une quantit\u00e9 mod\u00e9r\u00e9e sur votre visage propre et sec. Massez doucement et faites p\u00e9n\u00e9trer le s\u00e9rum dans votre peau jusqu'\u00e0 ce qu'il soit enti\u00e8rement absorb\u00e9.<\/p>\n<p>Reedle Shot 100 convient \u00e0 une utilisation quotidienne le soir. Toutefois, nous conseillons d'augmenter progressivement l'utilisation au fur et \u00e0 mesure que votre peau acquiert une certaine tol\u00e9rance. Ne pas utiliser en m\u00eame temps que Reedle Shot 300 et 700.<\/p>\n<p><span class=\"a-list-item\">Lors de l'utilisation de l'essence Reedle Shot, vous pouvez ressentir un l\u00e9ger picotement, ce qui est tout \u00e0 fait normal et indique une am\u00e9lioration de la peau. Rassurez-vous, elle contient du \"cica reedle\" pour des bienfaits apaisants. Pour minimiser les picotements, essayez d'appliquer un tonique apr\u00e8s le nettoyage, puis tapotez doucement sur l'essence.<\/span><\/p>\n<p>Avertissement : Pour usage externe uniquement. Toujours effectuer un test \u00e9picutan\u00e9. Cessez d'utiliser le produit si vous ressentez une quelconque g\u00eane. Suivre les instructions suppl\u00e9mentaires figurant sur l'emballage. Les r\u00e9sultats individuels peuvent varier.<\/p>\n<\/div>\n<\/div>\n<div class=\"description-item\">\n<h2 class=\"title\"><\/h2>\n<\/div>","protected":false},"excerpt":{"rendered":"<p>Donnez un coup de pouce \u00e0 votre peau avec cette essence VT Reedle Shot 100 ! Formul\u00e9 avec des ingr\u00e9dients CICA apaisants, ce produit p\u00e9n\u00e8tre dans les pores pour permettre une absorption plus profonde des soins de la peau. Con\u00e7u pour apaiser les peaux ternes et am\u00e9liorer la texture de la peau, ce s\u00e9rum offre de grands avantages pour tous les types de peau !<\/p>","protected":false},"featured_media":5435,"comment_status":"open","ping_status":"closed","template":"","meta":{"om_disable_all_campaigns":false},"product_brand":[],"product_cat":[211],"product_tag":[],"class_list":{"0":"post-5431","1":"product","2":"type-product","3":"status-publish","4":"has-post-thumbnail","6":"product_cat-vt-cosmetics","8":"first","9":"instock","10":"shipping-taxable","11":"purchasable","12":"product-type-simple"},"aioseo_notices":[],"jetpack_sharing_enabled":true,"_links":{"self":[{"href":"https:\/\/k-beautyci.com\/fr\/wp-json\/wp\/v2\/product\/5431","targetHints":{"allow":["GET"]}}],"collection":[{"href":"https:\/\/k-beautyci.com\/fr\/wp-json\/wp\/v2\/product"}],"about":[{"href":"https:\/\/k-beautyci.com\/fr\/wp-json\/wp\/v2\/types\/product"}],"replies":[{"embeddable":true,"href":"https:\/\/k-beautyci.com\/fr\/wp-json\/wp\/v2\/comments?post=5431"}],"wp:featuredmedia":[{"embeddable":true,"href":"https:\/\/k-beautyci.com\/fr\/wp-json\/wp\/v2\/media\/5435"}],"wp:attachment":[{"href":"https:\/\/k-beautyci.com\/fr\/wp-json\/wp\/v2\/media?parent=5431"}],"wp:term":[{"taxonomy":"product_brand","embeddable":true,"href":"https:\/\/k-beautyci.com\/fr\/wp-json\/wp\/v2\/product_brand?post=5431"},{"taxonomy":"product_cat","embeddable":true,"href":"https:\/\/k-beautyci.com\/fr\/wp-json\/wp\/v2\/product_cat?post=5431"},{"taxonomy":"product_tag","embeddable":true,"href":"https:\/\/k-beautyci.com\/fr\/wp-json\/wp\/v2\/product_tag?post=5431"}],"curies":[{"name":"wp","href":"https:\/\/api.w.org\/{rel}","templated":true}]}}